{"id":918,"date":"2024-09-01T13:41:55","date_gmt":"2024-09-01T13:41:55","guid":{"rendered":"https:\/\/reactor.hr\/?page_id=918"},"modified":"2025-12-09T10:30:48","modified_gmt":"2025-12-09T10:30:48","slug":"zatrazi-ponudu-za-turu-s-bosankom-po-baranji","status":"publish","type":"page","link":"https:\/\/reactor.hr\/en\/zatrazi-ponudu-za-turu-s-bosankom-po-baranji\/","title":{"rendered":"Zatra\u017ei ponudu za turu S Bosankom po Baranji"},"content":{"rendered":"<div data-elementor-type=\"wp-page\" data-elementor-id=\"918\" class=\"elementor elementor-918\" data-elementor-post-type=\"page\">\n\t\t\t\t<div class=\"elementor-element elementor-element-895a012 e-flex e-con-boxed e-con e-parent\" data-id=\"895a012\" data-element_type=\"container\" data-settings=\"{&quot;background_background&quot;:&quot;classic&quot;}\">\n\t\t\t\t\t<div class=\"e-con-inner\">\n\t\t\t\t<div class=\"elementor-element elementor-element-7c0e530 elementor-widget elementor-widget-heading\" data-id=\"7c0e530\" data-element_type=\"widget\" data-widget_type=\"heading.default\">\n\t\t\t\t<div class=\"elementor-widget-container\">\n\t\t\t\t\t<h2 class=\"elementor-heading-title elementor-size-default\">ZATRA\u017dI PONUDU ZA TURU S BOSANKOM PO BARANJI<\/h2>\t\t\t\t<\/div>\n\t\t\t\t<\/div>\n\t\t\t\t\t<\/div>\n\t\t\t\t<\/div>\n\t\t<div class=\"elementor-element elementor-element-2d5d975 e-flex e-con-boxed e-con e-parent\" data-id=\"2d5d975\" data-element_type=\"container\">\n\t\t\t\t\t<div class=\"e-con-inner\">\n\t\t<div class=\"elementor-element elementor-element-d62d080 e-con-full e-flex e-con e-child\" data-id=\"d62d080\" data-element_type=\"container\">\n\t\t\t\t<div class=\"elementor-element elementor-element-ebb2462 elementor-widget elementor-widget-heading\" data-id=\"ebb2462\" data-element_type=\"widget\" data-widget_type=\"heading.default\">\n\t\t\t\t<div class=\"elementor-widget-container\">\n\t\t\t\t\t<h2 class=\"elementor-heading-title elementor-size-default\">UPOZNAJTE BARANJU KROZ O\u010cI BOSANKE <\/h2>\t\t\t\t<\/div>\n\t\t\t\t<\/div>\n\t\t\t\t<div class=\"elementor-element elementor-element-fb23058 elementor-widget elementor-widget-text-editor\" data-id=\"fb23058\" data-element_type=\"widget\" data-widget_type=\"text-editor.default\">\n\t\t\t\t<div class=\"elementor-widget-container\">\n\t\t\t\t\t\t\t\t\t<p>Ovaj program stvoren je za sve koji u\u017eivaju u fascinantnim pri\u010dama, prirodnim ljepotama, povijesnim detaljima i bogatoj ba\u0161tini. Kroz o\u010di Bosanke koja je za vas istra\u017eila i otkrila posebna mjesta, upoznat \u0107ete skrivene kutke Baranje i \u010duti pri\u010de koje tek trebaju biti ispri\u010dane.<\/p><p>Va\u0161a vodi\u010dka, iskusna glumica, pripovjeda\u010dica i licencirana interpretatorica ba\u0161tine, kao i turisti\u010dka vodi\u010dka, svojim \u0107e znanjem i energijom osigurati da se zabavite i u\u017eivate.<\/p><p>Tura nije unaprijed odre\u0111ena jer je \u017eelimo prilagoditi va\u0161im interesima i potrebama. To zna\u010di da neke od predlo\u017eenih destinacija mogu biti izostavljene ukoliko ste ih ve\u0107 posjetili.\u00a0<\/p>\t\t\t\t\t\t\t\t<\/div>\n\t\t\t\t<\/div>\n\t\t\t\t<\/div>\n\t\t<div class=\"elementor-element elementor-element-25f36c6 e-con-full e-flex e-con e-child\" data-id=\"25f36c6\" data-element_type=\"container\" data-settings=\"{&quot;background_background&quot;:&quot;classic&quot;}\">\n\t\t\t\t<div class=\"elementor-element elementor-element-f5a0f85 elementor-widget elementor-widget-shortcode\" data-id=\"f5a0f85\" data-element_type=\"widget\" data-widget_type=\"shortcode.default\">\n\t\t\t\t<div class=\"elementor-widget-container\">\n\t\t\t\t\t\t\t<div class=\"elementor-shortcode\">\n<div class=\"wpcf7 no-js\" id=\"wpcf7-f920-o1\" lang=\"en-US\" dir=\"ltr\" data-wpcf7-id=\"920\">\n<div class=\"screen-reader-response\"><p role=\"status\" aria-live=\"polite\" aria-atomic=\"true\"><\/p> <ul><\/ul><\/div>\n<form action=\"\/en\/wp-json\/wp\/v2\/pages\/918#wpcf7-f920-o1\" method=\"post\" class=\"wpcf7-form init\" aria-label=\"Contact form\" novalidate=\"novalidate\" data-status=\"init\" data-trp-original-action=\"\/en\/wp-json\/wp\/v2\/pages\/918#wpcf7-f920-o1\">\n<fieldset class=\"hidden-fields-container\"><input type=\"hidden\" name=\"_wpcf7\" value=\"920\" \/><input type=\"hidden\" name=\"_wpcf7_version\" value=\"6.1.4\" \/><input type=\"hidden\" name=\"_wpcf7_locale\" value=\"en_US\" \/><input type=\"hidden\" name=\"_wpcf7_unit_tag\" value=\"wpcf7-f920-o1\" \/><input type=\"hidden\" name=\"_wpcf7_container_post\" value=\"0\" \/><input type=\"hidden\" name=\"_wpcf7_posted_data_hash\" value=\"\" \/><input type=\"hidden\" name=\"_wpcf7cf_hidden_group_fields\" value=\"[]\" \/><input type=\"hidden\" name=\"_wpcf7cf_hidden_groups\" value=\"[]\" \/><input type=\"hidden\" name=\"_wpcf7cf_visible_groups\" value=\"[]\" \/><input type=\"hidden\" name=\"_wpcf7cf_repeaters\" value=\"[]\" \/><input type=\"hidden\" name=\"_wpcf7cf_steps\" value=\"{}\" \/><input type=\"hidden\" name=\"_wpcf7cf_options\" value=\"{&quot;form_id&quot;:920,&quot;conditions&quot;:[],&quot;settings&quot;:{&quot;animation&quot;:&quot;yes&quot;,&quot;animation_intime&quot;:200,&quot;animation_outtime&quot;:200,&quot;conditions_ui&quot;:&quot;normal&quot;,&quot;notice_dismissed&quot;:false}}\" \/>\n<\/fieldset>\n<div class=\"formRow\">\n\t<p><label><br \/>\n<span class=\"wpcf7-form-control-wrap\" data-name=\"your-name\"><input size=\"40\" maxlength=\"400\" class=\"wpcf7-form-control wpcf7-text wpcf7-validates-as-required\" aria-required=\"true\" aria-invalid=\"false\" placeholder=\"Ime i prezime\" value=\"\" type=\"text\" name=\"your-name\" \/><\/span> <\/label>\n\t<\/p>\n\t<p><label><br \/>\n<span class=\"wpcf7-form-control-wrap\" data-name=\"Broj-telefona\"><input size=\"40\" maxlength=\"400\" class=\"wpcf7-form-control wpcf7-tel wpcf7-validates-as-required wpcf7-text wpcf7-validates-as-tel\" aria-required=\"true\" aria-invalid=\"false\" placeholder=\"Broj telefona\" value=\"\" type=\"tel\" name=\"Broj-telefona\" \/><\/span> <\/label>\n\t<\/p>\n<\/div>\n<div class=\"formRow\">\n\t<p><label><br \/>\n<span class=\"wpcf7-form-control-wrap\" data-name=\"your-email\"><input size=\"40\" maxlength=\"400\" class=\"wpcf7-form-control wpcf7-email wpcf7-validates-as-required wpcf7-text wpcf7-validates-as-email\" autocomplete=\"email\" aria-required=\"true\" aria-invalid=\"false\" placeholder=\"E-mail address\" value=\"\" type=\"email\" name=\"your-email\" \/><\/span> <\/label>\n\t<\/p>\n\t<p><label><br \/>\n<span class=\"wpcf7-form-control-wrap\" data-name=\"Okvirni-termin\"><input class=\"wpcf7-form-control wpcf7-date wpcf7-validates-as-required wpcf7-validates-as-date\" aria-required=\"true\" aria-invalid=\"false\" placeholder=\"Okvirni termin\" value=\"\" type=\"date\" name=\"Okvirni-termin\" \/><\/span> <\/label>\n\t<\/p>\n<\/div>\n<div class=\"formRow\">\n\t<p><label><br \/>\n<span class=\"wpcf7-form-control-wrap\" data-name=\"Broj-sudionika\"><input size=\"40\" maxlength=\"400\" class=\"wpcf7-form-control wpcf7-text wpcf7-validates-as-required\" aria-required=\"true\" aria-invalid=\"false\" placeholder=\"Broj sudionika\" value=\"\" type=\"text\" name=\"Broj-sudionika\" \/><\/span> <\/label>\n\t<\/p>\n\t<p><label><br \/>\n<span class=\"wpcf7-form-control-wrap\" data-name=\"Vrsta-ture\"><select class=\"wpcf7-form-control wpcf7-select wpcf7-validates-as-required\" aria-required=\"true\" aria-invalid=\"false\" name=\"Vrsta-ture\"><option value=\"Odaberite turu\">Odaberite turu<\/option><option value=\"Poludnevna tura\">Poludnevna tura<\/option><option value=\"Cjelodnevna tura\">Cjelodnevna tura<\/option><\/select><\/span> <\/label>\n\t<\/p>\n<\/div>\n<div class=\"formRow\">\n\t<p><label><br \/>\n<span class=\"wpcf7-form-control-wrap\" data-name=\"Poruka\"><textarea cols=\"40\" rows=\"10\" maxlength=\"2000\" class=\"wpcf7-form-control wpcf7-textarea wpcf7-validates-as-required\" aria-required=\"true\" aria-invalid=\"false\" placeholder=\"Napi\u0161ite dodatne informacije\" name=\"Poruka\"><\/textarea><\/span> <\/label>\n\t<\/p>\n<\/div>\n<input class=\"wpcf7-form-control wpcf7-hidden\" value=\"Ponuda za turu S Bosankom po Baranji\" type=\"hidden\" name=\"your-subject\" \/>\n<p><input class=\"wpcf7-form-control wpcf7-submit has-spinner\" type=\"submit\" value=\"Zatra\u017ei ponudu\" \/>\n<\/p><div class=\"wpcf7-response-output\" aria-hidden=\"true\"><\/div>\n<input type=\"hidden\" name=\"trp-form-language\" value=\"en\"\/><\/form>\n<\/div>\n<\/div>\n\t\t\t\t\t\t<\/div>\n\t\t\t\t<\/div>\n\t\t\t\t<\/div>\n\t\t\t\t\t<\/div>\n\t\t\t\t<\/div>\n\t\t\t\t<\/div>","protected":false},"excerpt":{"rendered":"<p>ZATRA\u017dI PONUDU ZA TURU S BOSANKOM PO BARANJI UPOZNAJTE BARANJU KROZ O\u010cI BOSANKE Ovaj program stvoren je za sve koji u\u017eivaju u fascinantnim pri\u010dama, prirodnim ljepotama, povijesnim detaljima i bogatoj ba\u0161tini. Kroz o\u010di Bosanke koja je za vas istra\u017eila i otkrila posebna mjesta, upoznat \u0107ete skrivene kutke Baranje i \u010duti pri\u010de koje tek trebaju biti [&hellip;]<\/p>","protected":false},"author":1,"featured_media":0,"parent":0,"menu_order":0,"comment_status":"closed","ping_status":"closed","template":"elementor_header_footer","meta":{"footnotes":""},"class_list":["post-918","page","type-page","status-publish","hentry"],"yoast_head":"<!-- This site is optimized with the Yoast SEO plugin v26.5 - https:\/\/yoast.com\/wordpress\/plugins\/seo\/ -->\n<title>Zatra\u017ei ponudu za turu S Bosankom po Baranji - REACTOR<\/title>\n<meta name=\"robots\" content=\"index, follow, max-snippet:-1, max-image-preview:large, max-video-preview:-1\" \/>\n<link rel=\"canonical\" href=\"https:\/\/reactor.hr\/en\/zatrazi-ponudu-za-turu-s-bosankom-po-baranji\/\" \/>\n<meta property=\"og:locale\" content=\"en_US\" \/>\n<meta property=\"og:type\" content=\"article\" \/>\n<meta property=\"og:title\" content=\"Zatra\u017ei ponudu za turu S Bosankom po Baranji - REACTOR\" \/>\n<meta property=\"og:description\" content=\"ZATRA\u017dI PONUDU ZA TURU S BOSANKOM PO BARANJI UPOZNAJTE BARANJU KROZ O\u010cI BOSANKE Ovaj program stvoren je za sve koji u\u017eivaju u fascinantnim pri\u010dama, prirodnim ljepotama, povijesnim detaljima i bogatoj ba\u0161tini. Kroz o\u010di Bosanke koja je za vas istra\u017eila i otkrila posebna mjesta, upoznat \u0107ete skrivene kutke Baranje i \u010duti pri\u010de koje tek trebaju biti [&hellip;]\" \/>\n<meta property=\"og:url\" content=\"https:\/\/reactor.hr\/en\/zatrazi-ponudu-za-turu-s-bosankom-po-baranji\/\" \/>\n<meta property=\"og:site_name\" content=\"REACTOR\" \/>\n<meta property=\"article:publisher\" content=\"https:\/\/web.facebook.com\/artinaobrt\" \/>\n<meta property=\"article:modified_time\" content=\"2025-12-09T10:30:48+00:00\" \/>\n<meta name=\"twitter:card\" content=\"summary_large_image\" \/>\n<meta name=\"twitter:label1\" content=\"Est. reading time\" \/>\n\t<meta name=\"twitter:data1\" content=\"1 minute\" \/>\n<script type=\"application\/ld+json\" class=\"yoast-schema-graph\">{\"@context\":\"https:\/\/schema.org\",\"@graph\":[{\"@type\":\"WebPage\",\"@id\":\"https:\/\/reactor.hr\/zatrazi-ponudu-za-turu-s-bosankom-po-baranji\/\",\"url\":\"https:\/\/reactor.hr\/zatrazi-ponudu-za-turu-s-bosankom-po-baranji\/\",\"name\":\"Zatra\u017ei ponudu za turu S Bosankom po Baranji - REACTOR\",\"isPartOf\":{\"@id\":\"https:\/\/reactor.hr\/#website\"},\"datePublished\":\"2024-09-01T13:41:55+00:00\",\"dateModified\":\"2025-12-09T10:30:48+00:00\",\"breadcrumb\":{\"@id\":\"https:\/\/reactor.hr\/zatrazi-ponudu-za-turu-s-bosankom-po-baranji\/#breadcrumb\"},\"inLanguage\":\"en-US\",\"potentialAction\":[{\"@type\":\"ReadAction\",\"target\":[\"https:\/\/reactor.hr\/zatrazi-ponudu-za-turu-s-bosankom-po-baranji\/\"]}]},{\"@type\":\"BreadcrumbList\",\"@id\":\"https:\/\/reactor.hr\/zatrazi-ponudu-za-turu-s-bosankom-po-baranji\/#breadcrumb\",\"itemListElement\":[{\"@type\":\"ListItem\",\"position\":1,\"name\":\"Home\",\"item\":\"https:\/\/reactor.hr\/\"},{\"@type\":\"ListItem\",\"position\":2,\"name\":\"Zatra\u017ei ponudu za turu S Bosankom po Baranji\"}]},{\"@type\":\"WebSite\",\"@id\":\"https:\/\/reactor.hr\/#website\",\"url\":\"https:\/\/reactor.hr\/\",\"name\":\"REACTOR\",\"description\":\"Osna\u017eivanje i \u0161irenje kulture i turizma, osmi\u0161ljanje kulturno \u2013 turisti\u010dke ponude kroz storytelling\",\"publisher\":{\"@id\":\"https:\/\/reactor.hr\/#organization\"},\"potentialAction\":[{\"@type\":\"SearchAction\",\"target\":{\"@type\":\"EntryPoint\",\"urlTemplate\":\"https:\/\/reactor.hr\/?s={search_term_string}\"},\"query-input\":{\"@type\":\"PropertyValueSpecification\",\"valueRequired\":true,\"valueName\":\"search_term_string\"}}],\"inLanguage\":\"en-US\"},{\"@type\":\"Organization\",\"@id\":\"https:\/\/reactor.hr\/#organization\",\"name\":\"REACTOR\",\"url\":\"https:\/\/reactor.hr\/\",\"logo\":{\"@type\":\"ImageObject\",\"inLanguage\":\"en-US\",\"@id\":\"https:\/\/reactor.hr\/#\/schema\/logo\/image\/\",\"url\":\"https:\/\/reactor.hr\/wp-content\/uploads\/2024\/06\/Logo1.png\",\"contentUrl\":\"https:\/\/reactor.hr\/wp-content\/uploads\/2024\/06\/Logo1.png\",\"width\":2983,\"height\":1259,\"caption\":\"REACTOR\"},\"image\":{\"@id\":\"https:\/\/reactor.hr\/#\/schema\/logo\/image\/\"},\"sameAs\":[\"https:\/\/web.facebook.com\/artinaobrt\",\"https:\/\/www.instagram.com\/reactor_obrt\/\"]}]}<\/script>\n<!-- \/ Yoast SEO plugin. -->","yoast_head_json":{"title":"Zatra\u017ei ponudu za turu S Bosankom po Baranji - REACTOR","robots":{"index":"index","follow":"follow","max-snippet":"max-snippet:-1","max-image-preview":"max-image-preview:large","max-video-preview":"max-video-preview:-1"},"canonical":"https:\/\/reactor.hr\/en\/zatrazi-ponudu-za-turu-s-bosankom-po-baranji\/","og_locale":"en_US","og_type":"article","og_title":"Zatra\u017ei ponudu za turu S Bosankom po Baranji - REACTOR","og_description":"ZATRA\u017dI PONUDU ZA TURU S BOSANKOM PO BARANJI UPOZNAJTE BARANJU KROZ O\u010cI BOSANKE Ovaj program stvoren je za sve koji u\u017eivaju u fascinantnim pri\u010dama, prirodnim ljepotama, povijesnim detaljima i bogatoj ba\u0161tini. Kroz o\u010di Bosanke koja je za vas istra\u017eila i otkrila posebna mjesta, upoznat \u0107ete skrivene kutke Baranje i \u010duti pri\u010de koje tek trebaju biti [&hellip;]","og_url":"https:\/\/reactor.hr\/en\/zatrazi-ponudu-za-turu-s-bosankom-po-baranji\/","og_site_name":"REACTOR","article_publisher":"https:\/\/web.facebook.com\/artinaobrt","article_modified_time":"2025-12-09T10:30:48+00:00","twitter_card":"summary_large_image","twitter_misc":{"Est. reading time":"1 minute"},"schema":{"@context":"https:\/\/schema.org","@graph":[{"@type":"WebPage","@id":"https:\/\/reactor.hr\/zatrazi-ponudu-za-turu-s-bosankom-po-baranji\/","url":"https:\/\/reactor.hr\/zatrazi-ponudu-za-turu-s-bosankom-po-baranji\/","name":"Zatra\u017ei ponudu za turu S Bosankom po Baranji - REACTOR","isPartOf":{"@id":"https:\/\/reactor.hr\/#website"},"datePublished":"2024-09-01T13:41:55+00:00","dateModified":"2025-12-09T10:30:48+00:00","breadcrumb":{"@id":"https:\/\/reactor.hr\/zatrazi-ponudu-za-turu-s-bosankom-po-baranji\/#breadcrumb"},"inLanguage":"en-US","potentialAction":[{"@type":"ReadAction","target":["https:\/\/reactor.hr\/zatrazi-ponudu-za-turu-s-bosankom-po-baranji\/"]}]},{"@type":"BreadcrumbList","@id":"https:\/\/reactor.hr\/zatrazi-ponudu-za-turu-s-bosankom-po-baranji\/#breadcrumb","itemListElement":[{"@type":"ListItem","position":1,"name":"Home","item":"https:\/\/reactor.hr\/"},{"@type":"ListItem","position":2,"name":"Zatra\u017ei ponudu za turu S Bosankom po Baranji"}]},{"@type":"WebSite","@id":"https:\/\/reactor.hr\/#website","url":"https:\/\/reactor.hr\/","name":"REACTOR","description":"Osna\u017eivanje i \u0161irenje kulture i turizma, osmi\u0161ljanje kulturno \u2013 turisti\u010dke ponude kroz storytelling","publisher":{"@id":"https:\/\/reactor.hr\/#organization"},"potentialAction":[{"@type":"SearchAction","target":{"@type":"EntryPoint","urlTemplate":"https:\/\/reactor.hr\/?s={search_term_string}"},"query-input":{"@type":"PropertyValueSpecification","valueRequired":true,"valueName":"search_term_string"}}],"inLanguage":"en-US"},{"@type":"Organization","@id":"https:\/\/reactor.hr\/#organization","name":"REACTOR","url":"https:\/\/reactor.hr\/","logo":{"@type":"ImageObject","inLanguage":"en-US","@id":"https:\/\/reactor.hr\/#\/schema\/logo\/image\/","url":"https:\/\/reactor.hr\/wp-content\/uploads\/2024\/06\/Logo1.png","contentUrl":"https:\/\/reactor.hr\/wp-content\/uploads\/2024\/06\/Logo1.png","width":2983,"height":1259,"caption":"REACTOR"},"image":{"@id":"https:\/\/reactor.hr\/#\/schema\/logo\/image\/"},"sameAs":["https:\/\/web.facebook.com\/artinaobrt","https:\/\/www.instagram.com\/reactor_obrt\/"]}]}},"_links":{"self":[{"href":"https:\/\/reactor.hr\/en\/wp-json\/wp\/v2\/pages\/918","targetHints":{"allow":["GET"]}}],"collection":[{"href":"https:\/\/reactor.hr\/en\/wp-json\/wp\/v2\/pages"}],"about":[{"href":"https:\/\/reactor.hr\/en\/wp-json\/wp\/v2\/types\/page"}],"author":[{"embeddable":true,"href":"https:\/\/reactor.hr\/en\/wp-json\/wp\/v2\/users\/1"}],"replies":[{"embeddable":true,"href":"https:\/\/reactor.hr\/en\/wp-json\/wp\/v2\/comments?post=918"}],"version-history":[{"count":22,"href":"https:\/\/reactor.hr\/en\/wp-json\/wp\/v2\/pages\/918\/revisions"}],"predecessor-version":[{"id":2128,"href":"https:\/\/reactor.hr\/en\/wp-json\/wp\/v2\/pages\/918\/revisions\/2128"}],"wp:attachment":[{"href":"https:\/\/reactor.hr\/en\/wp-json\/wp\/v2\/media?parent=918"}],"curies":[{"name":"wp","href":"https:\/\/api.w.org\/{rel}","templated":true}]}}