{"id":809,"date":"2024-08-20T09:52:27","date_gmt":"2024-08-20T09:52:27","guid":{"rendered":"https:\/\/reactor.hr\/?page_id=809"},"modified":"2025-12-09T10:31:55","modified_gmt":"2025-12-09T10:31:55","slug":"s-bosankom-po-baranji","status":"publish","type":"page","link":"https:\/\/reactor.hr\/en\/s-bosankom-po-baranji\/","title":{"rendered":"S Bosankom po Baranji"},"content":{"rendered":"<div data-elementor-type=\"wp-page\" data-elementor-id=\"809\" class=\"elementor elementor-809\" data-elementor-post-type=\"page\">\n\t\t\t\t<div class=\"elementor-element elementor-element-231c903 e-flex e-con-boxed e-con e-parent\" data-id=\"231c903\" data-element_type=\"container\" data-settings=\"{&quot;background_background&quot;:&quot;classic&quot;}\">\n\t\t\t\t\t<div class=\"e-con-inner\">\n\t\t\t\t<div class=\"elementor-element elementor-element-9e312fa elementor-widget elementor-widget-heading\" data-id=\"9e312fa\" data-element_type=\"widget\" data-widget_type=\"heading.default\">\n\t\t\t\t<div class=\"elementor-widget-container\">\n\t\t\t\t\t<h2 class=\"elementor-heading-title elementor-size-default\">S BOSANKOM PO BARANJI<\/h2>\t\t\t\t<\/div>\n\t\t\t\t<\/div>\n\t\t\t\t\t<\/div>\n\t\t\t\t<\/div>\n\t\t<div class=\"elementor-element elementor-element-514f66f e-flex e-con-boxed e-con e-parent\" data-id=\"514f66f\" data-element_type=\"container\">\n\t\t\t\t\t<div class=\"e-con-inner\">\n\t\t<div class=\"elementor-element elementor-element-1658304 e-con-full e-grid e-con e-child\" data-id=\"1658304\" data-element_type=\"container\">\n\t\t<div class=\"elementor-element elementor-element-5d5bb28 e-con-full e-flex e-con e-child\" data-id=\"5d5bb28\" data-element_type=\"container\">\n\t\t\t\t<div class=\"elementor-element elementor-element-c695de2 elementor-widget elementor-widget-heading\" data-id=\"c695de2\" data-element_type=\"widget\" data-widget_type=\"heading.default\">\n\t\t\t\t<div class=\"elementor-widget-container\">\n\t\t\t\t\t<h2 class=\"elementor-heading-title elementor-size-default\">OPIS PROGRAMA<\/h2>\t\t\t\t<\/div>\n\t\t\t\t<\/div>\n\t\t\t\t<div class=\"elementor-element elementor-element-85c5b63 elementor-widget elementor-widget-text-editor\" data-id=\"85c5b63\" data-element_type=\"widget\" data-widget_type=\"text-editor.default\">\n\t\t\t\t<div class=\"elementor-widget-container\">\n\t\t\t\t\t\t\t\t\t<p class=\"p1\">Ovaj program je osmi\u0161ljen za sve ljubitelje dobre pri\u010de, prirode, povijesti i ba\u0161tine. Upoznat \u0107ete Baranju kroz o\u010di Bosanke koja je za Vas otkrila posebno zanimljive predjele i pri\u010de koje tek \u010dekaju da budu ispri\u010dane. Va\u0161a vodi\u010dka je iskusna glumica i pripovjeda\u010dica, licencirana interpretatorica ba\u0161tine i turisti\u010dka vodi\u010dka. Zajedno s njenim iskustvom, ljepotama i tajnama Baranje jam\u010dimo Vam dobar provod i zabavu nakon \u010dega \u0107ete se osje\u0107ati odli\u010dno.<\/p>\t\t\t\t\t\t\t\t<\/div>\n\t\t\t\t<\/div>\n\t\t\t\t<div class=\"elementor-element elementor-element-cd0f2b9 elementor-widget elementor-widget-button\" data-id=\"cd0f2b9\" data-element_type=\"widget\" data-widget_type=\"button.default\">\n\t\t\t\t<div class=\"elementor-widget-container\">\n\t\t\t\t\t\t\t\t\t<div class=\"elementor-button-wrapper\">\n\t\t\t\t\t<a class=\"elementor-button elementor-button-link elementor-size-sm\" href=\"https:\/\/reactor.hr\/en\/zatrazi-ponudu-za-turu-s-bosankom-po-baranji\/\">\n\t\t\t\t\t\t<span class=\"elementor-button-content-wrapper\">\n\t\t\t\t\t\t<span class=\"elementor-button-icon\">\n\t\t\t\t<svg aria-hidden=\"true\" class=\"e-font-icon-svg e-fas-arrow-right\" viewbox=\"0 0 448 512\" xmlns=\"http:\/\/www.w3.org\/2000\/svg\"><path d=\"M190.5 66.9l22.2-22.2c9.4-9.4 24.6-9.4 33.9 0L441 239c9.4 9.4 9.4 24.6 0 33.9L246.6 467.3c-9.4 9.4-24.6 9.4-33.9 0l-22.2-22.2c-9.5-9.5-9.3-25 .4-34.3L311.4 296H24c-13.3 0-24-10.7-24-24v-32c0-13.3 10.7-24 24-24h287.4L190.9 101.2c-9.8-9.3-10-24.8-.4-34.3z\"><\/path><\/svg>\t\t\t<\/span>\n\t\t\t\t\t\t\t\t\t<span class=\"elementor-button-text\">Zatra\u017ei ponudu<\/span>\n\t\t\t\t\t<\/span>\n\t\t\t\t\t<\/a>\n\t\t\t\t<\/div>\n\t\t\t\t\t\t\t\t<\/div>\n\t\t\t\t<\/div>\n\t\t\t\t<\/div>\n\t\t<div class=\"elementor-element elementor-element-ebe1e95 e-con-full e-flex e-con e-child\" data-id=\"ebe1e95\" data-element_type=\"container\">\n\t\t\t\t<div class=\"elementor-element elementor-element-91e10ad elementor-widget elementor-widget-heading\" data-id=\"91e10ad\" data-element_type=\"widget\" data-widget_type=\"heading.default\">\n\t\t\t\t<div class=\"elementor-widget-container\">\n\t\t\t\t\t<h2 class=\"elementor-heading-title elementor-size-default\">TURA UKLJU\u010cUJE<\/h2>\t\t\t\t<\/div>\n\t\t\t\t<\/div>\n\t\t\t\t<div class=\"elementor-element elementor-element-8843a7e elementor-icon-list--layout-traditional elementor-list-item-link-full_width elementor-widget elementor-widget-icon-list\" data-id=\"8843a7e\" data-element_type=\"widget\" data-widget_type=\"icon-list.default\">\n\t\t\t\t<div class=\"elementor-widget-container\">\n\t\t\t\t\t\t\t<ul class=\"elementor-icon-list-items\">\n\t\t\t\t\t\t\t<li class=\"elementor-icon-list-item\">\n\t\t\t\t\t\t\t\t\t\t\t<span class=\"elementor-icon-list-icon\">\n\t\t\t\t\t\t\t<svg aria-hidden=\"true\" class=\"e-font-icon-svg e-fas-arrow-alt-circle-right\" viewbox=\"0 0 512 512\" xmlns=\"http:\/\/www.w3.org\/2000\/svg\"><path d=\"M256 8c137 0 248 111 248 248S393 504 256 504 8 393 8 256 119 8 256 8zM140 300h116v70.9c0 10.7 13 16.1 20.5 8.5l114.3-114.9c4.7-4.7 4.7-12.2 0-16.9l-114.3-115c-7.6-7.6-20.5-2.2-20.5 8.5V212H140c-6.6 0-12 5.4-12 12v64c0 6.6 5.4 12 12 12z\"><\/path><\/svg>\t\t\t\t\t\t<\/span>\n\t\t\t\t\t\t\t\t\t\t<span class=\"elementor-icon-list-text\">Glumicu, licenciranu interpretatoricu ba\u0161tine i turisti\u010dku vodi\u010dku i pokoje iznena\u0111enje<\/span>\n\t\t\t\t\t\t\t\t\t<\/li>\n\t\t\t\t\t\t\t\t<li class=\"elementor-icon-list-item\">\n\t\t\t\t\t\t\t\t\t\t\t<span class=\"elementor-icon-list-icon\">\n\t\t\t\t\t\t\t<svg aria-hidden=\"true\" class=\"e-font-icon-svg e-fas-arrow-alt-circle-right\" viewbox=\"0 0 512 512\" xmlns=\"http:\/\/www.w3.org\/2000\/svg\"><path d=\"M256 8c137 0 248 111 248 248S393 504 256 504 8 393 8 256 119 8 256 8zM140 300h116v70.9c0 10.7 13 16.1 20.5 8.5l114.3-114.9c4.7-4.7 4.7-12.2 0-16.9l-114.3-115c-7.6-7.6-20.5-2.2-20.5 8.5V212H140c-6.6 0-12 5.4-12 12v64c0 6.6 5.4 12 12 12z\"><\/path><\/svg>\t\t\t\t\t\t<\/span>\n\t\t\t\t\t\t\t\t\t\t<span class=\"elementor-icon-list-text\">Mogu\u0107 dogovor oko prijevoza u na\u0161em aran\u017emanu kako bi se osje\u0107ali \u0161to opu\u0161tenije.<\/span>\n\t\t\t\t\t\t\t\t\t<\/li>\n\t\t\t\t\t\t\t\t<li class=\"elementor-icon-list-item\">\n\t\t\t\t\t\t\t\t\t\t\t<span class=\"elementor-icon-list-icon\">\n\t\t\t\t\t\t\t<svg aria-hidden=\"true\" class=\"e-font-icon-svg e-fas-arrow-alt-circle-right\" viewbox=\"0 0 512 512\" xmlns=\"http:\/\/www.w3.org\/2000\/svg\"><path d=\"M256 8c137 0 248 111 248 248S393 504 256 504 8 393 8 256 119 8 256 8zM140 300h116v70.9c0 10.7 13 16.1 20.5 8.5l114.3-114.9c4.7-4.7 4.7-12.2 0-16.9l-114.3-115c-7.6-7.6-20.5-2.2-20.5 8.5V212H140c-6.6 0-12 5.4-12 12v64c0 6.6 5.4 12 12 12z\"><\/path><\/svg>\t\t\t\t\t\t<\/span>\n\t\t\t\t\t\t\t\t\t\t<span class=\"elementor-icon-list-text\">Karte za vo\u017enju brodom, ulaznice za Prezentacijsko-edukacijski centar Tikve\u0161, degustacije hrane i pi\u0107a nisu uklju\u010dene u cijenu organizacije ove ture te se pla\u0107aju posebno (osobno).<\/span>\n\t\t\t\t\t\t\t\t\t<\/li>\n\t\t\t\t\t\t<\/ul>\n\t\t\t\t\t\t<\/div>\n\t\t\t\t<\/div>\n\t\t\t\t<\/div>\n\t\t\t\t<\/div>\n\t\t\t\t\t<\/div>\n\t\t\t\t<\/div>\n\t\t<div class=\"elementor-element elementor-element-5a3b6e1 elementor-hidden-tablet elementor-hidden-mobile e-flex e-con-boxed e-con e-parent\" data-id=\"5a3b6e1\" data-element_type=\"container\">\n\t\t\t\t\t<div class=\"e-con-inner\">\n\t\t<div class=\"elementor-element elementor-element-5200421 e-con-full e-grid e-con e-child\" data-id=\"5200421\" data-element_type=\"container\">\n\t\t<div class=\"elementor-element elementor-element-d9bdb1a e-con-full e-flex e-con e-child\" data-id=\"d9bdb1a\" data-element_type=\"container\">\n\t\t\t\t<div class=\"elementor-element elementor-element-836c141 elementor-widget elementor-widget-heading\" data-id=\"836c141\" data-element_type=\"widget\" data-widget_type=\"heading.default\">\n\t\t\t\t<div class=\"elementor-widget-container\">\n\t\t\t\t\t<h2 class=\"elementor-heading-title elementor-size-default\">PROGRAM TURE<\/h2>\t\t\t\t<\/div>\n\t\t\t\t<\/div>\n\t\t\t\t<div class=\"elementor-element elementor-element-d833bba elementor-widget elementor-widget-text-editor\" data-id=\"d833bba\" data-element_type=\"widget\" data-widget_type=\"text-editor.default\">\n\t\t\t\t<div class=\"elementor-widget-container\">\n\t\t\t\t\t\t\t\t\t<p class=\"p1\">Po\u010detak ture je u Osijeku u Sakuntala parku. Od parka se \u0161eta do Tvr\u0111e.\u00a0Slijedi obilazak Baranje:<\/p><ul><li>Kopa\u010dki rit, vo\u017enja brodom (po dogovoru).<\/li><li>Dvorac i perivoj Tikve\u0111, posjet Prezentacijsko-edukacijskom centru Tikve\u0161 koji je smje\u0161ten u dvorcu (po dogovoru).<\/li><li>Suza &#8211; Galerija Astalo\u0161, prezentacija rada na kolu za izradu glinenog posu\u0111a i obilazak prodajne galerije koja je smje\u0161tena u starom mlinu.<\/li><li>Zmajevac &#8211; surduci i gaotir, posjet restoranu Josi\u0107 i degustacija vina<\/li><li>Batina, posjet spomeniku Batinske bitke, pauza za kavu, kola\u010d i fotkanje. mjesto za fotkanje.<\/li><li>Kne\u017eevi vinogradi &#8211; posjet starom ili novom podrumu Belje.<\/li><li>Vidikovac na Banovom brdu, pauza za fotkanje i u\u017eivanje u ure\u0111enim pejza\u017eima beljskih vinograda.<\/li><li>Posjeta etno selu Karanac, degustacija vina u vinariji Jar\u010devo brdo, posjet Ulici zaboravljenog vremena i degustacija baranjskih delicija u restoranu Baranjska ku\u0107a. Rakija time.<\/li><li>Degustacija baranjskih delicija po dogovoru.<\/li><li>Kava i osvje\u017eenje po dogovoru.<\/li><li>Kreativne radionice po dogovoru.<\/li><li>Degustacija vina po dogovoru.<\/li><\/ul><p>Program nije fiksan, \u017eelimo zajedno s vama kreirati turu koja \u0107e zadovoljiti sve Va\u0161e potrebe. Javite se mailom ili telefonski kako bismo utvrdili \u0161to \u017eelite posjetiti i kako bismo za Vas napravili najzanimljiviju ponudu.\u00a0<\/p>\t\t\t\t\t\t\t\t<\/div>\n\t\t\t\t<\/div>\n\t\t\t\t<\/div>\n\t\t<div class=\"elementor-element elementor-element-02b14c8 e-con-full e-flex e-con e-child\" data-id=\"02b14c8\" data-element_type=\"container\">\n\t\t\t\t<div class=\"elementor-element elementor-element-e800c51 elementor-widget elementor-widget-image\" data-id=\"e800c51\" data-element_type=\"widget\" data-widget_type=\"image.default\">\n\t\t\t\t<div class=\"elementor-widget-container\">\n\t\t\t\t\t\t\t\t\t\t\t\t\t\t\t<img fetchpriority=\"high\" decoding=\"async\" width=\"1312\" height=\"1974\" src=\"https:\/\/reactor.hr\/wp-content\/uploads\/2024\/08\/Karta1.jpg\" class=\"attachment-full size-full wp-image-821\" alt=\"\" srcset=\"https:\/\/reactor.hr\/wp-content\/uploads\/2024\/08\/Karta1.jpg 1312w, https:\/\/reactor.hr\/wp-content\/uploads\/2024\/08\/Karta1-199x300.jpg 199w, https:\/\/reactor.hr\/wp-content\/uploads\/2024\/08\/Karta1-681x1024.jpg 681w, https:\/\/reactor.hr\/wp-content\/uploads\/2024\/08\/Karta1-768x1156.jpg 768w, https:\/\/reactor.hr\/wp-content\/uploads\/2024\/08\/Karta1-1021x1536.jpg 1021w, https:\/\/reactor.hr\/wp-content\/uploads\/2024\/08\/Karta1-8x12.jpg 8w\" sizes=\"(max-width: 1312px) 100vw, 1312px\" \/>\t\t\t\t\t\t\t\t\t\t\t\t\t\t\t<\/div>\n\t\t\t\t<\/div>\n\t\t\t\t<\/div>\n\t\t\t\t<\/div>\n\t\t\t\t\t<\/div>\n\t\t\t\t<\/div>\n\t\t<div class=\"elementor-element elementor-element-54827e6 elementor-hidden-desktop e-flex e-con-boxed e-con e-parent\" data-id=\"54827e6\" data-element_type=\"container\">\n\t\t\t\t\t<div class=\"e-con-inner\">\n\t\t<div class=\"elementor-element elementor-element-a2553b0 e-flex e-con-boxed e-con e-child\" data-id=\"a2553b0\" data-element_type=\"container\">\n\t\t\t\t\t<div class=\"e-con-inner\">\n\t\t<div class=\"elementor-element elementor-element-6211f92 e-con-full e-flex e-con e-child\" data-id=\"6211f92\" data-element_type=\"container\">\n\t\t\t\t<div class=\"elementor-element elementor-element-6b13e35 elementor-widget elementor-widget-heading\" data-id=\"6b13e35\" data-element_type=\"widget\" data-widget_type=\"heading.default\">\n\t\t\t\t<div class=\"elementor-widget-container\">\n\t\t\t\t\t<h2 class=\"elementor-heading-title elementor-size-default\">PROGRAM TURE<\/h2>\t\t\t\t<\/div>\n\t\t\t\t<\/div>\n\t\t\t\t<div class=\"elementor-element elementor-element-f6b7ddf elementor-widget elementor-widget-text-editor\" data-id=\"f6b7ddf\" data-element_type=\"widget\" data-widget_type=\"text-editor.default\">\n\t\t\t\t<div class=\"elementor-widget-container\">\n\t\t\t\t\t\t\t\t\t<p class=\"p1\">Po\u010detak ture je u Osijeku u Sakuntala parku. Od parka se \u0161eta do Tvr\u0111e.\u00a0Slijedi obilazak Baranje:<\/p><ul><li>Kopa\u010dki rit, vo\u017enja brodom (po dogovoru).<\/li><li>Dvorac i perivoj Tikve\u0111, posjet Prezentacijsko-edukacijskom centru Tikve\u0161 koji je smje\u0161ten u dvorcu (po dogovoru).<\/li><li>Suza &#8211; Galerija Astalo\u0161, prezentacija rada na kolu za izradu glinenog posu\u0111a i obilazak prodajne galerije koja je smje\u0161tena u starom mlinu.<\/li><li>Zmajevac &#8211; surduci i gaotir, posjet restoranu Josi\u0107 i degustacija vina<\/li><li>Batina, posjet spomeniku Batinske bitke, pauza za kavu, kola\u010d i fotkanje. mjesto za fotkanje.<\/li><li>Kne\u017eevi vinogradi &#8211; posjet starom ili novom podrumu Belje.<\/li><li>Vidikovac na Banovom brdu, pauza za fotkanje i u\u017eivanje u ure\u0111enim pejza\u017eima beljskih vinograda.<\/li><li>Posjeta etno selu Karanac, degustacija vina u vinariji Jar\u010devo brdo, posjet Ulici zaboravljenog vremena i degustacija baranjskih delicija u restoranu Baranjska ku\u0107a. Rakija time.<\/li><li>Degustacija baranjskih delicija po dogovoru.<\/li><li>Kava i osvje\u017eenje po dogovoru.<\/li><li>Kreativne radionice po dogovoru.<\/li><li>Degustacija vina po dogovoru.<\/li><\/ul><p>Program nije fiksan, \u017eelimo zajedno s vama kreirati turu koja \u0107e zadovoljiti sve Va\u0161e potrebe. Javite se mailom ili telefonski kako bismo utvrdili \u0161to \u017eelite posjetiti i kako bismo za Vas napravili najzanimljiviju ponudu.\u00a0<\/p>\t\t\t\t\t\t\t\t<\/div>\n\t\t\t\t<\/div>\n\t\t\t\t<\/div>\n\t\t<div class=\"elementor-element elementor-element-822d583 e-con-full e-flex e-con e-child\" data-id=\"822d583\" data-element_type=\"container\">\n\t\t\t\t<div class=\"elementor-element elementor-element-257714a elementor-widget elementor-widget-image\" data-id=\"257714a\" data-element_type=\"widget\" data-widget_type=\"image.default\">\n\t\t\t\t<div class=\"elementor-widget-container\">\n\t\t\t\t\t\t\t\t\t\t\t\t\t\t\t\t<a href=\"https:\/\/reactor.hr\/wp-content\/uploads\/2024\/08\/Karta1.jpg\" data-elementor-open-lightbox=\"yes\" data-elementor-lightbox-title=\"Karta1\" data-e-action-hash=\"#elementor-action%3Aaction%3Dlightbox%26settings%3DeyJpZCI6ODIxLCJ1cmwiOiJodHRwczpcL1wvcmVhY3Rvci5oclwvd3AtY29udGVudFwvdXBsb2Fkc1wvMjAyNFwvMDhcL0thcnRhMS5qcGcifQ%3D%3D\">\n\t\t\t\t\t\t\t<img fetchpriority=\"high\" decoding=\"async\" width=\"1312\" height=\"1974\" src=\"https:\/\/reactor.hr\/wp-content\/uploads\/2024\/08\/Karta1.jpg\" class=\"attachment-full size-full wp-image-821\" alt=\"\" srcset=\"https:\/\/reactor.hr\/wp-content\/uploads\/2024\/08\/Karta1.jpg 1312w, https:\/\/reactor.hr\/wp-content\/uploads\/2024\/08\/Karta1-199x300.jpg 199w, https:\/\/reactor.hr\/wp-content\/uploads\/2024\/08\/Karta1-681x1024.jpg 681w, https:\/\/reactor.hr\/wp-content\/uploads\/2024\/08\/Karta1-768x1156.jpg 768w, https:\/\/reactor.hr\/wp-content\/uploads\/2024\/08\/Karta1-1021x1536.jpg 1021w, https:\/\/reactor.hr\/wp-content\/uploads\/2024\/08\/Karta1-8x12.jpg 8w\" sizes=\"(max-width: 1312px) 100vw, 1312px\" \/>\t\t\t\t\t\t\t\t<\/a>\n\t\t\t\t\t\t\t\t\t\t\t\t\t\t\t<\/div>\n\t\t\t\t<\/div>\n\t\t\t\t<\/div>\n\t\t\t\t\t<\/div>\n\t\t\t\t<\/div>\n\t\t\t\t\t<\/div>\n\t\t\t\t<\/div>\n\t\t\t\t<\/div>","protected":false},"excerpt":{"rendered":"<p>S BOSANKOM PO BARANJI OPIS PROGRAMA Ovaj program je osmi\u0161ljen za sve ljubitelje dobre pri\u010de, prirode, povijesti i ba\u0161tine. Upoznat \u0107ete Baranju kroz o\u010di Bosanke koja je za Vas otkrila posebno zanimljive predjele i pri\u010de koje tek \u010dekaju da budu ispri\u010dane. Va\u0161a vodi\u010dka je iskusna glumica i pripovjeda\u010dica, licencirana interpretatorica ba\u0161tine i turisti\u010dka vodi\u010dka. Zajedno [&hellip;]<\/p>","protected":false},"author":1,"featured_media":0,"parent":0,"menu_order":0,"comment_status":"closed","ping_status":"closed","template":"elementor_header_footer","meta":{"footnotes":""},"class_list":["post-809","page","type-page","status-publish","hentry"],"yoast_head":"<!-- This site is optimized with the Yoast SEO plugin v26.5 - https:\/\/yoast.com\/wordpress\/plugins\/seo\/ -->\n<title>S Bosankom po Baranji - REACTOR<\/title>\n<meta name=\"robots\" content=\"index, follow, max-snippet:-1, max-image-preview:large, max-video-preview:-1\" \/>\n<link rel=\"canonical\" href=\"https:\/\/reactor.hr\/en\/s-bosankom-po-baranji\/\" \/>\n<meta property=\"og:locale\" content=\"en_US\" \/>\n<meta property=\"og:type\" content=\"article\" \/>\n<meta property=\"og:title\" content=\"S Bosankom po Baranji - REACTOR\" \/>\n<meta property=\"og:description\" content=\"S BOSANKOM PO BARANJI OPIS PROGRAMA Ovaj program je osmi\u0161ljen za sve ljubitelje dobre pri\u010de, prirode, povijesti i ba\u0161tine. Upoznat \u0107ete Baranju kroz o\u010di Bosanke koja je za Vas otkrila posebno zanimljive predjele i pri\u010de koje tek \u010dekaju da budu ispri\u010dane. Va\u0161a vodi\u010dka je iskusna glumica i pripovjeda\u010dica, licencirana interpretatorica ba\u0161tine i turisti\u010dka vodi\u010dka. Zajedno [&hellip;]\" \/>\n<meta property=\"og:url\" content=\"https:\/\/reactor.hr\/en\/s-bosankom-po-baranji\/\" \/>\n<meta property=\"og:site_name\" content=\"REACTOR\" \/>\n<meta property=\"article:publisher\" content=\"https:\/\/web.facebook.com\/artinaobrt\" \/>\n<meta property=\"article:modified_time\" content=\"2025-12-09T10:31:55+00:00\" \/>\n<meta property=\"og:image\" content=\"https:\/\/reactor.hr\/wp-content\/uploads\/2024\/08\/Karta1.jpg\" \/>\n<meta name=\"twitter:card\" content=\"summary_large_image\" \/>\n<meta name=\"twitter:label1\" content=\"Est. reading time\" \/>\n\t<meta name=\"twitter:data1\" content=\"3 minutes\" \/>\n<script type=\"application\/ld+json\" class=\"yoast-schema-graph\">{\"@context\":\"https:\/\/schema.org\",\"@graph\":[{\"@type\":\"WebPage\",\"@id\":\"https:\/\/reactor.hr\/s-bosankom-po-baranji\/\",\"url\":\"https:\/\/reactor.hr\/s-bosankom-po-baranji\/\",\"name\":\"S Bosankom po Baranji - REACTOR\",\"isPartOf\":{\"@id\":\"https:\/\/reactor.hr\/#website\"},\"primaryImageOfPage\":{\"@id\":\"https:\/\/reactor.hr\/s-bosankom-po-baranji\/#primaryimage\"},\"image\":{\"@id\":\"https:\/\/reactor.hr\/s-bosankom-po-baranji\/#primaryimage\"},\"thumbnailUrl\":\"https:\/\/reactor.hr\/wp-content\/uploads\/2024\/08\/Karta1.jpg\",\"datePublished\":\"2024-08-20T09:52:27+00:00\",\"dateModified\":\"2025-12-09T10:31:55+00:00\",\"breadcrumb\":{\"@id\":\"https:\/\/reactor.hr\/s-bosankom-po-baranji\/#breadcrumb\"},\"inLanguage\":\"en-US\",\"potentialAction\":[{\"@type\":\"ReadAction\",\"target\":[\"https:\/\/reactor.hr\/s-bosankom-po-baranji\/\"]}]},{\"@type\":\"ImageObject\",\"inLanguage\":\"en-US\",\"@id\":\"https:\/\/reactor.hr\/s-bosankom-po-baranji\/#primaryimage\",\"url\":\"https:\/\/reactor.hr\/wp-content\/uploads\/2024\/08\/Karta1.jpg\",\"contentUrl\":\"https:\/\/reactor.hr\/wp-content\/uploads\/2024\/08\/Karta1.jpg\"},{\"@type\":\"BreadcrumbList\",\"@id\":\"https:\/\/reactor.hr\/s-bosankom-po-baranji\/#breadcrumb\",\"itemListElement\":[{\"@type\":\"ListItem\",\"position\":1,\"name\":\"Home\",\"item\":\"https:\/\/reactor.hr\/\"},{\"@type\":\"ListItem\",\"position\":2,\"name\":\"S Bosankom po Baranji\"}]},{\"@type\":\"WebSite\",\"@id\":\"https:\/\/reactor.hr\/#website\",\"url\":\"https:\/\/reactor.hr\/\",\"name\":\"REACTOR\",\"description\":\"Osna\u017eivanje i \u0161irenje kulture i turizma, osmi\u0161ljanje kulturno \u2013 turisti\u010dke ponude kroz storytelling\",\"publisher\":{\"@id\":\"https:\/\/reactor.hr\/#organization\"},\"potentialAction\":[{\"@type\":\"SearchAction\",\"target\":{\"@type\":\"EntryPoint\",\"urlTemplate\":\"https:\/\/reactor.hr\/?s={search_term_string}\"},\"query-input\":{\"@type\":\"PropertyValueSpecification\",\"valueRequired\":true,\"valueName\":\"search_term_string\"}}],\"inLanguage\":\"en-US\"},{\"@type\":\"Organization\",\"@id\":\"https:\/\/reactor.hr\/#organization\",\"name\":\"REACTOR\",\"url\":\"https:\/\/reactor.hr\/\",\"logo\":{\"@type\":\"ImageObject\",\"inLanguage\":\"en-US\",\"@id\":\"https:\/\/reactor.hr\/#\/schema\/logo\/image\/\",\"url\":\"https:\/\/reactor.hr\/wp-content\/uploads\/2024\/06\/Logo1.png\",\"contentUrl\":\"https:\/\/reactor.hr\/wp-content\/uploads\/2024\/06\/Logo1.png\",\"width\":2983,\"height\":1259,\"caption\":\"REACTOR\"},\"image\":{\"@id\":\"https:\/\/reactor.hr\/#\/schema\/logo\/image\/\"},\"sameAs\":[\"https:\/\/web.facebook.com\/artinaobrt\",\"https:\/\/www.instagram.com\/reactor_obrt\/\"]}]}<\/script>\n<!-- \/ Yoast SEO plugin. -->","yoast_head_json":{"title":"S Bosankom po Baranji - REACTOR","robots":{"index":"index","follow":"follow","max-snippet":"max-snippet:-1","max-image-preview":"max-image-preview:large","max-video-preview":"max-video-preview:-1"},"canonical":"https:\/\/reactor.hr\/en\/s-bosankom-po-baranji\/","og_locale":"en_US","og_type":"article","og_title":"S Bosankom po Baranji - REACTOR","og_description":"S BOSANKOM PO BARANJI OPIS PROGRAMA Ovaj program je osmi\u0161ljen za sve ljubitelje dobre pri\u010de, prirode, povijesti i ba\u0161tine. Upoznat \u0107ete Baranju kroz o\u010di Bosanke koja je za Vas otkrila posebno zanimljive predjele i pri\u010de koje tek \u010dekaju da budu ispri\u010dane. Va\u0161a vodi\u010dka je iskusna glumica i pripovjeda\u010dica, licencirana interpretatorica ba\u0161tine i turisti\u010dka vodi\u010dka. Zajedno [&hellip;]","og_url":"https:\/\/reactor.hr\/en\/s-bosankom-po-baranji\/","og_site_name":"REACTOR","article_publisher":"https:\/\/web.facebook.com\/artinaobrt","article_modified_time":"2025-12-09T10:31:55+00:00","og_image":[{"url":"https:\/\/reactor.hr\/wp-content\/uploads\/2024\/08\/Karta1.jpg","type":"","width":"","height":""}],"twitter_card":"summary_large_image","twitter_misc":{"Est. reading time":"3 minutes"},"schema":{"@context":"https:\/\/schema.org","@graph":[{"@type":"WebPage","@id":"https:\/\/reactor.hr\/s-bosankom-po-baranji\/","url":"https:\/\/reactor.hr\/s-bosankom-po-baranji\/","name":"S Bosankom po Baranji - REACTOR","isPartOf":{"@id":"https:\/\/reactor.hr\/#website"},"primaryImageOfPage":{"@id":"https:\/\/reactor.hr\/s-bosankom-po-baranji\/#primaryimage"},"image":{"@id":"https:\/\/reactor.hr\/s-bosankom-po-baranji\/#primaryimage"},"thumbnailUrl":"https:\/\/reactor.hr\/wp-content\/uploads\/2024\/08\/Karta1.jpg","datePublished":"2024-08-20T09:52:27+00:00","dateModified":"2025-12-09T10:31:55+00:00","breadcrumb":{"@id":"https:\/\/reactor.hr\/s-bosankom-po-baranji\/#breadcrumb"},"inLanguage":"en-US","potentialAction":[{"@type":"ReadAction","target":["https:\/\/reactor.hr\/s-bosankom-po-baranji\/"]}]},{"@type":"ImageObject","inLanguage":"en-US","@id":"https:\/\/reactor.hr\/s-bosankom-po-baranji\/#primaryimage","url":"https:\/\/reactor.hr\/wp-content\/uploads\/2024\/08\/Karta1.jpg","contentUrl":"https:\/\/reactor.hr\/wp-content\/uploads\/2024\/08\/Karta1.jpg"},{"@type":"BreadcrumbList","@id":"https:\/\/reactor.hr\/s-bosankom-po-baranji\/#breadcrumb","itemListElement":[{"@type":"ListItem","position":1,"name":"Home","item":"https:\/\/reactor.hr\/"},{"@type":"ListItem","position":2,"name":"S Bosankom po Baranji"}]},{"@type":"WebSite","@id":"https:\/\/reactor.hr\/#website","url":"https:\/\/reactor.hr\/","name":"REACTOR","description":"Osna\u017eivanje i \u0161irenje kulture i turizma, osmi\u0161ljanje kulturno \u2013 turisti\u010dke ponude kroz storytelling","publisher":{"@id":"https:\/\/reactor.hr\/#organization"},"potentialAction":[{"@type":"SearchAction","target":{"@type":"EntryPoint","urlTemplate":"https:\/\/reactor.hr\/?s={search_term_string}"},"query-input":{"@type":"PropertyValueSpecification","valueRequired":true,"valueName":"search_term_string"}}],"inLanguage":"en-US"},{"@type":"Organization","@id":"https:\/\/reactor.hr\/#organization","name":"REACTOR","url":"https:\/\/reactor.hr\/","logo":{"@type":"ImageObject","inLanguage":"en-US","@id":"https:\/\/reactor.hr\/#\/schema\/logo\/image\/","url":"https:\/\/reactor.hr\/wp-content\/uploads\/2024\/06\/Logo1.png","contentUrl":"https:\/\/reactor.hr\/wp-content\/uploads\/2024\/06\/Logo1.png","width":2983,"height":1259,"caption":"REACTOR"},"image":{"@id":"https:\/\/reactor.hr\/#\/schema\/logo\/image\/"},"sameAs":["https:\/\/web.facebook.com\/artinaobrt","https:\/\/www.instagram.com\/reactor_obrt\/"]}]}},"_links":{"self":[{"href":"https:\/\/reactor.hr\/en\/wp-json\/wp\/v2\/pages\/809","targetHints":{"allow":["GET"]}}],"collection":[{"href":"https:\/\/reactor.hr\/en\/wp-json\/wp\/v2\/pages"}],"about":[{"href":"https:\/\/reactor.hr\/en\/wp-json\/wp\/v2\/types\/page"}],"author":[{"embeddable":true,"href":"https:\/\/reactor.hr\/en\/wp-json\/wp\/v2\/users\/1"}],"replies":[{"embeddable":true,"href":"https:\/\/reactor.hr\/en\/wp-json\/wp\/v2\/comments?post=809"}],"version-history":[{"count":40,"href":"https:\/\/reactor.hr\/en\/wp-json\/wp\/v2\/pages\/809\/revisions"}],"predecessor-version":[{"id":2160,"href":"https:\/\/reactor.hr\/en\/wp-json\/wp\/v2\/pages\/809\/revisions\/2160"}],"wp:attachment":[{"href":"https:\/\/reactor.hr\/en\/wp-json\/wp\/v2\/media?parent=809"}],"curies":[{"name":"wp","href":"https:\/\/api.w.org\/{rel}","templated":true}]}}