{"id":796,"date":"2024-08-20T09:38:27","date_gmt":"2024-08-20T09:38:27","guid":{"rendered":"https:\/\/reactor.hr\/?page_id=796"},"modified":"2025-12-09T10:31:05","modified_gmt":"2025-12-09T10:31:05","slug":"zatrazi-ponudu-za-turu-cipelcugom-po-osijeku","status":"publish","type":"page","link":"https:\/\/reactor.hr\/en\/zatrazi-ponudu-za-turu-cipelcugom-po-osijeku\/","title":{"rendered":"Zatra\u017ei ponudu za turu Cipelcugom po Osijeku"},"content":{"rendered":"<div data-elementor-type=\"wp-page\" data-elementor-id=\"796\" class=\"elementor elementor-796\" data-elementor-post-type=\"page\">\n\t\t\t\t<div class=\"elementor-element elementor-element-5e0482f e-flex e-con-boxed e-con e-parent\" data-id=\"5e0482f\" data-element_type=\"container\" data-settings=\"{&quot;background_background&quot;:&quot;classic&quot;}\">\n\t\t\t\t\t<div class=\"e-con-inner\">\n\t\t\t\t<div class=\"elementor-element elementor-element-2269558 elementor-widget elementor-widget-heading\" data-id=\"2269558\" data-element_type=\"widget\" data-widget_type=\"heading.default\">\n\t\t\t\t<div class=\"elementor-widget-container\">\n\t\t\t\t\t<h2 class=\"elementor-heading-title elementor-size-default\">ZATRA\u017dI PONUDU ZA TURU<\/h2>\t\t\t\t<\/div>\n\t\t\t\t<\/div>\n\t\t\t\t\t<\/div>\n\t\t\t\t<\/div>\n\t\t<div class=\"elementor-element elementor-element-b46f163 e-flex e-con-boxed e-con e-parent\" data-id=\"b46f163\" data-element_type=\"container\">\n\t\t\t\t\t<div class=\"e-con-inner\">\n\t\t<div class=\"elementor-element elementor-element-a26116e e-con-full e-flex e-con e-child\" data-id=\"a26116e\" data-element_type=\"container\">\n\t\t\t\t<div class=\"elementor-element elementor-element-683af2f elementor-widget elementor-widget-heading\" data-id=\"683af2f\" data-element_type=\"widget\" data-widget_type=\"heading.default\">\n\t\t\t\t<div class=\"elementor-widget-container\">\n\t\t\t\t\t<h2 class=\"elementor-heading-title elementor-size-default\">ISKUSITE PUTOVANJE KROZ POVIJEST I KULTURU GRADA OSIJEKA<\/h2>\t\t\t\t<\/div>\n\t\t\t\t<\/div>\n\t\t\t\t<div class=\"elementor-element elementor-element-1aadeda elementor-widget elementor-widget-text-editor\" data-id=\"1aadeda\" data-element_type=\"widget\" data-widget_type=\"text-editor.default\">\n\t\t\t\t<div class=\"elementor-widget-container\">\n\t\t\t\t\t\t\t\t\t<p>Zatra\u017eite ponudu za storytelling interpretativne turisti\u010dke ture. Sve su ture izvo\u0111ene kao ambijetalne predstave od strane licencirane turisti\u010dke vodi\u010dke i interpretatorice ba\u0161tine Nikoline Ba\u0161karad.\u00a0Imate li neke napomene ili posebne \u017eelje slobodno ih navedite unutar obrasca.\u00a0<\/p><p>Nakon \u0161to po\u0161aljete upit za ponudu u \u0161to kra\u0107em mogu\u0107em roku na mail adresu koji navedete u obrascu dobit \u0107e te odgovor s prijedlogom programa i ponudom za isti.\u00a0<\/p>\t\t\t\t\t\t\t\t<\/div>\n\t\t\t\t<\/div>\n\t\t\t\t<\/div>\n\t\t<div class=\"elementor-element elementor-element-706c8a0 e-con-full e-flex e-con e-child\" data-id=\"706c8a0\" data-element_type=\"container\" data-settings=\"{&quot;background_background&quot;:&quot;classic&quot;}\">\n\t\t\t\t<div class=\"elementor-element elementor-element-fb8db52 elementor-widget elementor-widget-shortcode\" data-id=\"fb8db52\" data-element_type=\"widget\" data-widget_type=\"shortcode.default\">\n\t\t\t\t<div class=\"elementor-widget-container\">\n\t\t\t\t\t\t\t<div class=\"elementor-shortcode\">\n<div class=\"wpcf7 no-js\" id=\"wpcf7-f798-o1\" lang=\"en-US\" dir=\"ltr\" data-wpcf7-id=\"798\">\n<div class=\"screen-reader-response\"><p role=\"status\" aria-live=\"polite\" aria-atomic=\"true\"><\/p> <ul><\/ul><\/div>\n<form action=\"\/en\/wp-json\/wp\/v2\/pages\/796#wpcf7-f798-o1\" method=\"post\" class=\"wpcf7-form init\" aria-label=\"Contact form\" novalidate=\"novalidate\" data-status=\"init\" data-trp-original-action=\"\/en\/wp-json\/wp\/v2\/pages\/796#wpcf7-f798-o1\">\n<fieldset class=\"hidden-fields-container\"><input type=\"hidden\" name=\"_wpcf7\" value=\"798\" \/><input type=\"hidden\" name=\"_wpcf7_version\" value=\"6.1.4\" \/><input type=\"hidden\" name=\"_wpcf7_locale\" value=\"en_US\" \/><input type=\"hidden\" name=\"_wpcf7_unit_tag\" value=\"wpcf7-f798-o1\" \/><input type=\"hidden\" name=\"_wpcf7_container_post\" value=\"0\" \/><input type=\"hidden\" name=\"_wpcf7_posted_data_hash\" value=\"\" \/><input type=\"hidden\" name=\"_wpcf7cf_hidden_group_fields\" value=\"[]\" \/><input type=\"hidden\" name=\"_wpcf7cf_hidden_groups\" value=\"[]\" \/><input type=\"hidden\" name=\"_wpcf7cf_visible_groups\" value=\"[]\" \/><input type=\"hidden\" name=\"_wpcf7cf_repeaters\" value=\"[]\" \/><input type=\"hidden\" name=\"_wpcf7cf_steps\" value=\"{}\" \/><input type=\"hidden\" name=\"_wpcf7cf_options\" value=\"{&quot;form_id&quot;:798,&quot;conditions&quot;:[],&quot;settings&quot;:{&quot;animation&quot;:&quot;yes&quot;,&quot;animation_intime&quot;:200,&quot;animation_outtime&quot;:200,&quot;conditions_ui&quot;:&quot;normal&quot;,&quot;notice_dismissed&quot;:false}}\" \/>\n<\/fieldset>\n<div class=\"formRow\">\n\t<p><label><br \/>\n<span class=\"wpcf7-form-control-wrap\" data-name=\"your-name\"><input size=\"40\" maxlength=\"400\" class=\"wpcf7-form-control wpcf7-text wpcf7-validates-as-required\" aria-required=\"true\" aria-invalid=\"false\" placeholder=\"Ime i prezime\" value=\"\" type=\"text\" name=\"your-name\" \/><\/span> <\/label>\n\t<\/p>\n\t<p><label><br \/>\n<span class=\"wpcf7-form-control-wrap\" data-name=\"Broj-telefona\"><input size=\"40\" maxlength=\"400\" class=\"wpcf7-form-control wpcf7-tel wpcf7-validates-as-required wpcf7-text wpcf7-validates-as-tel\" aria-required=\"true\" aria-invalid=\"false\" placeholder=\"Broj telefona\" value=\"\" type=\"tel\" name=\"Broj-telefona\" \/><\/span> <\/label>\n\t<\/p>\n<\/div>\n<div class=\"formRow\">\n\t<p><label><br \/>\n<span class=\"wpcf7-form-control-wrap\" data-name=\"your-email\"><input size=\"40\" maxlength=\"400\" class=\"wpcf7-form-control wpcf7-email wpcf7-validates-as-required wpcf7-text wpcf7-validates-as-email\" autocomplete=\"email\" aria-required=\"true\" aria-invalid=\"false\" placeholder=\"E-mail address\" value=\"\" type=\"email\" name=\"your-email\" \/><\/span> <\/label>\n\t<\/p>\n\t<p><label><br \/>\n<span class=\"wpcf7-form-control-wrap\" data-name=\"Okvirni-termin\"><input class=\"wpcf7-form-control wpcf7-date wpcf7-validates-as-required wpcf7-validates-as-date\" aria-required=\"true\" aria-invalid=\"false\" placeholder=\"Okvirni termin\" value=\"\" type=\"date\" name=\"Okvirni-termin\" \/><\/span> <\/label>\n\t<\/p>\n<\/div>\n<div class=\"formRow\">\n\t<p><label><br \/>\n<span class=\"wpcf7-form-control-wrap\" data-name=\"Broj-sudionika\"><input size=\"40\" maxlength=\"400\" class=\"wpcf7-form-control wpcf7-text wpcf7-validates-as-required\" aria-required=\"true\" aria-invalid=\"false\" placeholder=\"Broj djece\" value=\"\" type=\"text\" name=\"Broj-sudionika\" \/><\/span> <\/label>\n\t<\/p>\n\t<p><label><br \/>\n<span class=\"wpcf7-form-control-wrap\" data-name=\"Tura\"><select class=\"wpcf7-form-control wpcf7-select wpcf7-validates-as-required\" aria-required=\"true\" aria-invalid=\"false\" name=\"Tura\"><option value=\"Odabir ture\">Odabir ture<\/option><option value=\"Janjine pri\u010de\">Janjine pri\u010de<\/option><option value=\"Er\u017eika\">Er\u017eika<\/option><option value=\"Edgar\">Edgar<\/option><option value=\"Fenjeri\">Fenjeri<\/option><option value=\"Gospe\">Gospe<\/option><option value=\"Tragom varo\u0161ke pjesme\">Tragom varo\u0161ke pjesme<\/option><option value=\"U labudovoj ulici\">U labudovoj ulici<\/option><\/select><\/span> <\/label>\n\t<\/p>\n<\/div>\n<div class=\"formRow\">\n\t<p><label><br \/>\n<span class=\"wpcf7-form-control-wrap\" data-name=\"Poruka\"><textarea cols=\"40\" rows=\"10\" maxlength=\"2000\" class=\"wpcf7-form-control wpcf7-textarea wpcf7-validates-as-required\" aria-required=\"true\" aria-invalid=\"false\" placeholder=\"Napi\u0161ite dodatne informacije\" name=\"Poruka\"><\/textarea><\/span> <\/label>\n\t<\/p>\n<\/div>\n<input class=\"wpcf7-form-control wpcf7-hidden\" value=\"Ponuda za turu Cipelcugom po Osijeku\" type=\"hidden\" name=\"your-subject\" \/>\n<p><input class=\"wpcf7-form-control wpcf7-submit has-spinner\" type=\"submit\" value=\"Zatra\u017ei ponudu\" \/>\n<\/p><div class=\"wpcf7-response-output\" aria-hidden=\"true\"><\/div>\n<input type=\"hidden\" name=\"trp-form-language\" value=\"en\"\/><\/form>\n<\/div>\n<\/div>\n\t\t\t\t\t\t<\/div>\n\t\t\t\t<\/div>\n\t\t\t\t<\/div>\n\t\t\t\t\t<\/div>\n\t\t\t\t<\/div>\n\t\t\t\t<\/div>","protected":false},"excerpt":{"rendered":"<p>ZATRA\u017dI PONUDU ZA TURU ISKUSITE PUTOVANJE KROZ POVIJEST I KULTURU GRADA OSIJEKA Zatra\u017eite ponudu za storytelling interpretativne turisti\u010dke ture. Sve su ture izvo\u0111ene kao ambijetalne predstave od strane licencirane turisti\u010dke vodi\u010dke i interpretatorice ba\u0161tine Nikoline Ba\u0161karad.\u00a0Imate li neke napomene ili posebne \u017eelje slobodno ih navedite unutar obrasca.\u00a0 Nakon \u0161to po\u0161aljete upit za ponudu u \u0161to [&hellip;]<\/p>","protected":false},"author":1,"featured_media":0,"parent":0,"menu_order":0,"comment_status":"closed","ping_status":"closed","template":"elementor_header_footer","meta":{"footnotes":""},"class_list":["post-796","page","type-page","status-publish","hentry"],"yoast_head":"<!-- This site is optimized with the Yoast SEO plugin v26.5 - https:\/\/yoast.com\/wordpress\/plugins\/seo\/ -->\n<title>Zatra\u017ei ponudu za turu Cipelcugom po Osijeku - REACTOR<\/title>\n<meta name=\"robots\" content=\"index, follow, max-snippet:-1, max-image-preview:large, max-video-preview:-1\" \/>\n<link rel=\"canonical\" href=\"https:\/\/reactor.hr\/en\/zatrazi-ponudu-za-turu-cipelcugom-po-osijeku\/\" \/>\n<meta property=\"og:locale\" content=\"en_US\" \/>\n<meta property=\"og:type\" content=\"article\" \/>\n<meta property=\"og:title\" content=\"Zatra\u017ei ponudu za turu Cipelcugom po Osijeku - REACTOR\" \/>\n<meta property=\"og:description\" content=\"ZATRA\u017dI PONUDU ZA TURU ISKUSITE PUTOVANJE KROZ POVIJEST I KULTURU GRADA OSIJEKA Zatra\u017eite ponudu za storytelling interpretativne turisti\u010dke ture. Sve su ture izvo\u0111ene kao ambijetalne predstave od strane licencirane turisti\u010dke vodi\u010dke i interpretatorice ba\u0161tine Nikoline Ba\u0161karad.\u00a0Imate li neke napomene ili posebne \u017eelje slobodno ih navedite unutar obrasca.\u00a0 Nakon \u0161to po\u0161aljete upit za ponudu u \u0161to [&hellip;]\" \/>\n<meta property=\"og:url\" content=\"https:\/\/reactor.hr\/en\/zatrazi-ponudu-za-turu-cipelcugom-po-osijeku\/\" \/>\n<meta property=\"og:site_name\" content=\"REACTOR\" \/>\n<meta property=\"article:publisher\" content=\"https:\/\/web.facebook.com\/artinaobrt\" \/>\n<meta property=\"article:modified_time\" content=\"2025-12-09T10:31:05+00:00\" \/>\n<meta name=\"twitter:card\" content=\"summary_large_image\" \/>\n<meta name=\"twitter:label1\" content=\"Est. reading time\" \/>\n\t<meta name=\"twitter:data1\" content=\"1 minute\" \/>\n<script type=\"application\/ld+json\" class=\"yoast-schema-graph\">{\"@context\":\"https:\/\/schema.org\",\"@graph\":[{\"@type\":\"WebPage\",\"@id\":\"https:\/\/reactor.hr\/zatrazi-ponudu-za-turu-cipelcugom-po-osijeku\/\",\"url\":\"https:\/\/reactor.hr\/zatrazi-ponudu-za-turu-cipelcugom-po-osijeku\/\",\"name\":\"Zatra\u017ei ponudu za turu Cipelcugom po Osijeku - REACTOR\",\"isPartOf\":{\"@id\":\"https:\/\/reactor.hr\/#website\"},\"datePublished\":\"2024-08-20T09:38:27+00:00\",\"dateModified\":\"2025-12-09T10:31:05+00:00\",\"breadcrumb\":{\"@id\":\"https:\/\/reactor.hr\/zatrazi-ponudu-za-turu-cipelcugom-po-osijeku\/#breadcrumb\"},\"inLanguage\":\"en-US\",\"potentialAction\":[{\"@type\":\"ReadAction\",\"target\":[\"https:\/\/reactor.hr\/zatrazi-ponudu-za-turu-cipelcugom-po-osijeku\/\"]}]},{\"@type\":\"BreadcrumbList\",\"@id\":\"https:\/\/reactor.hr\/zatrazi-ponudu-za-turu-cipelcugom-po-osijeku\/#breadcrumb\",\"itemListElement\":[{\"@type\":\"ListItem\",\"position\":1,\"name\":\"Home\",\"item\":\"https:\/\/reactor.hr\/\"},{\"@type\":\"ListItem\",\"position\":2,\"name\":\"Zatra\u017ei ponudu za turu Cipelcugom po Osijeku\"}]},{\"@type\":\"WebSite\",\"@id\":\"https:\/\/reactor.hr\/#website\",\"url\":\"https:\/\/reactor.hr\/\",\"name\":\"REACTOR\",\"description\":\"Osna\u017eivanje i \u0161irenje kulture i turizma, osmi\u0161ljanje kulturno \u2013 turisti\u010dke ponude kroz storytelling\",\"publisher\":{\"@id\":\"https:\/\/reactor.hr\/#organization\"},\"potentialAction\":[{\"@type\":\"SearchAction\",\"target\":{\"@type\":\"EntryPoint\",\"urlTemplate\":\"https:\/\/reactor.hr\/?s={search_term_string}\"},\"query-input\":{\"@type\":\"PropertyValueSpecification\",\"valueRequired\":true,\"valueName\":\"search_term_string\"}}],\"inLanguage\":\"en-US\"},{\"@type\":\"Organization\",\"@id\":\"https:\/\/reactor.hr\/#organization\",\"name\":\"REACTOR\",\"url\":\"https:\/\/reactor.hr\/\",\"logo\":{\"@type\":\"ImageObject\",\"inLanguage\":\"en-US\",\"@id\":\"https:\/\/reactor.hr\/#\/schema\/logo\/image\/\",\"url\":\"https:\/\/reactor.hr\/wp-content\/uploads\/2024\/06\/Logo1.png\",\"contentUrl\":\"https:\/\/reactor.hr\/wp-content\/uploads\/2024\/06\/Logo1.png\",\"width\":2983,\"height\":1259,\"caption\":\"REACTOR\"},\"image\":{\"@id\":\"https:\/\/reactor.hr\/#\/schema\/logo\/image\/\"},\"sameAs\":[\"https:\/\/web.facebook.com\/artinaobrt\",\"https:\/\/www.instagram.com\/reactor_obrt\/\"]}]}<\/script>\n<!-- \/ Yoast SEO plugin. -->","yoast_head_json":{"title":"Zatra\u017ei ponudu za turu Cipelcugom po Osijeku - REACTOR","robots":{"index":"index","follow":"follow","max-snippet":"max-snippet:-1","max-image-preview":"max-image-preview:large","max-video-preview":"max-video-preview:-1"},"canonical":"https:\/\/reactor.hr\/en\/zatrazi-ponudu-za-turu-cipelcugom-po-osijeku\/","og_locale":"en_US","og_type":"article","og_title":"Zatra\u017ei ponudu za turu Cipelcugom po Osijeku - REACTOR","og_description":"ZATRA\u017dI PONUDU ZA TURU ISKUSITE PUTOVANJE KROZ POVIJEST I KULTURU GRADA OSIJEKA Zatra\u017eite ponudu za storytelling interpretativne turisti\u010dke ture. Sve su ture izvo\u0111ene kao ambijetalne predstave od strane licencirane turisti\u010dke vodi\u010dke i interpretatorice ba\u0161tine Nikoline Ba\u0161karad.\u00a0Imate li neke napomene ili posebne \u017eelje slobodno ih navedite unutar obrasca.\u00a0 Nakon \u0161to po\u0161aljete upit za ponudu u \u0161to [&hellip;]","og_url":"https:\/\/reactor.hr\/en\/zatrazi-ponudu-za-turu-cipelcugom-po-osijeku\/","og_site_name":"REACTOR","article_publisher":"https:\/\/web.facebook.com\/artinaobrt","article_modified_time":"2025-12-09T10:31:05+00:00","twitter_card":"summary_large_image","twitter_misc":{"Est. reading time":"1 minute"},"schema":{"@context":"https:\/\/schema.org","@graph":[{"@type":"WebPage","@id":"https:\/\/reactor.hr\/zatrazi-ponudu-za-turu-cipelcugom-po-osijeku\/","url":"https:\/\/reactor.hr\/zatrazi-ponudu-za-turu-cipelcugom-po-osijeku\/","name":"Zatra\u017ei ponudu za turu Cipelcugom po Osijeku - REACTOR","isPartOf":{"@id":"https:\/\/reactor.hr\/#website"},"datePublished":"2024-08-20T09:38:27+00:00","dateModified":"2025-12-09T10:31:05+00:00","breadcrumb":{"@id":"https:\/\/reactor.hr\/zatrazi-ponudu-za-turu-cipelcugom-po-osijeku\/#breadcrumb"},"inLanguage":"en-US","potentialAction":[{"@type":"ReadAction","target":["https:\/\/reactor.hr\/zatrazi-ponudu-za-turu-cipelcugom-po-osijeku\/"]}]},{"@type":"BreadcrumbList","@id":"https:\/\/reactor.hr\/zatrazi-ponudu-za-turu-cipelcugom-po-osijeku\/#breadcrumb","itemListElement":[{"@type":"ListItem","position":1,"name":"Home","item":"https:\/\/reactor.hr\/"},{"@type":"ListItem","position":2,"name":"Zatra\u017ei ponudu za turu Cipelcugom po Osijeku"}]},{"@type":"WebSite","@id":"https:\/\/reactor.hr\/#website","url":"https:\/\/reactor.hr\/","name":"REACTOR","description":"Osna\u017eivanje i \u0161irenje kulture i turizma, osmi\u0161ljanje kulturno \u2013 turisti\u010dke ponude kroz storytelling","publisher":{"@id":"https:\/\/reactor.hr\/#organization"},"potentialAction":[{"@type":"SearchAction","target":{"@type":"EntryPoint","urlTemplate":"https:\/\/reactor.hr\/?s={search_term_string}"},"query-input":{"@type":"PropertyValueSpecification","valueRequired":true,"valueName":"search_term_string"}}],"inLanguage":"en-US"},{"@type":"Organization","@id":"https:\/\/reactor.hr\/#organization","name":"REACTOR","url":"https:\/\/reactor.hr\/","logo":{"@type":"ImageObject","inLanguage":"en-US","@id":"https:\/\/reactor.hr\/#\/schema\/logo\/image\/","url":"https:\/\/reactor.hr\/wp-content\/uploads\/2024\/06\/Logo1.png","contentUrl":"https:\/\/reactor.hr\/wp-content\/uploads\/2024\/06\/Logo1.png","width":2983,"height":1259,"caption":"REACTOR"},"image":{"@id":"https:\/\/reactor.hr\/#\/schema\/logo\/image\/"},"sameAs":["https:\/\/web.facebook.com\/artinaobrt","https:\/\/www.instagram.com\/reactor_obrt\/"]}]}},"_links":{"self":[{"href":"https:\/\/reactor.hr\/en\/wp-json\/wp\/v2\/pages\/796","targetHints":{"allow":["GET"]}}],"collection":[{"href":"https:\/\/reactor.hr\/en\/wp-json\/wp\/v2\/pages"}],"about":[{"href":"https:\/\/reactor.hr\/en\/wp-json\/wp\/v2\/types\/page"}],"author":[{"embeddable":true,"href":"https:\/\/reactor.hr\/en\/wp-json\/wp\/v2\/users\/1"}],"replies":[{"embeddable":true,"href":"https:\/\/reactor.hr\/en\/wp-json\/wp\/v2\/comments?post=796"}],"version-history":[{"count":25,"href":"https:\/\/reactor.hr\/en\/wp-json\/wp\/v2\/pages\/796\/revisions"}],"predecessor-version":[{"id":2125,"href":"https:\/\/reactor.hr\/en\/wp-json\/wp\/v2\/pages\/796\/revisions\/2125"}],"wp:attachment":[{"href":"https:\/\/reactor.hr\/en\/wp-json\/wp\/v2\/media?parent=796"}],"curies":[{"name":"wp","href":"https:\/\/api.w.org\/{rel}","templated":true}]}}