{"id":605,"date":"2024-08-12T11:10:39","date_gmt":"2024-08-12T11:10:39","guid":{"rendered":"https:\/\/reactor.hr\/?page_id=605"},"modified":"2025-12-09T10:32:47","modified_gmt":"2025-12-09T10:32:47","slug":"kolacici","status":"publish","type":"page","link":"https:\/\/reactor.hr\/en\/kolacici\/","title":{"rendered":"Cookies"},"content":{"rendered":"<div data-elementor-type=\"wp-page\" data-elementor-id=\"605\" class=\"elementor elementor-605\" data-elementor-post-type=\"page\">\n\t\t\t\t<div class=\"elementor-element elementor-element-11e041e e-flex e-con-boxed e-con e-parent\" data-id=\"11e041e\" data-element_type=\"container\" data-settings=\"{&quot;background_background&quot;:&quot;classic&quot;}\">\n\t\t\t\t\t<div class=\"e-con-inner\">\n\t\t\t\t<div class=\"elementor-element elementor-element-2b09ea8 elementor-widget elementor-widget-heading\" data-id=\"2b09ea8\" data-element_type=\"widget\" data-widget_type=\"heading.default\">\n\t\t\t\t<div class=\"elementor-widget-container\">\n\t\t\t\t\t<h2 class=\"elementor-heading-title elementor-size-default\">Cookies<\/h2>\t\t\t\t<\/div>\n\t\t\t\t<\/div>\n\t\t\t\t\t<\/div>\n\t\t\t\t<\/div>\n\t\t<div class=\"elementor-element elementor-element-d55512a e-flex e-con-boxed e-con e-parent\" data-id=\"d55512a\" data-element_type=\"container\">\n\t\t\t\t\t<div class=\"e-con-inner\">\n\t\t<div class=\"elementor-element elementor-element-e04ce4e e-con-full e-flex e-con e-child\" data-id=\"e04ce4e\" data-element_type=\"container\">\n\t\t\t\t<div class=\"elementor-element elementor-element-2e352a3 elementor-widget elementor-widget-heading\" data-id=\"2e352a3\" data-element_type=\"widget\" data-widget_type=\"heading.default\">\n\t\t\t\t<div class=\"elementor-widget-container\">\n\t\t\t\t\t<h2 class=\"elementor-heading-title elementor-size-default\">What are cookies and how do we use them?<\/h2>\t\t\t\t<\/div>\n\t\t\t\t<\/div>\n\t\t\t\t<div class=\"elementor-element elementor-element-544bcf3 elementor-widget elementor-widget-text-editor\" data-id=\"544bcf3\" data-element_type=\"widget\" data-widget_type=\"text-editor.default\">\n\t\t\t\t<div class=\"elementor-widget-container\">\n\t\t\t\t\t\t\t\t\t<p>Cookies are small files that a site or its service provider transfers to your computer's hard drive via a web browser (if you allow it), which allows the site's system or service provider to recognize your browser, and retain and remember certain information. They are also used to help us understand your preferences based on past or current site activity, which allows us to provide you with better services. We also use cookies to help us collect comprehensive data about site traffic and interaction, all so that we can offer better user experiences and tools in the future.<\/p><p>Note: Our system does not allow any identification of the real user through the use of cookies.<\/p><p>We use cookies to:<\/p><ul><li>understanding and saving the user's settings for the purpose of future visits,<\/li><li>collecting comprehensive data about site traffic and interactions to offer better user experience and tools in the future.<\/li><\/ul><p><br \/>We may also use the services of a trusted third party that track this data for our purposes.<\/p><p>You can choose to have your computer alert you each time a cookie is sent, or you can choose to turn off all cookies. You can do this through your web browser settings (like Internet Explorer). Every browser is a little different, so check your browser's \u201cHelp\u201d menu to learn the correct way to change your cookies.<\/p><p>If the user disables cookies in their browser: If you disable cookies, some features will be disabled. This will turn off some of the features that make your user experience on our site more efficient and some of our services will not work properly.<\/p><p>It is considered that users are familiar with and agree to these terms of use and options regarding cookies at all times.<\/p>\t\t\t\t\t\t\t\t<\/div>\n\t\t\t\t<\/div>\n\t\t\t\t<div class=\"elementor-element elementor-element-a6518c4 elementor-widget elementor-widget-text-editor\" data-id=\"a6518c4\" data-element_type=\"widget\" data-widget_type=\"text-editor.default\">\n\t\t\t\t<div class=\"elementor-widget-container\">\n\t\t\t\t\t\t\t\t\t<p>We may update this cookie policy from time to time to reflect changes in our practices or relevant legal requirements.<\/p>\t\t\t\t\t\t\t\t<\/div>\n\t\t\t\t<\/div>\n\t\t\t\t<\/div>\n\t\t\t\t\t<\/div>\n\t\t\t\t<\/div>\n\t\t\t\t<\/div>","protected":false},"excerpt":{"rendered":"<p>KOLA\u010cI\u0106I \u0160to su kola\u010di\u0107i i kako ih koristimo? Kola\u010di\u0107i su male datoteke koje stranica ili njegov davatelj usluga prenosi na tvrdi disk va\u0161eg ra\u010dunala putem web preglednika (ukoliko mu dopustite), a koji omogu\u0107uje sustavu stranice ili pru\u017eatelju usluga prepoznavanje va\u0161eg preglednika, te zadr\u017ee i zapamte odre\u0111ene informacije. Oni se, tako\u0111er, koriste kako bi nam pomogli [&hellip;]<\/p>","protected":false},"author":1,"featured_media":0,"parent":0,"menu_order":0,"comment_status":"closed","ping_status":"closed","template":"elementor_header_footer","meta":{"footnotes":""},"class_list":["post-605","page","type-page","status-publish","hentry"],"yoast_head":"<!-- This site is optimized with the Yoast SEO plugin v26.5 - https:\/\/yoast.com\/wordpress\/plugins\/seo\/ -->\n<title>Kola\u010di\u0107i - REACTOR<\/title>\n<meta name=\"robots\" content=\"index, follow, max-snippet:-1, max-image-preview:large, max-video-preview:-1\" \/>\n<link rel=\"canonical\" href=\"https:\/\/reactor.hr\/en\/kolacici\/\" \/>\n<meta property=\"og:locale\" content=\"en_US\" \/>\n<meta property=\"og:type\" content=\"article\" \/>\n<meta property=\"og:title\" content=\"Kola\u010di\u0107i - REACTOR\" \/>\n<meta property=\"og:description\" content=\"KOLA\u010cI\u0106I \u0160to su kola\u010di\u0107i i kako ih koristimo? Kola\u010di\u0107i su male datoteke koje stranica ili njegov davatelj usluga prenosi na tvrdi disk va\u0161eg ra\u010dunala putem web preglednika (ukoliko mu dopustite), a koji omogu\u0107uje sustavu stranice ili pru\u017eatelju usluga prepoznavanje va\u0161eg preglednika, te zadr\u017ee i zapamte odre\u0111ene informacije. Oni se, tako\u0111er, koriste kako bi nam pomogli [&hellip;]\" \/>\n<meta property=\"og:url\" content=\"https:\/\/reactor.hr\/en\/kolacici\/\" \/>\n<meta property=\"og:site_name\" content=\"REACTOR\" \/>\n<meta property=\"article:publisher\" content=\"https:\/\/web.facebook.com\/artinaobrt\" \/>\n<meta property=\"article:modified_time\" content=\"2025-12-09T10:32:47+00:00\" \/>\n<meta name=\"twitter:card\" content=\"summary_large_image\" \/>\n<meta name=\"twitter:label1\" content=\"Est. reading time\" \/>\n\t<meta name=\"twitter:data1\" content=\"2 minutes\" \/>\n<script type=\"application\/ld+json\" class=\"yoast-schema-graph\">{\"@context\":\"https:\/\/schema.org\",\"@graph\":[{\"@type\":\"WebPage\",\"@id\":\"https:\/\/reactor.hr\/kolacici\/\",\"url\":\"https:\/\/reactor.hr\/kolacici\/\",\"name\":\"Kola\u010di\u0107i - REACTOR\",\"isPartOf\":{\"@id\":\"https:\/\/reactor.hr\/#website\"},\"datePublished\":\"2024-08-12T11:10:39+00:00\",\"dateModified\":\"2025-12-09T10:32:47+00:00\",\"breadcrumb\":{\"@id\":\"https:\/\/reactor.hr\/kolacici\/#breadcrumb\"},\"inLanguage\":\"en-US\",\"potentialAction\":[{\"@type\":\"ReadAction\",\"target\":[\"https:\/\/reactor.hr\/kolacici\/\"]}]},{\"@type\":\"BreadcrumbList\",\"@id\":\"https:\/\/reactor.hr\/kolacici\/#breadcrumb\",\"itemListElement\":[{\"@type\":\"ListItem\",\"position\":1,\"name\":\"Home\",\"item\":\"https:\/\/reactor.hr\/\"},{\"@type\":\"ListItem\",\"position\":2,\"name\":\"Kola\u010di\u0107i\"}]},{\"@type\":\"WebSite\",\"@id\":\"https:\/\/reactor.hr\/#website\",\"url\":\"https:\/\/reactor.hr\/\",\"name\":\"REACTOR\",\"description\":\"Osna\u017eivanje i \u0161irenje kulture i turizma, osmi\u0161ljanje kulturno \u2013 turisti\u010dke ponude kroz storytelling\",\"publisher\":{\"@id\":\"https:\/\/reactor.hr\/#organization\"},\"potentialAction\":[{\"@type\":\"SearchAction\",\"target\":{\"@type\":\"EntryPoint\",\"urlTemplate\":\"https:\/\/reactor.hr\/?s={search_term_string}\"},\"query-input\":{\"@type\":\"PropertyValueSpecification\",\"valueRequired\":true,\"valueName\":\"search_term_string\"}}],\"inLanguage\":\"en-US\"},{\"@type\":\"Organization\",\"@id\":\"https:\/\/reactor.hr\/#organization\",\"name\":\"REACTOR\",\"url\":\"https:\/\/reactor.hr\/\",\"logo\":{\"@type\":\"ImageObject\",\"inLanguage\":\"en-US\",\"@id\":\"https:\/\/reactor.hr\/#\/schema\/logo\/image\/\",\"url\":\"https:\/\/reactor.hr\/wp-content\/uploads\/2024\/06\/Logo1.png\",\"contentUrl\":\"https:\/\/reactor.hr\/wp-content\/uploads\/2024\/06\/Logo1.png\",\"width\":2983,\"height\":1259,\"caption\":\"REACTOR\"},\"image\":{\"@id\":\"https:\/\/reactor.hr\/#\/schema\/logo\/image\/\"},\"sameAs\":[\"https:\/\/web.facebook.com\/artinaobrt\",\"https:\/\/www.instagram.com\/reactor_obrt\/\"]}]}<\/script>\n<!-- \/ Yoast SEO plugin. -->","yoast_head_json":{"title":"Kola\u010di\u0107i - REACTOR","robots":{"index":"index","follow":"follow","max-snippet":"max-snippet:-1","max-image-preview":"max-image-preview:large","max-video-preview":"max-video-preview:-1"},"canonical":"https:\/\/reactor.hr\/en\/kolacici\/","og_locale":"en_US","og_type":"article","og_title":"Kola\u010di\u0107i - REACTOR","og_description":"KOLA\u010cI\u0106I \u0160to su kola\u010di\u0107i i kako ih koristimo? Kola\u010di\u0107i su male datoteke koje stranica ili njegov davatelj usluga prenosi na tvrdi disk va\u0161eg ra\u010dunala putem web preglednika (ukoliko mu dopustite), a koji omogu\u0107uje sustavu stranice ili pru\u017eatelju usluga prepoznavanje va\u0161eg preglednika, te zadr\u017ee i zapamte odre\u0111ene informacije. Oni se, tako\u0111er, koriste kako bi nam pomogli [&hellip;]","og_url":"https:\/\/reactor.hr\/en\/kolacici\/","og_site_name":"REACTOR","article_publisher":"https:\/\/web.facebook.com\/artinaobrt","article_modified_time":"2025-12-09T10:32:47+00:00","twitter_card":"summary_large_image","twitter_misc":{"Est. reading time":"2 minutes"},"schema":{"@context":"https:\/\/schema.org","@graph":[{"@type":"WebPage","@id":"https:\/\/reactor.hr\/kolacici\/","url":"https:\/\/reactor.hr\/kolacici\/","name":"Kola\u010di\u0107i - REACTOR","isPartOf":{"@id":"https:\/\/reactor.hr\/#website"},"datePublished":"2024-08-12T11:10:39+00:00","dateModified":"2025-12-09T10:32:47+00:00","breadcrumb":{"@id":"https:\/\/reactor.hr\/kolacici\/#breadcrumb"},"inLanguage":"en-US","potentialAction":[{"@type":"ReadAction","target":["https:\/\/reactor.hr\/kolacici\/"]}]},{"@type":"BreadcrumbList","@id":"https:\/\/reactor.hr\/kolacici\/#breadcrumb","itemListElement":[{"@type":"ListItem","position":1,"name":"Home","item":"https:\/\/reactor.hr\/"},{"@type":"ListItem","position":2,"name":"Kola\u010di\u0107i"}]},{"@type":"WebSite","@id":"https:\/\/reactor.hr\/#website","url":"https:\/\/reactor.hr\/","name":"REACTOR","description":"Osna\u017eivanje i \u0161irenje kulture i turizma, osmi\u0161ljanje kulturno \u2013 turisti\u010dke ponude kroz storytelling","publisher":{"@id":"https:\/\/reactor.hr\/#organization"},"potentialAction":[{"@type":"SearchAction","target":{"@type":"EntryPoint","urlTemplate":"https:\/\/reactor.hr\/?s={search_term_string}"},"query-input":{"@type":"PropertyValueSpecification","valueRequired":true,"valueName":"search_term_string"}}],"inLanguage":"en-US"},{"@type":"Organization","@id":"https:\/\/reactor.hr\/#organization","name":"REACTOR","url":"https:\/\/reactor.hr\/","logo":{"@type":"ImageObject","inLanguage":"en-US","@id":"https:\/\/reactor.hr\/#\/schema\/logo\/image\/","url":"https:\/\/reactor.hr\/wp-content\/uploads\/2024\/06\/Logo1.png","contentUrl":"https:\/\/reactor.hr\/wp-content\/uploads\/2024\/06\/Logo1.png","width":2983,"height":1259,"caption":"REACTOR"},"image":{"@id":"https:\/\/reactor.hr\/#\/schema\/logo\/image\/"},"sameAs":["https:\/\/web.facebook.com\/artinaobrt","https:\/\/www.instagram.com\/reactor_obrt\/"]}]}},"_links":{"self":[{"href":"https:\/\/reactor.hr\/en\/wp-json\/wp\/v2\/pages\/605","targetHints":{"allow":["GET"]}}],"collection":[{"href":"https:\/\/reactor.hr\/en\/wp-json\/wp\/v2\/pages"}],"about":[{"href":"https:\/\/reactor.hr\/en\/wp-json\/wp\/v2\/types\/page"}],"author":[{"embeddable":true,"href":"https:\/\/reactor.hr\/en\/wp-json\/wp\/v2\/users\/1"}],"replies":[{"embeddable":true,"href":"https:\/\/reactor.hr\/en\/wp-json\/wp\/v2\/comments?post=605"}],"version-history":[{"count":10,"href":"https:\/\/reactor.hr\/en\/wp-json\/wp\/v2\/pages\/605\/revisions"}],"predecessor-version":[{"id":1549,"href":"https:\/\/reactor.hr\/en\/wp-json\/wp\/v2\/pages\/605\/revisions\/1549"}],"wp:attachment":[{"href":"https:\/\/reactor.hr\/en\/wp-json\/wp\/v2\/media?parent=605"}],"curies":[{"name":"wp","href":"https:\/\/api.w.org\/{rel}","templated":true}]}}