{"id":28,"date":"2024-06-19T16:51:27","date_gmt":"2024-06-19T16:51:27","guid":{"rendered":"https:\/\/reactor.hr\/?page_id=28"},"modified":"2025-12-09T10:31:44","modified_gmt":"2025-12-09T10:31:44","slug":"za-vrtice-i-skole","status":"publish","type":"page","link":"https:\/\/reactor.hr\/en\/za-vrtice-i-skole\/","title":{"rendered":"Za vrti\u0107e i \u0161kole"},"content":{"rendered":"<div data-elementor-type=\"wp-page\" data-elementor-id=\"28\" class=\"elementor elementor-28\" data-elementor-post-type=\"page\">\n\t\t\t\t<div class=\"elementor-element elementor-element-63df0bf e-flex e-con-boxed e-con e-parent\" data-id=\"63df0bf\" data-element_type=\"container\" data-settings=\"{&quot;background_background&quot;:&quot;classic&quot;}\">\n\t\t\t\t\t<div class=\"e-con-inner\">\n\t\t\t\t<div class=\"elementor-element elementor-element-52242bf elementor-widget elementor-widget-heading\" data-id=\"52242bf\" data-element_type=\"widget\" data-widget_type=\"heading.default\">\n\t\t\t\t<div class=\"elementor-widget-container\">\n\t\t\t\t\t<h2 class=\"elementor-heading-title elementor-size-default\">VRTI\u0106I I \u0160KOLE<\/h2>\t\t\t\t<\/div>\n\t\t\t\t<\/div>\n\t\t\t\t\t<\/div>\n\t\t\t\t<\/div>\n\t\t<div class=\"elementor-element elementor-element-5cbefcc e-flex e-con-boxed e-con e-parent\" data-id=\"5cbefcc\" data-element_type=\"container\">\n\t\t\t\t\t<div class=\"e-con-inner\">\n\t\t<div class=\"elementor-element elementor-element-27b524a e-con-full e-flex e-con e-child\" data-id=\"27b524a\" data-element_type=\"container\">\n\t\t<div class=\"elementor-element elementor-element-3ba9651 e-con-full e-flex e-con e-child\" data-id=\"3ba9651\" data-element_type=\"container\">\n\t\t\t\t<div class=\"elementor-element elementor-element-fcd2f26 elementor-widget elementor-widget-text-editor\" data-id=\"fcd2f26\" data-element_type=\"widget\" data-widget_type=\"text-editor.default\">\n\t\t\t\t<div class=\"elementor-widget-container\">\n\t\t\t\t\t\t\t\t\t<p>Na\u0161e ture za vrti\u0107e i \u0161kole prilago\u0111ene su dje\u010djoj znati\u017eelji i energiji, omogu\u0107uju\u0107i im da kroz igru i zabavu otkriju povijest Osijeka. Djeca \u0107e imati priliku sudjelovati u kreativnim radionicama, glumiti likove iz pro\u0161losti, te istra\u017eiti skrivene kutke grada uz pri\u010de koje o\u017eivljavaju povijest na njima razumljiv i zanimljiv na\u010din. Svaka tura je interaktivna avantura koja poti\u010de ma\u0161tu i u\u010di djecu o va\u017enosti na\u0161e ba\u0161tine.<\/p><p class=\"p1\">Ako imate ideje za nove projekte ili vid suradnje slobodno se javite pa zajedno razvijemo ideju. S nama je mogu\u0107e dogovoriti i radionice dramske pedagogije-metode i tehnike u nastavi, kako re\u017eirati \u0161kolsku predstavu i sli\u010dno.<\/p>\t\t\t\t\t\t\t\t<\/div>\n\t\t\t\t<\/div>\n\t\t\t\t<div class=\"elementor-element elementor-element-ebe6790 elementor-widget elementor-widget-text-editor\" data-id=\"ebe6790\" data-element_type=\"widget\" data-widget_type=\"text-editor.default\">\n\t\t\t\t<div class=\"elementor-widget-container\">\n\t\t\t\t\t\t\t\t\t<p class=\"p1\">Ciljevi <span class=\"s1\">programa<\/span>:<\/p><ul><li class=\"p2\">Poticanje kreativnosti i ma\u0161tovitosti kod djece.<\/li><li class=\"p2\">Razvijanje jezi\u010dnih i komunikacijskih vje\u0161tina kroz pri\u010danje pri\u010da i sudjelovanje u dramskim igrama.<\/li><li class=\"p2\">Promicanje suradnje i timskog rada me\u0111u djecom.<\/li><li class=\"p2\">U\u010denje o va\u017enosti zajedni\u010dkog stvaranja i dijeljenja pri\u010da.<\/li><li class=\"p2\">Ja\u010danje kognitivnih sposobnosti.<\/li><li class=\"p2\">Upoznavanje lokalne ba\u0161tine.<\/li><\/ul>\t\t\t\t\t\t\t\t<\/div>\n\t\t\t\t<\/div>\n\t\t\t\t<div class=\"elementor-element elementor-element-79caf2c elementor-widget elementor-widget-button\" data-id=\"79caf2c\" data-element_type=\"widget\" data-widget_type=\"button.default\">\n\t\t\t\t<div class=\"elementor-widget-container\">\n\t\t\t\t\t\t\t\t\t<div class=\"elementor-button-wrapper\">\n\t\t\t\t\t<a class=\"elementor-button elementor-button-link elementor-size-sm\" href=\"https:\/\/reactor.hr\/en\/zatrazi-ponudu-za-vrtice-ili-skole\/\">\n\t\t\t\t\t\t<span class=\"elementor-button-content-wrapper\">\n\t\t\t\t\t\t<span class=\"elementor-button-icon\">\n\t\t\t\t<svg aria-hidden=\"true\" class=\"e-font-icon-svg e-fas-arrow-right\" viewbox=\"0 0 448 512\" xmlns=\"http:\/\/www.w3.org\/2000\/svg\"><path d=\"M190.5 66.9l22.2-22.2c9.4-9.4 24.6-9.4 33.9 0L441 239c9.4 9.4 9.4 24.6 0 33.9L246.6 467.3c-9.4 9.4-24.6 9.4-33.9 0l-22.2-22.2c-9.5-9.5-9.3-25 .4-34.3L311.4 296H24c-13.3 0-24-10.7-24-24v-32c0-13.3 10.7-24 24-24h287.4L190.9 101.2c-9.8-9.3-10-24.8-.4-34.3z\"><\/path><\/svg>\t\t\t<\/span>\n\t\t\t\t\t\t\t\t\t<span class=\"elementor-button-text\">Zatra\u017ei ponudu<\/span>\n\t\t\t\t\t<\/span>\n\t\t\t\t\t<\/a>\n\t\t\t\t<\/div>\n\t\t\t\t\t\t\t\t<\/div>\n\t\t\t\t<\/div>\n\t\t\t\t<\/div>\n\t\t<div class=\"elementor-element elementor-element-4df386b e-con-full e-flex e-con e-child\" data-id=\"4df386b\" data-element_type=\"container\">\n\t\t\t\t<div class=\"elementor-element elementor-element-8124155 elementor-widget elementor-widget-image\" data-id=\"8124155\" data-element_type=\"widget\" data-widget_type=\"image.default\">\n\t\t\t\t<div class=\"elementor-widget-container\">\n\t\t\t\t\t\t\t\t\t\t\t\t\t\t\t<img fetchpriority=\"high\" decoding=\"async\" width=\"800\" height=\"600\" src=\"https:\/\/reactor.hr\/wp-content\/uploads\/2024\/08\/VrticiISkole-1024x768.jpg\" class=\"attachment-large size-large wp-image-563\" alt=\"\" srcset=\"https:\/\/reactor.hr\/wp-content\/uploads\/2024\/08\/VrticiISkole-1024x768.jpg 1024w, https:\/\/reactor.hr\/wp-content\/uploads\/2024\/08\/VrticiISkole-300x225.jpg 300w, https:\/\/reactor.hr\/wp-content\/uploads\/2024\/08\/VrticiISkole-768x576.jpg 768w, https:\/\/reactor.hr\/wp-content\/uploads\/2024\/08\/VrticiISkole-16x12.jpg 16w, https:\/\/reactor.hr\/wp-content\/uploads\/2024\/08\/VrticiISkole.jpg 1137w\" sizes=\"(max-width: 800px) 100vw, 800px\" \/>\t\t\t\t\t\t\t\t\t\t\t\t\t\t\t<\/div>\n\t\t\t\t<\/div>\n\t\t\t\t<div class=\"elementor-element elementor-element-e1745a9 elementor-widget elementor-widget-image\" data-id=\"e1745a9\" data-element_type=\"widget\" data-widget_type=\"image.default\">\n\t\t\t\t<div class=\"elementor-widget-container\">\n\t\t\t\t\t\t\t\t\t\t\t\t\t\t\t<img decoding=\"async\" width=\"800\" height=\"600\" src=\"https:\/\/reactor.hr\/wp-content\/uploads\/2025\/01\/ULabudovojUlici-Slika1.jpg\" class=\"attachment-large size-large wp-image-1946\" alt=\"\" srcset=\"https:\/\/reactor.hr\/wp-content\/uploads\/2025\/01\/ULabudovojUlici-Slika1.jpg 800w, https:\/\/reactor.hr\/wp-content\/uploads\/2025\/01\/ULabudovojUlici-Slika1-300x225.jpg 300w, https:\/\/reactor.hr\/wp-content\/uploads\/2025\/01\/ULabudovojUlici-Slika1-768x576.jpg 768w, https:\/\/reactor.hr\/wp-content\/uploads\/2025\/01\/ULabudovojUlici-Slika1-16x12.jpg 16w\" sizes=\"(max-width: 800px) 100vw, 800px\" \/>\t\t\t\t\t\t\t\t\t\t\t\t\t\t\t<\/div>\n\t\t\t\t<\/div>\n\t\t\t\t<\/div>\n\t\t\t\t<\/div>\n\t\t\t\t\t<\/div>\n\t\t\t\t<\/div>\n\t\t<div class=\"elementor-element elementor-element-14b76e4 e-flex e-con-boxed e-con e-parent\" data-id=\"14b76e4\" data-element_type=\"container\">\n\t\t\t\t\t<div class=\"e-con-inner\">\n\t\t<div class=\"elementor-element elementor-element-a73894e e-con-full e-flex e-con e-child\" data-id=\"a73894e\" data-element_type=\"container\" data-settings=\"{&quot;background_background&quot;:&quot;classic&quot;}\">\n\t\t<div class=\"elementor-element elementor-element-bf11a03 e-con-full e-flex e-con e-child\" data-id=\"bf11a03\" data-element_type=\"container\">\n\t\t\t\t<div class=\"elementor-element elementor-element-71ec462 elementor-widget elementor-widget-heading\" data-id=\"71ec462\" data-element_type=\"widget\" data-widget_type=\"heading.default\">\n\t\t\t\t<div class=\"elementor-widget-container\">\n\t\t\t\t\t<h2 class=\"elementor-heading-title elementor-size-default\">Knjigolina vam\npri\u010da<\/h2>\t\t\t\t<\/div>\n\t\t\t\t<\/div>\n\t\t\t\t<div class=\"elementor-element elementor-element-29c7dbc elementor-widget elementor-widget-heading\" data-id=\"29c7dbc\" data-element_type=\"widget\" data-widget_type=\"heading.default\">\n\t\t\t\t<div class=\"elementor-widget-container\">\n\t\t\t\t\t<h4 class=\"elementor-heading-title elementor-size-default\">Storytelling programi<\/h4>\t\t\t\t<\/div>\n\t\t\t\t<\/div>\n\t\t\t\t<div class=\"elementor-element elementor-element-191b6c8 elementor-widget elementor-widget-text-editor\" data-id=\"191b6c8\" data-element_type=\"widget\" data-widget_type=\"text-editor.default\">\n\t\t\t\t<div class=\"elementor-widget-container\">\n\t\t\t\t\t\t\t\t\t<p class=\"p1\">Trajanje: 45min. (30 min. storytellinga i 15 min. radionice kroz koju ponavljamo \u0161to smo nau\u010dili kroz kreativne zadatke i izazove).<\/p><p class=\"p1\">Idealna veli\u010dina grupe je 25 djece do maximalnih 30.<\/p><p class=\"p1\">Cijena: 4,00 EUR-a po djetetu<\/p>\t\t\t\t\t\t\t\t<\/div>\n\t\t\t\t<\/div>\n\t\t\t\t<div class=\"elementor-element elementor-element-00cc089 elementor-widget elementor-widget-heading\" data-id=\"00cc089\" data-element_type=\"widget\" data-widget_type=\"heading.default\">\n\t\t\t\t<div class=\"elementor-widget-container\">\n\t\t\t\t\t<h2 class=\"elementor-heading-title elementor-size-default\">Po putu sa \u017eabicom Milicom \/ Svijet \u017eivotinja\nKopa\u010dkog rita<\/h2>\t\t\t\t<\/div>\n\t\t\t\t<\/div>\n\t\t\t\t<div class=\"elementor-element elementor-element-ee7fdcf elementor-widget elementor-widget-text-editor\" data-id=\"ee7fdcf\" data-element_type=\"widget\" data-widget_type=\"text-editor.default\">\n\t\t\t\t<div class=\"elementor-widget-container\">\n\t\t\t\t\t\t\t\t\t<p class=\"p1\">Knjigolina pri\u010da basnu o stanovnicima Kopa\u010dkog rita, izazovima s kojima se susre\u0107u, njihovim vrlinama, manama i na\u010dinu \u017eivota u \u0161umama i mo\u010dvarama Kopa\u010dkog rita. Glavni lik je \u017eabica Milica koja u izazovnom trenutku ujedini \u017eivotinje kako bi svi zajedno sretno i veselo \u017eivjeli.<\/p><p class=\"p1\">Djeca \u0107e slu\u0161ati pri\u010de o \u017eivotinjama, u\u010diti o njihovim osobitostima i pona\u0161anju. Dramske igre uklju\u010divat \u0107e glumu \u017eivotinja i stvaranje kratkih scena s njima. Zajedno \u0107e kreirati pri\u010du o \u0161umi i njezinim stanovnicima.<\/p>\t\t\t\t\t\t\t\t<\/div>\n\t\t\t\t<\/div>\n\t\t\t\t<div class=\"elementor-element elementor-element-0cf9271 elementor-widget-divider--view-line elementor-widget elementor-widget-divider\" data-id=\"0cf9271\" data-element_type=\"widget\" data-widget_type=\"divider.default\">\n\t\t\t\t<div class=\"elementor-widget-container\">\n\t\t\t\t\t\t\t<div class=\"elementor-divider\">\n\t\t\t<span class=\"elementor-divider-separator\">\n\t\t\t\t\t\t<\/span>\n\t\t<\/div>\n\t\t\t\t\t\t<\/div>\n\t\t\t\t<\/div>\n\t\t\t\t<div class=\"elementor-element elementor-element-5b4b625 elementor-widget elementor-widget-heading\" data-id=\"5b4b625\" data-element_type=\"widget\" data-widget_type=\"heading.default\">\n\t\t\t\t<div class=\"elementor-widget-container\">\n\t\t\t\t\t<h2 class=\"elementor-heading-title elementor-size-default\">Volos i Crvena Marta \/ Slavenski i Slavonsko-\nbaranjski mitovi i legende<\/h2>\t\t\t\t<\/div>\n\t\t\t\t<\/div>\n\t\t\t\t<div class=\"elementor-element elementor-element-68ee25c elementor-widget elementor-widget-text-editor\" data-id=\"68ee25c\" data-element_type=\"widget\" data-widget_type=\"text-editor.default\">\n\t\t\t\t<div class=\"elementor-widget-container\">\n\t\t\t\t\t\t\t\t\t<p class=\"p1\">Knjigolina pri\u010da pri\u010du u kojoj se isprepli\u0107u sudbine grofice Crvene Marte, vladarice Zmajevca i Batine te boga Volosa, vladara podzemlja, zmajeva i dolina. Crvena Marta tijekom svoje vladavine bila jako zlo\u010desta. Za to je doznao bog Volos i do\u0161ao se sam uvjeriti u pri\u010de koje o njoj kru\u017ee. Volos je do\u0161ao na zmaju koji i danas spava i brdu iznad Zmajevca i \u010duva ljude i stoku od zla.<\/p><p class=\"p1\">Djeca \u0107e slu\u0161ati pri\u010de o crvenoj Marti i Volosu. Kroz dramske igre i improvizacije i glumu kreirat \u0107e zajedno kratke scene i dijelove pri\u010de vo\u0111eni Knjigolinom. Zajedno \u0107e kreirati pri\u010du.<\/p>\t\t\t\t\t\t\t\t<\/div>\n\t\t\t\t<\/div>\n\t\t\t\t<div class=\"elementor-element elementor-element-8652edf elementor-widget-divider--view-line elementor-widget elementor-widget-divider\" data-id=\"8652edf\" data-element_type=\"widget\" data-widget_type=\"divider.default\">\n\t\t\t\t<div class=\"elementor-widget-container\">\n\t\t\t\t\t\t\t<div class=\"elementor-divider\">\n\t\t\t<span class=\"elementor-divider-separator\">\n\t\t\t\t\t\t<\/span>\n\t\t<\/div>\n\t\t\t\t\t\t<\/div>\n\t\t\t\t<\/div>\n\t\t\t\t<div class=\"elementor-element elementor-element-9dccb2a elementor-widget elementor-widget-heading\" data-id=\"9dccb2a\" data-element_type=\"widget\" data-widget_type=\"heading.default\">\n\t\t\t\t<div class=\"elementor-widget-container\">\n\t\t\t\t\t<h2 class=\"elementor-heading-title elementor-size-default\">Timba u zanatskoj \u010daroliji \/ Lav Timba u potrazi za novim poslom<\/h2>\t\t\t\t<\/div>\n\t\t\t\t<\/div>\n\t\t\t\t<div class=\"elementor-element elementor-element-d5c0fd8 elementor-widget elementor-widget-text-editor\" data-id=\"d5c0fd8\" data-element_type=\"widget\" data-widget_type=\"text-editor.default\">\n\t\t\t\t<div class=\"elementor-widget-container\">\n\t\t\t\t\t\t\t\t\t<p class=\"p1\">Pri\u010da o barunici Paulini Hermann i njenom lavu Timbi koji je izgubio posao pa sad tra\u017ei novi. Na tom putu upoznaje razli\u010dite zanatlije, pekara, postolara i kova\u010da. Upoznaje i djevoj\u010dicu Paulinu Hermann-Ma\u010dkamamu koja ga prigrli, udomi i utje\u0161i. On tada otkrije vrijednosti prijateljstva i shvati da je njegov posao usre\u0107iti malu Paulinu.<\/p><p class=\"p1\">Djeca \u0107e u\u010diti o barunici Paulini i vremenu u kojem je \u017eivjela. Kroz dramske igre, zajedno sa lavom Timbom u\u010diti o zanatima i vrijednostima prijateljstva.<\/p>\t\t\t\t\t\t\t\t<\/div>\n\t\t\t\t<\/div>\n\t\t\t\t<\/div>\n\t\t\t\t<\/div>\n\t\t\t\t\t<\/div>\n\t\t\t\t<\/div>\n\t\t<div class=\"elementor-element elementor-element-3fb5e42 e-flex e-con-boxed e-con e-parent\" data-id=\"3fb5e42\" data-element_type=\"container\">\n\t\t\t\t\t<div class=\"e-con-inner\">\n\t\t<div class=\"elementor-element elementor-element-f490da6 e-con-full e-flex e-con e-child\" data-id=\"f490da6\" data-element_type=\"container\" data-settings=\"{&quot;background_background&quot;:&quot;classic&quot;}\">\n\t\t<div class=\"elementor-element elementor-element-4b5e290 e-con-full e-flex e-con e-child\" data-id=\"4b5e290\" data-element_type=\"container\">\n\t\t\t\t<div class=\"elementor-element elementor-element-1e75d74 elementor-widget elementor-widget-heading\" data-id=\"1e75d74\" data-element_type=\"widget\" data-widget_type=\"heading.default\">\n\t\t\t\t<div class=\"elementor-widget-container\">\n\t\t\t\t\t<h2 class=\"elementor-heading-title elementor-size-default\">Kostimirane storytelling ture<\/h2>\t\t\t\t<\/div>\n\t\t\t\t<\/div>\n\t\t\t\t<div class=\"elementor-element elementor-element-ed9e137 elementor-widget elementor-widget-heading\" data-id=\"ed9e137\" data-element_type=\"widget\" data-widget_type=\"heading.default\">\n\t\t\t\t<div class=\"elementor-widget-container\">\n\t\t\t\t\t<h4 class=\"elementor-heading-title elementor-size-default\">Storytelling programi<\/h4>\t\t\t\t<\/div>\n\t\t\t\t<\/div>\n\t\t\t\t<div class=\"elementor-element elementor-element-92163cc elementor-widget elementor-widget-text-editor\" data-id=\"92163cc\" data-element_type=\"widget\" data-widget_type=\"text-editor.default\">\n\t\t\t\t<div class=\"elementor-widget-container\">\n\t\t\t\t\t\t\t\t\t<p class=\"p1\">Kostimirane storytelling ture su prilago\u0111ene svim uzrastima. Mogu\u0107e je dogovoriti i organizirati obilazak Osijeka koji vodim iz likova barunice Pauline, mlinarice Er\u017eike i slu\u0161kinje Janje.<\/p><p class=\"p1\">Sve ture mogu se prilagoditi va\u0161im \u017eeljama. Interpretacija ba\u0161tine, o\u017eivljena povijest i pri\u010danje pri\u010da savr\u0161en na\u010din za upoznavanje grada, ljudi koji su u njemu \u017eivjeli i u\u010dinili ga ovako lijepim.<\/p>\t\t\t\t\t\t\t\t<\/div>\n\t\t\t\t<\/div>\n\t\t\t\t<div class=\"elementor-element elementor-element-c6d7f0f elementor-widget elementor-widget-button\" data-id=\"c6d7f0f\" data-element_type=\"widget\" data-widget_type=\"button.default\">\n\t\t\t\t<div class=\"elementor-widget-container\">\n\t\t\t\t\t\t\t\t\t<div class=\"elementor-button-wrapper\">\n\t\t\t\t\t<a class=\"elementor-button elementor-button-link elementor-size-sm\" href=\"https:\/\/reactor.hr\/en\/cipelcugom-po-osijeku\/\">\n\t\t\t\t\t\t<span class=\"elementor-button-content-wrapper\">\n\t\t\t\t\t\t<span class=\"elementor-button-icon\">\n\t\t\t\t<svg aria-hidden=\"true\" class=\"e-font-icon-svg e-fas-arrow-right\" viewbox=\"0 0 448 512\" xmlns=\"http:\/\/www.w3.org\/2000\/svg\"><path d=\"M190.5 66.9l22.2-22.2c9.4-9.4 24.6-9.4 33.9 0L441 239c9.4 9.4 9.4 24.6 0 33.9L246.6 467.3c-9.4 9.4-24.6 9.4-33.9 0l-22.2-22.2c-9.5-9.5-9.3-25 .4-34.3L311.4 296H24c-13.3 0-24-10.7-24-24v-32c0-13.3 10.7-24 24-24h287.4L190.9 101.2c-9.8-9.3-10-24.8-.4-34.3z\"><\/path><\/svg>\t\t\t<\/span>\n\t\t\t\t\t\t\t\t\t<span class=\"elementor-button-text\">Pogledajte dostupne ture<\/span>\n\t\t\t\t\t<\/span>\n\t\t\t\t\t<\/a>\n\t\t\t\t<\/div>\n\t\t\t\t\t\t\t\t<\/div>\n\t\t\t\t<\/div>\n\t\t\t\t<\/div>\n\t\t\t\t<\/div>\n\t\t\t\t\t<\/div>\n\t\t\t\t<\/div>\n\t\t\t\t<\/div>","protected":false},"excerpt":{"rendered":"<p>VRTI\u0106I I \u0160KOLE Na\u0161e ture za vrti\u0107e i \u0161kole prilago\u0111ene su dje\u010djoj znati\u017eelji i energiji, omogu\u0107uju\u0107i im da kroz igru i zabavu otkriju povijest Osijeka. Djeca \u0107e imati priliku sudjelovati u kreativnim radionicama, glumiti likove iz pro\u0161losti, te istra\u017eiti skrivene kutke grada uz pri\u010de koje o\u017eivljavaju povijest na njima razumljiv i zanimljiv na\u010din. Svaka tura [&hellip;]<\/p>","protected":false},"author":1,"featured_media":0,"parent":0,"menu_order":0,"comment_status":"closed","ping_status":"closed","template":"elementor_header_footer","meta":{"footnotes":""},"class_list":["post-28","page","type-page","status-publish","hentry"],"yoast_head":"<!-- This site is optimized with the Yoast SEO plugin v26.5 - https:\/\/yoast.com\/wordpress\/plugins\/seo\/ -->\n<title>Za vrti\u0107e i \u0161kole - REACTOR<\/title>\n<meta name=\"robots\" content=\"index, follow, max-snippet:-1, max-image-preview:large, max-video-preview:-1\" \/>\n<link rel=\"canonical\" href=\"https:\/\/reactor.hr\/en\/za-vrtice-i-skole\/\" \/>\n<meta property=\"og:locale\" content=\"en_US\" \/>\n<meta property=\"og:type\" content=\"article\" \/>\n<meta property=\"og:title\" content=\"Za vrti\u0107e i \u0161kole - REACTOR\" \/>\n<meta property=\"og:description\" content=\"VRTI\u0106I I \u0160KOLE Na\u0161e ture za vrti\u0107e i \u0161kole prilago\u0111ene su dje\u010djoj znati\u017eelji i energiji, omogu\u0107uju\u0107i im da kroz igru i zabavu otkriju povijest Osijeka. Djeca \u0107e imati priliku sudjelovati u kreativnim radionicama, glumiti likove iz pro\u0161losti, te istra\u017eiti skrivene kutke grada uz pri\u010de koje o\u017eivljavaju povijest na njima razumljiv i zanimljiv na\u010din. Svaka tura [&hellip;]\" \/>\n<meta property=\"og:url\" content=\"https:\/\/reactor.hr\/en\/za-vrtice-i-skole\/\" \/>\n<meta property=\"og:site_name\" content=\"REACTOR\" \/>\n<meta property=\"article:publisher\" content=\"https:\/\/web.facebook.com\/artinaobrt\" \/>\n<meta property=\"article:modified_time\" content=\"2025-12-09T10:31:44+00:00\" \/>\n<meta property=\"og:image\" content=\"https:\/\/reactor.hr\/wp-content\/uploads\/2024\/08\/VrticiISkole-1024x768.jpg\" \/>\n<meta name=\"twitter:card\" content=\"summary_large_image\" \/>\n<meta name=\"twitter:label1\" content=\"Est. reading time\" \/>\n\t<meta name=\"twitter:data1\" content=\"3 minutes\" \/>\n<script type=\"application\/ld+json\" class=\"yoast-schema-graph\">{\"@context\":\"https:\/\/schema.org\",\"@graph\":[{\"@type\":\"WebPage\",\"@id\":\"https:\/\/reactor.hr\/za-vrtice-i-skole\/\",\"url\":\"https:\/\/reactor.hr\/za-vrtice-i-skole\/\",\"name\":\"Za vrti\u0107e i \u0161kole - REACTOR\",\"isPartOf\":{\"@id\":\"https:\/\/reactor.hr\/#website\"},\"primaryImageOfPage\":{\"@id\":\"https:\/\/reactor.hr\/za-vrtice-i-skole\/#primaryimage\"},\"image\":{\"@id\":\"https:\/\/reactor.hr\/za-vrtice-i-skole\/#primaryimage\"},\"thumbnailUrl\":\"https:\/\/reactor.hr\/wp-content\/uploads\/2024\/08\/VrticiISkole-1024x768.jpg\",\"datePublished\":\"2024-06-19T16:51:27+00:00\",\"dateModified\":\"2025-12-09T10:31:44+00:00\",\"breadcrumb\":{\"@id\":\"https:\/\/reactor.hr\/za-vrtice-i-skole\/#breadcrumb\"},\"inLanguage\":\"en-US\",\"potentialAction\":[{\"@type\":\"ReadAction\",\"target\":[\"https:\/\/reactor.hr\/za-vrtice-i-skole\/\"]}]},{\"@type\":\"ImageObject\",\"inLanguage\":\"en-US\",\"@id\":\"https:\/\/reactor.hr\/za-vrtice-i-skole\/#primaryimage\",\"url\":\"https:\/\/reactor.hr\/wp-content\/uploads\/2024\/08\/VrticiISkole-1024x768.jpg\",\"contentUrl\":\"https:\/\/reactor.hr\/wp-content\/uploads\/2024\/08\/VrticiISkole-1024x768.jpg\"},{\"@type\":\"BreadcrumbList\",\"@id\":\"https:\/\/reactor.hr\/za-vrtice-i-skole\/#breadcrumb\",\"itemListElement\":[{\"@type\":\"ListItem\",\"position\":1,\"name\":\"Home\",\"item\":\"https:\/\/reactor.hr\/\"},{\"@type\":\"ListItem\",\"position\":2,\"name\":\"Za vrti\u0107e i \u0161kole\"}]},{\"@type\":\"WebSite\",\"@id\":\"https:\/\/reactor.hr\/#website\",\"url\":\"https:\/\/reactor.hr\/\",\"name\":\"REACTOR\",\"description\":\"Osna\u017eivanje i \u0161irenje kulture i turizma, osmi\u0161ljanje kulturno \u2013 turisti\u010dke ponude kroz storytelling\",\"publisher\":{\"@id\":\"https:\/\/reactor.hr\/#organization\"},\"potentialAction\":[{\"@type\":\"SearchAction\",\"target\":{\"@type\":\"EntryPoint\",\"urlTemplate\":\"https:\/\/reactor.hr\/?s={search_term_string}\"},\"query-input\":{\"@type\":\"PropertyValueSpecification\",\"valueRequired\":true,\"valueName\":\"search_term_string\"}}],\"inLanguage\":\"en-US\"},{\"@type\":\"Organization\",\"@id\":\"https:\/\/reactor.hr\/#organization\",\"name\":\"REACTOR\",\"url\":\"https:\/\/reactor.hr\/\",\"logo\":{\"@type\":\"ImageObject\",\"inLanguage\":\"en-US\",\"@id\":\"https:\/\/reactor.hr\/#\/schema\/logo\/image\/\",\"url\":\"https:\/\/reactor.hr\/wp-content\/uploads\/2024\/06\/Logo1.png\",\"contentUrl\":\"https:\/\/reactor.hr\/wp-content\/uploads\/2024\/06\/Logo1.png\",\"width\":2983,\"height\":1259,\"caption\":\"REACTOR\"},\"image\":{\"@id\":\"https:\/\/reactor.hr\/#\/schema\/logo\/image\/\"},\"sameAs\":[\"https:\/\/web.facebook.com\/artinaobrt\",\"https:\/\/www.instagram.com\/reactor_obrt\/\"]}]}<\/script>\n<!-- \/ Yoast SEO plugin. -->","yoast_head_json":{"title":"Za vrti\u0107e i \u0161kole - REACTOR","robots":{"index":"index","follow":"follow","max-snippet":"max-snippet:-1","max-image-preview":"max-image-preview:large","max-video-preview":"max-video-preview:-1"},"canonical":"https:\/\/reactor.hr\/en\/za-vrtice-i-skole\/","og_locale":"en_US","og_type":"article","og_title":"Za vrti\u0107e i \u0161kole - REACTOR","og_description":"VRTI\u0106I I \u0160KOLE Na\u0161e ture za vrti\u0107e i \u0161kole prilago\u0111ene su dje\u010djoj znati\u017eelji i energiji, omogu\u0107uju\u0107i im da kroz igru i zabavu otkriju povijest Osijeka. Djeca \u0107e imati priliku sudjelovati u kreativnim radionicama, glumiti likove iz pro\u0161losti, te istra\u017eiti skrivene kutke grada uz pri\u010de koje o\u017eivljavaju povijest na njima razumljiv i zanimljiv na\u010din. Svaka tura [&hellip;]","og_url":"https:\/\/reactor.hr\/en\/za-vrtice-i-skole\/","og_site_name":"REACTOR","article_publisher":"https:\/\/web.facebook.com\/artinaobrt","article_modified_time":"2025-12-09T10:31:44+00:00","og_image":[{"url":"https:\/\/reactor.hr\/wp-content\/uploads\/2024\/08\/VrticiISkole-1024x768.jpg","type":"","width":"","height":""}],"twitter_card":"summary_large_image","twitter_misc":{"Est. reading time":"3 minutes"},"schema":{"@context":"https:\/\/schema.org","@graph":[{"@type":"WebPage","@id":"https:\/\/reactor.hr\/za-vrtice-i-skole\/","url":"https:\/\/reactor.hr\/za-vrtice-i-skole\/","name":"Za vrti\u0107e i \u0161kole - REACTOR","isPartOf":{"@id":"https:\/\/reactor.hr\/#website"},"primaryImageOfPage":{"@id":"https:\/\/reactor.hr\/za-vrtice-i-skole\/#primaryimage"},"image":{"@id":"https:\/\/reactor.hr\/za-vrtice-i-skole\/#primaryimage"},"thumbnailUrl":"https:\/\/reactor.hr\/wp-content\/uploads\/2024\/08\/VrticiISkole-1024x768.jpg","datePublished":"2024-06-19T16:51:27+00:00","dateModified":"2025-12-09T10:31:44+00:00","breadcrumb":{"@id":"https:\/\/reactor.hr\/za-vrtice-i-skole\/#breadcrumb"},"inLanguage":"en-US","potentialAction":[{"@type":"ReadAction","target":["https:\/\/reactor.hr\/za-vrtice-i-skole\/"]}]},{"@type":"ImageObject","inLanguage":"en-US","@id":"https:\/\/reactor.hr\/za-vrtice-i-skole\/#primaryimage","url":"https:\/\/reactor.hr\/wp-content\/uploads\/2024\/08\/VrticiISkole-1024x768.jpg","contentUrl":"https:\/\/reactor.hr\/wp-content\/uploads\/2024\/08\/VrticiISkole-1024x768.jpg"},{"@type":"BreadcrumbList","@id":"https:\/\/reactor.hr\/za-vrtice-i-skole\/#breadcrumb","itemListElement":[{"@type":"ListItem","position":1,"name":"Home","item":"https:\/\/reactor.hr\/"},{"@type":"ListItem","position":2,"name":"Za vrti\u0107e i \u0161kole"}]},{"@type":"WebSite","@id":"https:\/\/reactor.hr\/#website","url":"https:\/\/reactor.hr\/","name":"REACTOR","description":"Osna\u017eivanje i \u0161irenje kulture i turizma, osmi\u0161ljanje kulturno \u2013 turisti\u010dke ponude kroz storytelling","publisher":{"@id":"https:\/\/reactor.hr\/#organization"},"potentialAction":[{"@type":"SearchAction","target":{"@type":"EntryPoint","urlTemplate":"https:\/\/reactor.hr\/?s={search_term_string}"},"query-input":{"@type":"PropertyValueSpecification","valueRequired":true,"valueName":"search_term_string"}}],"inLanguage":"en-US"},{"@type":"Organization","@id":"https:\/\/reactor.hr\/#organization","name":"REACTOR","url":"https:\/\/reactor.hr\/","logo":{"@type":"ImageObject","inLanguage":"en-US","@id":"https:\/\/reactor.hr\/#\/schema\/logo\/image\/","url":"https:\/\/reactor.hr\/wp-content\/uploads\/2024\/06\/Logo1.png","contentUrl":"https:\/\/reactor.hr\/wp-content\/uploads\/2024\/06\/Logo1.png","width":2983,"height":1259,"caption":"REACTOR"},"image":{"@id":"https:\/\/reactor.hr\/#\/schema\/logo\/image\/"},"sameAs":["https:\/\/web.facebook.com\/artinaobrt","https:\/\/www.instagram.com\/reactor_obrt\/"]}]}},"_links":{"self":[{"href":"https:\/\/reactor.hr\/en\/wp-json\/wp\/v2\/pages\/28","targetHints":{"allow":["GET"]}}],"collection":[{"href":"https:\/\/reactor.hr\/en\/wp-json\/wp\/v2\/pages"}],"about":[{"href":"https:\/\/reactor.hr\/en\/wp-json\/wp\/v2\/types\/page"}],"author":[{"embeddable":true,"href":"https:\/\/reactor.hr\/en\/wp-json\/wp\/v2\/users\/1"}],"replies":[{"embeddable":true,"href":"https:\/\/reactor.hr\/en\/wp-json\/wp\/v2\/comments?post=28"}],"version-history":[{"count":35,"href":"https:\/\/reactor.hr\/en\/wp-json\/wp\/v2\/pages\/28\/revisions"}],"predecessor-version":[{"id":2163,"href":"https:\/\/reactor.hr\/en\/wp-json\/wp\/v2\/pages\/28\/revisions\/2163"}],"wp:attachment":[{"href":"https:\/\/reactor.hr\/en\/wp-json\/wp\/v2\/media?parent=28"}],"curies":[{"name":"wp","href":"https:\/\/api.w.org\/{rel}","templated":true}]}}