{"id":22,"date":"2024-06-19T16:50:32","date_gmt":"2024-06-19T16:50:32","guid":{"rendered":"https:\/\/reactor.hr\/?page_id=22"},"modified":"2025-12-09T10:35:10","modified_gmt":"2025-12-09T10:35:10","slug":"blog","status":"publish","type":"page","link":"https:\/\/reactor.hr\/en\/blog\/","title":{"rendered":"Blog"},"content":{"rendered":"<div data-elementor-type=\"wp-page\" data-elementor-id=\"22\" class=\"elementor elementor-22\" data-elementor-post-type=\"page\">\n\t\t\t\t<div class=\"elementor-element elementor-element-1bdd9ed e-flex e-con-boxed e-con e-parent\" data-id=\"1bdd9ed\" data-element_type=\"container\" data-settings=\"{&quot;background_background&quot;:&quot;classic&quot;}\">\n\t\t\t\t\t<div class=\"e-con-inner\">\n\t\t\t\t<div class=\"elementor-element elementor-element-7bc69db elementor-widget elementor-widget-heading\" data-id=\"7bc69db\" data-element_type=\"widget\" data-widget_type=\"heading.default\">\n\t\t\t\t<div class=\"elementor-widget-container\">\n\t\t\t\t\t<h2 class=\"elementor-heading-title elementor-size-default\">NOVOSTI<\/h2>\t\t\t\t<\/div>\n\t\t\t\t<\/div>\n\t\t\t\t\t<\/div>\n\t\t\t\t<\/div>\n\t\t<div class=\"elementor-element elementor-element-b436937 e-flex e-con-boxed e-con e-parent\" data-id=\"b436937\" data-element_type=\"container\">\n\t\t\t\t\t<div class=\"e-con-inner\">\n\t\t\t\t<div class=\"elementor-element elementor-element-784c172 elementor-grid-3 elementor-grid-tablet-2 elementor-grid-mobile-1 elementor-posts--thumbnail-top elementor-card-shadow-yes elementor-posts__hover-gradient elementor-widget elementor-widget-posts\" data-id=\"784c172\" data-element_type=\"widget\" data-settings=\"{&quot;cards_masonry&quot;:&quot;yes&quot;,&quot;pagination_type&quot;:&quot;numbers_and_prev_next&quot;,&quot;cards_columns&quot;:&quot;3&quot;,&quot;cards_columns_tablet&quot;:&quot;2&quot;,&quot;cards_columns_mobile&quot;:&quot;1&quot;,&quot;cards_row_gap&quot;:{&quot;unit&quot;:&quot;px&quot;,&quot;size&quot;:35,&quot;sizes&quot;:[]},&quot;cards_row_gap_tablet&quot;:{&quot;unit&quot;:&quot;px&quot;,&quot;size&quot;:&quot;&quot;,&quot;sizes&quot;:[]},&quot;cards_row_gap_mobile&quot;:{&quot;unit&quot;:&quot;px&quot;,&quot;size&quot;:&quot;&quot;,&quot;sizes&quot;:[]}}\" data-widget_type=\"posts.cards\">\n\t\t\t\t<div class=\"elementor-widget-container\">\n\t\t\t\t\t\t\t<div class=\"elementor-posts-container elementor-posts elementor-posts--skin-cards elementor-grid\" role=\"list\">\n\t\t\t\t<article class=\"elementor-post elementor-grid-item post-1245 post type-post status-publish format-standard has-post-thumbnail hentry category-novost\" role=\"listitem\">\n\t\t\t<div class=\"elementor-post__card\">\n\t\t\t\t<a class=\"elementor-post__thumbnail__link\" href=\"https:\/\/reactor.hr\/en\/2024\/10\/18\/gospe-od-zanata-prica\/\" tabindex=\"-1\" target=\"_blank\"><div class=\"elementor-post__thumbnail\"><img fetchpriority=\"high\" decoding=\"async\" width=\"1081\" height=\"1441\" src=\"https:\/\/reactor.hr\/wp-content\/uploads\/2024\/09\/GospeOdZanata.jpg\" class=\"attachment-full size-full wp-image-1079\" alt=\"Gospe od zanata\" srcset=\"https:\/\/reactor.hr\/wp-content\/uploads\/2024\/09\/GospeOdZanata.jpg 1081w, https:\/\/reactor.hr\/wp-content\/uploads\/2024\/09\/GospeOdZanata-225x300.jpg 225w, https:\/\/reactor.hr\/wp-content\/uploads\/2024\/09\/GospeOdZanata-768x1024.jpg 768w, https:\/\/reactor.hr\/wp-content\/uploads\/2024\/09\/GospeOdZanata-9x12.jpg 9w\" sizes=\"(max-width: 1081px) 100vw, 1081px\" \/><\/div><\/a>\n\t\t\t\t<div class=\"elementor-post__badge\">Novost<\/div>\n\t\t\t\t<div class=\"elementor-post__text\">\n\t\t\t\t<h3 class=\"elementor-post__title\">\n\t\t\t<a href=\"https:\/\/reactor.hr\/en\/2024\/10\/18\/gospe-od-zanata-prica\/\" target=\"&quot;_blank&quot;\">\n\t\t\t\tOur Ladies of Crafts \u2013 A Story\t\t\t<\/a>\n\t\t<\/h3>\n\t\t\t\t<div class=\"elementor-post__excerpt\">\n\t\t\t<p>As I watch from the open window of the upper-floor<\/p>\n\t\t<\/div>\n\t\t\n\t\t<a class=\"elementor-post__read-more\" href=\"https:\/\/reactor.hr\/en\/2024\/10\/18\/gospe-od-zanata-prica\/\" aria-label=\"Read more about Gospe od zanata &#8211; pri\u010da\" tabindex=\"-1\" target=\"_blank\">\n\t\t\tView \u00bb\t\t<\/a>\n\n\t\t\t\t<\/div>\n\t\t\t\t<div class=\"elementor-post__meta-data\">\n\t\t\t\t\t<span class=\"elementor-post-date\">\n\t\t\t18.10.2024.\t\t<\/span>\n\t\t\t\t<\/div>\n\t\t\t\t\t<\/div>\n\t\t<\/article>\n\t\t\t\t<article class=\"elementor-post elementor-grid-item post-291 post type-post status-publish format-standard has-post-thumbnail hentry category-novost\" role=\"listitem\">\n\t\t\t<div class=\"elementor-post__card\">\n\t\t\t\t<a class=\"elementor-post__thumbnail__link\" href=\"https:\/\/reactor.hr\/en\/2024\/10\/15\/gospodin-edgar-nije-u-arhivu-pricast\/\" tabindex=\"-1\" target=\"_blank\"><div class=\"elementor-post__thumbnail\"><img decoding=\"async\" width=\"1200\" height=\"900\" src=\"https:\/\/reactor.hr\/wp-content\/uploads\/2024\/07\/EkskluzivaNaTuri.jpg\" class=\"attachment-full size-full wp-image-298\" alt=\"Storytelling\" srcset=\"https:\/\/reactor.hr\/wp-content\/uploads\/2024\/07\/EkskluzivaNaTuri.jpg 1200w, https:\/\/reactor.hr\/wp-content\/uploads\/2024\/07\/EkskluzivaNaTuri-300x225.jpg 300w, https:\/\/reactor.hr\/wp-content\/uploads\/2024\/07\/EkskluzivaNaTuri-1024x768.jpg 1024w, https:\/\/reactor.hr\/wp-content\/uploads\/2024\/07\/EkskluzivaNaTuri-768x576.jpg 768w, https:\/\/reactor.hr\/wp-content\/uploads\/2024\/07\/EkskluzivaNaTuri-16x12.jpg 16w\" sizes=\"(max-width: 1200px) 100vw, 1200px\" \/><\/div><\/a>\n\t\t\t\t<div class=\"elementor-post__badge\">Novost<\/div>\n\t\t\t\t<div class=\"elementor-post__text\">\n\t\t\t\t<h3 class=\"elementor-post__title\">\n\t\t\t<a href=\"https:\/\/reactor.hr\/en\/2024\/10\/15\/gospodin-edgar-nije-u-arhivu-pricast\/\" target=\"&quot;_blank&quot;\">\n\t\t\t\tMr. Edgar is Not in the Archive \u2013 A Story\t\t\t<\/a>\n\t\t<\/h3>\n\t\t\t\t<div class=\"elementor-post__excerpt\">\n\t\t\t<p>I'm Mirko, Officer Mirko, and it's my duty to<\/p>\n\t\t<\/div>\n\t\t\n\t\t<a class=\"elementor-post__read-more\" href=\"https:\/\/reactor.hr\/en\/2024\/10\/15\/gospodin-edgar-nije-u-arhivu-pricast\/\" aria-label=\"Read more about Gospodin Edgar nije u arhivu &#8211; pri\u010da\" tabindex=\"-1\" target=\"_blank\">\n\t\t\tView \u00bb\t\t<\/a>\n\n\t\t\t\t<\/div>\n\t\t\t\t<div class=\"elementor-post__meta-data\">\n\t\t\t\t\t<span class=\"elementor-post-date\">\n\t\t\t15.10.2024.\t\t<\/span>\n\t\t\t\t<\/div>\n\t\t\t\t\t<\/div>\n\t\t<\/article>\n\t\t\t\t<article class=\"elementor-post elementor-grid-item post-1181 post type-post status-publish format-standard has-post-thumbnail hentry category-novost\" role=\"listitem\">\n\t\t\t<div class=\"elementor-post__card\">\n\t\t\t\t<a class=\"elementor-post__thumbnail__link\" href=\"https:\/\/reactor.hr\/en\/2024\/10\/11\/price-iz-erzikinog-zrvnja-prica\/\" tabindex=\"-1\" target=\"_blank\"><div class=\"elementor-post__thumbnail\"><img decoding=\"async\" width=\"2560\" height=\"2560\" src=\"https:\/\/reactor.hr\/wp-content\/uploads\/2024\/07\/20241011_192926-scaled.jpg\" class=\"attachment-full size-full wp-image-1167\" alt=\"Pri\u010de iz Er\u017eikinog \u017ervnja - kip Sfinge\" srcset=\"https:\/\/reactor.hr\/wp-content\/uploads\/2024\/07\/20241011_192926-scaled.jpg 2560w, https:\/\/reactor.hr\/wp-content\/uploads\/2024\/07\/20241011_192926-300x300.jpg 300w, https:\/\/reactor.hr\/wp-content\/uploads\/2024\/07\/20241011_192926-1024x1024.jpg 1024w, https:\/\/reactor.hr\/wp-content\/uploads\/2024\/07\/20241011_192926-150x150.jpg 150w, https:\/\/reactor.hr\/wp-content\/uploads\/2024\/07\/20241011_192926-768x768.jpg 768w, https:\/\/reactor.hr\/wp-content\/uploads\/2024\/07\/20241011_192926-1536x1536.jpg 1536w, https:\/\/reactor.hr\/wp-content\/uploads\/2024\/07\/20241011_192926-2048x2048.jpg 2048w, https:\/\/reactor.hr\/wp-content\/uploads\/2024\/07\/20241011_192926-12x12.jpg 12w\" sizes=\"(max-width: 2560px) 100vw, 2560px\" \/><\/div><\/a>\n\t\t\t\t<div class=\"elementor-post__badge\">Novost<\/div>\n\t\t\t\t<div class=\"elementor-post__text\">\n\t\t\t\t<h3 class=\"elementor-post__title\">\n\t\t\t<a href=\"https:\/\/reactor.hr\/en\/2024\/10\/11\/price-iz-erzikinog-zrvnja-prica\/\" target=\"&quot;_blank&quot;\">\n\t\t\t\tTales from Er\u017eika's Mill \u2013 A Story\t\t\t<\/a>\n\t\t<\/h3>\n\t\t\t\t<div class=\"elementor-post__excerpt\">\n\t\t\t<p>Kada su me postavili u ovaj park, nisam ni slutila<\/p>\n\t\t<\/div>\n\t\t\n\t\t<a class=\"elementor-post__read-more\" href=\"https:\/\/reactor.hr\/en\/2024\/10\/11\/price-iz-erzikinog-zrvnja-prica\/\" aria-label=\"Read more about Pri\u010de iz Er\u017eikinog \u017ervnja &#8211; pri\u010da\" tabindex=\"-1\" target=\"_blank\">\n\t\t\tView \u00bb\t\t<\/a>\n\n\t\t\t\t<\/div>\n\t\t\t\t<div class=\"elementor-post__meta-data\">\n\t\t\t\t\t<span class=\"elementor-post-date\">\n\t\t\t11.10.2024.\t\t<\/span>\n\t\t\t\t<\/div>\n\t\t\t\t\t<\/div>\n\t\t<\/article>\n\t\t\t\t<article class=\"elementor-post elementor-grid-item post-297 post type-post status-publish format-standard has-post-thumbnail hentry category-novost\" role=\"listitem\">\n\t\t\t<div class=\"elementor-post__card\">\n\t\t\t\t<a class=\"elementor-post__thumbnail__link\" href=\"https:\/\/reactor.hr\/en\/2024\/10\/08\/janjine-price-prica\/\" tabindex=\"-1\" target=\"_blank\"><div class=\"elementor-post__thumbnail\"><img loading=\"lazy\" decoding=\"async\" width=\"2560\" height=\"2560\" src=\"https:\/\/reactor.hr\/wp-content\/uploads\/2024\/07\/20241011_192731-scaled.jpg\" class=\"attachment-full size-full wp-image-1235\" alt=\"Janjine pri\u010de\" srcset=\"https:\/\/reactor.hr\/wp-content\/uploads\/2024\/07\/20241011_192731-scaled.jpg 2560w, https:\/\/reactor.hr\/wp-content\/uploads\/2024\/07\/20241011_192731-300x300.jpg 300w, https:\/\/reactor.hr\/wp-content\/uploads\/2024\/07\/20241011_192731-1024x1024.jpg 1024w, https:\/\/reactor.hr\/wp-content\/uploads\/2024\/07\/20241011_192731-150x150.jpg 150w, https:\/\/reactor.hr\/wp-content\/uploads\/2024\/07\/20241011_192731-768x768.jpg 768w, https:\/\/reactor.hr\/wp-content\/uploads\/2024\/07\/20241011_192731-1536x1536.jpg 1536w, https:\/\/reactor.hr\/wp-content\/uploads\/2024\/07\/20241011_192731-2048x2048.jpg 2048w, https:\/\/reactor.hr\/wp-content\/uploads\/2024\/07\/20241011_192731-12x12.jpg 12w\" sizes=\"(max-width: 2560px) 100vw, 2560px\" \/><\/div><\/a>\n\t\t\t\t<div class=\"elementor-post__badge\">Novost<\/div>\n\t\t\t\t<div class=\"elementor-post__text\">\n\t\t\t\t<h3 class=\"elementor-post__title\">\n\t\t\t<a href=\"https:\/\/reactor.hr\/en\/2024\/10\/08\/janjine-price-prica\/\" target=\"&quot;_blank&quot;\">\n\t\t\t\tJanja\u2019s Stories \u2013 A Story\t\t\t<\/a>\n\t\t<\/h3>\n\t\t\t\t<div class=\"elementor-post__excerpt\">\n\t\t\t<p>Da vam odmah ka\u017eem \u2013 nije lako biti na vrhu<\/p>\n\t\t<\/div>\n\t\t\n\t\t<a class=\"elementor-post__read-more\" href=\"https:\/\/reactor.hr\/en\/2024\/10\/08\/janjine-price-prica\/\" aria-label=\"Read more about Janjine pri\u010de &#8211; pri\u010da\" tabindex=\"-1\" target=\"_blank\">\n\t\t\tView \u00bb\t\t<\/a>\n\n\t\t\t\t<\/div>\n\t\t\t\t<div class=\"elementor-post__meta-data\">\n\t\t\t\t\t<span class=\"elementor-post-date\">\n\t\t\t08.10.2024.\t\t<\/span>\n\t\t\t\t<\/div>\n\t\t\t\t\t<\/div>\n\t\t<\/article>\n\t\t\t\t<article class=\"elementor-post elementor-grid-item post-238 post type-post status-publish format-standard has-post-thumbnail hentry category-novost\" role=\"listitem\">\n\t\t\t<div class=\"elementor-post__card\">\n\t\t\t\t<a class=\"elementor-post__thumbnail__link\" href=\"https:\/\/reactor.hr\/en\/2024\/10\/04\/svjetlom-fenjera-kroz-proslost-prica\/\" tabindex=\"-1\" target=\"_blank\"><div class=\"elementor-post__thumbnail\"><img loading=\"lazy\" decoding=\"async\" width=\"1848\" height=\"1028\" src=\"https:\/\/reactor.hr\/wp-content\/uploads\/2024\/07\/Fenjer-1.jpg\" class=\"attachment-full size-full wp-image-1084\" alt=\"Fotografija fenjera\" srcset=\"https:\/\/reactor.hr\/wp-content\/uploads\/2024\/07\/Fenjer-1.jpg 1848w, https:\/\/reactor.hr\/wp-content\/uploads\/2024\/07\/Fenjer-1-300x167.jpg 300w, https:\/\/reactor.hr\/wp-content\/uploads\/2024\/07\/Fenjer-1-1024x570.jpg 1024w, https:\/\/reactor.hr\/wp-content\/uploads\/2024\/07\/Fenjer-1-768x427.jpg 768w, https:\/\/reactor.hr\/wp-content\/uploads\/2024\/07\/Fenjer-1-1536x854.jpg 1536w, https:\/\/reactor.hr\/wp-content\/uploads\/2024\/07\/Fenjer-1-18x10.jpg 18w\" sizes=\"(max-width: 1848px) 100vw, 1848px\" \/><\/div><\/a>\n\t\t\t\t<div class=\"elementor-post__badge\">Novost<\/div>\n\t\t\t\t<div class=\"elementor-post__text\">\n\t\t\t\t<h3 class=\"elementor-post__title\">\n\t\t\t<a href=\"https:\/\/reactor.hr\/en\/2024\/10\/04\/svjetlom-fenjera-kroz-proslost-prica\/\" target=\"&quot;_blank&quot;\">\n\t\t\t\tBy Lantern Light Through the Past \u2013 A Story\t\t\t<\/a>\n\t\t<\/h3>\n\t\t\t\t<div class=\"elementor-post__excerpt\">\n\t\t\t<p>I\u2019m not the one telling you this story\u2026\nI stand at the edge of the park,<\/p>\n\t\t<\/div>\n\t\t\n\t\t<a class=\"elementor-post__read-more\" href=\"https:\/\/reactor.hr\/en\/2024\/10\/04\/svjetlom-fenjera-kroz-proslost-prica\/\" aria-label=\"Read more about Svjetlom fenjera kroz pro\u0161lost &#8211; pri\u010da\" tabindex=\"-1\" target=\"_blank\">\n\t\t\tView \u00bb\t\t<\/a>\n\n\t\t\t\t<\/div>\n\t\t\t\t<div class=\"elementor-post__meta-data\">\n\t\t\t\t\t<span class=\"elementor-post-date\">\n\t\t\t04.10.2024.\t\t<\/span>\n\t\t\t\t<\/div>\n\t\t\t\t\t<\/div>\n\t\t<\/article>\n\t\t\t\t<article class=\"elementor-post elementor-grid-item post-1302 post type-post status-publish format-standard has-post-thumbnail hentry category-novost\" role=\"listitem\">\n\t\t\t<div class=\"elementor-post__card\">\n\t\t\t\t<a class=\"elementor-post__thumbnail__link\" href=\"https:\/\/reactor.hr\/en\/2024\/10\/01\/storytelling-ture-sto-su-i-sto-ocekivati\/\" tabindex=\"-1\" target=\"_blank\"><div class=\"elementor-post__thumbnail\"><img loading=\"lazy\" decoding=\"async\" width=\"1280\" height=\"853\" src=\"https:\/\/reactor.hr\/wp-content\/uploads\/2024\/10\/ReActor-Gospodin-Edgar-nije-u-Arhivu-Ciplecugom-po-Osijeku-Tvrdja-02-09-2024-M6II_0314.jpg\" class=\"attachment-full size-full wp-image-1342\" alt=\"Storytelling tura\" srcset=\"https:\/\/reactor.hr\/wp-content\/uploads\/2024\/10\/ReActor-Gospodin-Edgar-nije-u-Arhivu-Ciplecugom-po-Osijeku-Tvrdja-02-09-2024-M6II_0314.jpg 1280w, https:\/\/reactor.hr\/wp-content\/uploads\/2024\/10\/ReActor-Gospodin-Edgar-nije-u-Arhivu-Ciplecugom-po-Osijeku-Tvrdja-02-09-2024-M6II_0314-300x200.jpg 300w, https:\/\/reactor.hr\/wp-content\/uploads\/2024\/10\/ReActor-Gospodin-Edgar-nije-u-Arhivu-Ciplecugom-po-Osijeku-Tvrdja-02-09-2024-M6II_0314-1024x682.jpg 1024w, https:\/\/reactor.hr\/wp-content\/uploads\/2024\/10\/ReActor-Gospodin-Edgar-nije-u-Arhivu-Ciplecugom-po-Osijeku-Tvrdja-02-09-2024-M6II_0314-768x512.jpg 768w, https:\/\/reactor.hr\/wp-content\/uploads\/2024\/10\/ReActor-Gospodin-Edgar-nije-u-Arhivu-Ciplecugom-po-Osijeku-Tvrdja-02-09-2024-M6II_0314-18x12.jpg 18w\" sizes=\"(max-width: 1280px) 100vw, 1280px\" \/><\/div><\/a>\n\t\t\t\t<div class=\"elementor-post__badge\">Novost<\/div>\n\t\t\t\t<div class=\"elementor-post__text\">\n\t\t\t\t<h3 class=\"elementor-post__title\">\n\t\t\t<a href=\"https:\/\/reactor.hr\/en\/2024\/10\/01\/storytelling-ture-sto-su-i-sto-ocekivati\/\" target=\"&quot;_blank&quot;\">\n\t\t\t\tStorytelling Tours \u2013 What They Are and What to Expect\t\t\t<\/a>\n\t\t<\/h3>\n\t\t\t\t<div class=\"elementor-post__excerpt\">\n\t\t\t<p>Storytelling ture sve su popularniji na\u010din istra\u017eivanja povijesti, legendi i<\/p>\n\t\t<\/div>\n\t\t\n\t\t<a class=\"elementor-post__read-more\" href=\"https:\/\/reactor.hr\/en\/2024\/10\/01\/storytelling-ture-sto-su-i-sto-ocekivati\/\" aria-label=\"Read more about Storytelling ture &#8211; \u0161to su i \u0161to o\u010dekivati\" tabindex=\"-1\" target=\"_blank\">\n\t\t\tView \u00bb\t\t<\/a>\n\n\t\t\t\t<\/div>\n\t\t\t\t<div class=\"elementor-post__meta-data\">\n\t\t\t\t\t<span class=\"elementor-post-date\">\n\t\t\t01.10.2024.\t\t<\/span>\n\t\t\t\t<\/div>\n\t\t\t\t\t<\/div>\n\t\t<\/article>\n\t\t\t\t<\/div>\n\t\t\n\t\t\t\t\t\t<\/div>\n\t\t\t\t<\/div>\n\t\t\t\t\t<\/div>\n\t\t\t\t<\/div>\n\t\t\t\t<\/div>","protected":false},"excerpt":{"rendered":"<p>NOVOSTI<\/p>","protected":false},"author":1,"featured_media":0,"parent":0,"menu_order":0,"comment_status":"closed","ping_status":"closed","template":"elementor_header_footer","meta":{"footnotes":""},"class_list":["post-22","page","type-page","status-publish","hentry"],"yoast_head":"<!-- This site is optimized with the Yoast SEO plugin v26.5 - https:\/\/yoast.com\/wordpress\/plugins\/seo\/ -->\n<title>Blog - REACTOR<\/title>\n<meta name=\"robots\" content=\"index, follow, max-snippet:-1, max-image-preview:large, max-video-preview:-1\" \/>\n<link rel=\"canonical\" href=\"https:\/\/reactor.hr\/en\/blog\/\" \/>\n<meta property=\"og:locale\" content=\"en_US\" \/>\n<meta property=\"og:type\" content=\"article\" \/>\n<meta property=\"og:title\" content=\"Blog - REACTOR\" \/>\n<meta property=\"og:description\" content=\"NOVOSTI\" \/>\n<meta property=\"og:url\" content=\"https:\/\/reactor.hr\/en\/blog\/\" \/>\n<meta property=\"og:site_name\" content=\"REACTOR\" \/>\n<meta property=\"article:publisher\" content=\"https:\/\/web.facebook.com\/artinaobrt\" \/>\n<meta property=\"article:modified_time\" content=\"2025-12-09T10:35:10+00:00\" \/>\n<meta name=\"twitter:card\" content=\"summary_large_image\" \/>\n<meta name=\"twitter:label1\" content=\"Est. reading time\" \/>\n\t<meta name=\"twitter:data1\" content=\"5 minutes\" \/>\n<script type=\"application\/ld+json\" class=\"yoast-schema-graph\">{\"@context\":\"https:\/\/schema.org\",\"@graph\":[{\"@type\":\"WebPage\",\"@id\":\"https:\/\/reactor.hr\/blog\/\",\"url\":\"https:\/\/reactor.hr\/blog\/\",\"name\":\"Blog - REACTOR\",\"isPartOf\":{\"@id\":\"https:\/\/reactor.hr\/#website\"},\"datePublished\":\"2024-06-19T16:50:32+00:00\",\"dateModified\":\"2025-12-09T10:35:10+00:00\",\"breadcrumb\":{\"@id\":\"https:\/\/reactor.hr\/blog\/#breadcrumb\"},\"inLanguage\":\"en-US\",\"potentialAction\":[{\"@type\":\"ReadAction\",\"target\":[\"https:\/\/reactor.hr\/blog\/\"]}]},{\"@type\":\"BreadcrumbList\",\"@id\":\"https:\/\/reactor.hr\/blog\/#breadcrumb\",\"itemListElement\":[{\"@type\":\"ListItem\",\"position\":1,\"name\":\"Home\",\"item\":\"https:\/\/reactor.hr\/\"},{\"@type\":\"ListItem\",\"position\":2,\"name\":\"Blog\"}]},{\"@type\":\"WebSite\",\"@id\":\"https:\/\/reactor.hr\/#website\",\"url\":\"https:\/\/reactor.hr\/\",\"name\":\"REACTOR\",\"description\":\"Osna\u017eivanje i \u0161irenje kulture i turizma, osmi\u0161ljanje kulturno \u2013 turisti\u010dke ponude kroz storytelling\",\"publisher\":{\"@id\":\"https:\/\/reactor.hr\/#organization\"},\"potentialAction\":[{\"@type\":\"SearchAction\",\"target\":{\"@type\":\"EntryPoint\",\"urlTemplate\":\"https:\/\/reactor.hr\/?s={search_term_string}\"},\"query-input\":{\"@type\":\"PropertyValueSpecification\",\"valueRequired\":true,\"valueName\":\"search_term_string\"}}],\"inLanguage\":\"en-US\"},{\"@type\":\"Organization\",\"@id\":\"https:\/\/reactor.hr\/#organization\",\"name\":\"REACTOR\",\"url\":\"https:\/\/reactor.hr\/\",\"logo\":{\"@type\":\"ImageObject\",\"inLanguage\":\"en-US\",\"@id\":\"https:\/\/reactor.hr\/#\/schema\/logo\/image\/\",\"url\":\"https:\/\/reactor.hr\/wp-content\/uploads\/2024\/06\/Logo1.png\",\"contentUrl\":\"https:\/\/reactor.hr\/wp-content\/uploads\/2024\/06\/Logo1.png\",\"width\":2983,\"height\":1259,\"caption\":\"REACTOR\"},\"image\":{\"@id\":\"https:\/\/reactor.hr\/#\/schema\/logo\/image\/\"},\"sameAs\":[\"https:\/\/web.facebook.com\/artinaobrt\",\"https:\/\/www.instagram.com\/reactor_obrt\/\"]}]}<\/script>\n<!-- \/ Yoast SEO plugin. -->","yoast_head_json":{"title":"Blog - REACTOR","robots":{"index":"index","follow":"follow","max-snippet":"max-snippet:-1","max-image-preview":"max-image-preview:large","max-video-preview":"max-video-preview:-1"},"canonical":"https:\/\/reactor.hr\/en\/blog\/","og_locale":"en_US","og_type":"article","og_title":"Blog - REACTOR","og_description":"NOVOSTI","og_url":"https:\/\/reactor.hr\/en\/blog\/","og_site_name":"REACTOR","article_publisher":"https:\/\/web.facebook.com\/artinaobrt","article_modified_time":"2025-12-09T10:35:10+00:00","twitter_card":"summary_large_image","twitter_misc":{"Est. reading time":"5 minutes"},"schema":{"@context":"https:\/\/schema.org","@graph":[{"@type":"WebPage","@id":"https:\/\/reactor.hr\/blog\/","url":"https:\/\/reactor.hr\/blog\/","name":"Blog - REACTOR","isPartOf":{"@id":"https:\/\/reactor.hr\/#website"},"datePublished":"2024-06-19T16:50:32+00:00","dateModified":"2025-12-09T10:35:10+00:00","breadcrumb":{"@id":"https:\/\/reactor.hr\/blog\/#breadcrumb"},"inLanguage":"en-US","potentialAction":[{"@type":"ReadAction","target":["https:\/\/reactor.hr\/blog\/"]}]},{"@type":"BreadcrumbList","@id":"https:\/\/reactor.hr\/blog\/#breadcrumb","itemListElement":[{"@type":"ListItem","position":1,"name":"Home","item":"https:\/\/reactor.hr\/"},{"@type":"ListItem","position":2,"name":"Blog"}]},{"@type":"WebSite","@id":"https:\/\/reactor.hr\/#website","url":"https:\/\/reactor.hr\/","name":"REACTOR","description":"Osna\u017eivanje i \u0161irenje kulture i turizma, osmi\u0161ljanje kulturno \u2013 turisti\u010dke ponude kroz storytelling","publisher":{"@id":"https:\/\/reactor.hr\/#organization"},"potentialAction":[{"@type":"SearchAction","target":{"@type":"EntryPoint","urlTemplate":"https:\/\/reactor.hr\/?s={search_term_string}"},"query-input":{"@type":"PropertyValueSpecification","valueRequired":true,"valueName":"search_term_string"}}],"inLanguage":"en-US"},{"@type":"Organization","@id":"https:\/\/reactor.hr\/#organization","name":"REACTOR","url":"https:\/\/reactor.hr\/","logo":{"@type":"ImageObject","inLanguage":"en-US","@id":"https:\/\/reactor.hr\/#\/schema\/logo\/image\/","url":"https:\/\/reactor.hr\/wp-content\/uploads\/2024\/06\/Logo1.png","contentUrl":"https:\/\/reactor.hr\/wp-content\/uploads\/2024\/06\/Logo1.png","width":2983,"height":1259,"caption":"REACTOR"},"image":{"@id":"https:\/\/reactor.hr\/#\/schema\/logo\/image\/"},"sameAs":["https:\/\/web.facebook.com\/artinaobrt","https:\/\/www.instagram.com\/reactor_obrt\/"]}]}},"_links":{"self":[{"href":"https:\/\/reactor.hr\/en\/wp-json\/wp\/v2\/pages\/22","targetHints":{"allow":["GET"]}}],"collection":[{"href":"https:\/\/reactor.hr\/en\/wp-json\/wp\/v2\/pages"}],"about":[{"href":"https:\/\/reactor.hr\/en\/wp-json\/wp\/v2\/types\/page"}],"author":[{"embeddable":true,"href":"https:\/\/reactor.hr\/en\/wp-json\/wp\/v2\/users\/1"}],"replies":[{"embeddable":true,"href":"https:\/\/reactor.hr\/en\/wp-json\/wp\/v2\/comments?post=22"}],"version-history":[{"count":28,"href":"https:\/\/reactor.hr\/en\/wp-json\/wp\/v2\/pages\/22\/revisions"}],"predecessor-version":[{"id":2350,"href":"https:\/\/reactor.hr\/en\/wp-json\/wp\/v2\/pages\/22\/revisions\/2350"}],"wp:attachment":[{"href":"https:\/\/reactor.hr\/en\/wp-json\/wp\/v2\/media?parent=22"}],"curies":[{"name":"wp","href":"https:\/\/api.w.org\/{rel}","templated":true}]}}