{"id":2197,"date":"2025-06-05T17:18:10","date_gmt":"2025-06-05T17:18:10","guid":{"rendered":"https:\/\/reactor.hr\/?page_id=2197"},"modified":"2025-12-09T10:31:16","modified_gmt":"2025-12-09T10:31:16","slug":"zatrazi-ponudu-za-price-iz-ritske-magle","status":"publish","type":"page","link":"https:\/\/reactor.hr\/en\/zatrazi-ponudu-za-price-iz-ritske-magle\/","title":{"rendered":"Zatra\u017ei ponudu za Pri\u010de iz ritske magle"},"content":{"rendered":"<div data-elementor-type=\"wp-page\" data-elementor-id=\"2197\" class=\"elementor elementor-2197\" data-elementor-post-type=\"page\">\n\t\t\t\t<div class=\"elementor-element elementor-element-f8794f2 e-flex e-con-boxed e-con e-parent\" data-id=\"f8794f2\" data-element_type=\"container\" data-settings=\"{&quot;background_background&quot;:&quot;classic&quot;}\">\n\t\t\t\t\t<div class=\"e-con-inner\">\n\t\t\t\t<div class=\"elementor-element elementor-element-6a71eb2 elementor-widget elementor-widget-heading\" data-id=\"6a71eb2\" data-element_type=\"widget\" data-widget_type=\"heading.default\">\n\t\t\t\t<div class=\"elementor-widget-container\">\n\t\t\t\t\t<h2 class=\"elementor-heading-title elementor-size-default\">ZATRA\u017dI PONUDU ZA TURU<\/h2>\t\t\t\t<\/div>\n\t\t\t\t<\/div>\n\t\t\t\t\t<\/div>\n\t\t\t\t<\/div>\n\t\t<div class=\"elementor-element elementor-element-2243d46 e-flex e-con-boxed e-con e-parent\" data-id=\"2243d46\" data-element_type=\"container\">\n\t\t\t\t\t<div class=\"e-con-inner\">\n\t\t<div class=\"elementor-element elementor-element-f8d86f4 e-con-full e-flex e-con e-child\" data-id=\"f8d86f4\" data-element_type=\"container\">\n\t\t\t\t<div class=\"elementor-element elementor-element-e69c2e7 elementor-widget elementor-widget-heading\" data-id=\"e69c2e7\" data-element_type=\"widget\" data-widget_type=\"heading.default\">\n\t\t\t\t<div class=\"elementor-widget-container\">\n\t\t\t\t\t<h2 class=\"elementor-heading-title elementor-size-default\">Do\u017eivite Bilje na jedinstven na\u010din<\/h2>\t\t\t\t<\/div>\n\t\t\t\t<\/div>\n\t\t\t\t<div class=\"elementor-element elementor-element-c6d7abb elementor-widget elementor-widget-text-editor\" data-id=\"c6d7abb\" data-element_type=\"widget\" data-widget_type=\"text-editor.default\">\n\t\t\t\t<div class=\"elementor-widget-container\">\n\t\t\t\t\t\t\t\t\t<p>Zatra\u017eite ponudu za turisti\u010dke ture. Sve su ture izvo\u0111ene od strane licencirane turisti\u010dke vodi\u010dke i interpretatorice ba\u0161tine Nikoline Ba\u0161karad. Imate li neke napomene ili posebne \u017eelje slobodno ih navedite unutar obrasca.\u00a0<\/p><p>Nakon \u0161to po\u0161aljete upit za ponudu u \u0161to kra\u0107em mogu\u0107em roku na mail adresu koji navedete u obrascu dobit \u0107e te odgovor s prijedlogom programa i ponudom za isti.\u00a0<\/p>\t\t\t\t\t\t\t\t<\/div>\n\t\t\t\t<\/div>\n\t\t\t\t<div class=\"elementor-element elementor-element-a61b7bd elementor-widget elementor-widget-image\" data-id=\"a61b7bd\" data-element_type=\"widget\" data-widget_type=\"image.default\">\n\t\t\t\t<div class=\"elementor-widget-container\">\n\t\t\t\t\t\t\t\t\t\t\t\t\t\t\t<img fetchpriority=\"high\" decoding=\"async\" width=\"800\" height=\"600\" src=\"https:\/\/reactor.hr\/wp-content\/uploads\/2025\/06\/Reactor-Bilje-1024x768.jpg\" class=\"attachment-large size-large wp-image-2189\" alt=\"\" srcset=\"https:\/\/reactor.hr\/wp-content\/uploads\/2025\/06\/Reactor-Bilje-1024x768.jpg 1024w, https:\/\/reactor.hr\/wp-content\/uploads\/2025\/06\/Reactor-Bilje-300x225.jpg 300w, https:\/\/reactor.hr\/wp-content\/uploads\/2025\/06\/Reactor-Bilje-768x576.jpg 768w, https:\/\/reactor.hr\/wp-content\/uploads\/2025\/06\/Reactor-Bilje-16x12.jpg 16w, https:\/\/reactor.hr\/wp-content\/uploads\/2025\/06\/Reactor-Bilje.jpg 1137w\" sizes=\"(max-width: 800px) 100vw, 800px\" \/>\t\t\t\t\t\t\t\t\t\t\t\t\t\t\t<\/div>\n\t\t\t\t<\/div>\n\t\t\t\t<\/div>\n\t\t<div class=\"elementor-element elementor-element-01218a4 e-con-full e-flex e-con e-child\" data-id=\"01218a4\" data-element_type=\"container\" data-settings=\"{&quot;background_background&quot;:&quot;classic&quot;}\">\n\t\t\t\t<div class=\"elementor-element elementor-element-72714b6 elementor-widget elementor-widget-shortcode\" data-id=\"72714b6\" data-element_type=\"widget\" data-widget_type=\"shortcode.default\">\n\t\t\t\t<div class=\"elementor-widget-container\">\n\t\t\t\t\t\t\t<div class=\"elementor-shortcode\">\n<div class=\"wpcf7 no-js\" id=\"wpcf7-f2196-o1\" lang=\"en-US\" dir=\"ltr\" data-wpcf7-id=\"2196\">\n<div class=\"screen-reader-response\"><p role=\"status\" aria-live=\"polite\" aria-atomic=\"true\"><\/p> <ul><\/ul><\/div>\n<form action=\"\/en\/wp-json\/wp\/v2\/pages\/2197#wpcf7-f2196-o1\" method=\"post\" class=\"wpcf7-form init\" aria-label=\"Contact form\" novalidate=\"novalidate\" data-status=\"init\" data-trp-original-action=\"\/en\/wp-json\/wp\/v2\/pages\/2197#wpcf7-f2196-o1\">\n<fieldset class=\"hidden-fields-container\"><input type=\"hidden\" name=\"_wpcf7\" value=\"2196\" \/><input type=\"hidden\" name=\"_wpcf7_version\" value=\"6.1.4\" \/><input type=\"hidden\" name=\"_wpcf7_locale\" value=\"en_US\" \/><input type=\"hidden\" name=\"_wpcf7_unit_tag\" value=\"wpcf7-f2196-o1\" \/><input type=\"hidden\" name=\"_wpcf7_container_post\" value=\"0\" \/><input type=\"hidden\" name=\"_wpcf7_posted_data_hash\" value=\"\" \/><input type=\"hidden\" name=\"_wpcf7cf_hidden_group_fields\" value=\"[]\" \/><input type=\"hidden\" name=\"_wpcf7cf_hidden_groups\" value=\"[]\" \/><input type=\"hidden\" name=\"_wpcf7cf_visible_groups\" value=\"[]\" \/><input type=\"hidden\" name=\"_wpcf7cf_repeaters\" value=\"[]\" \/><input type=\"hidden\" name=\"_wpcf7cf_steps\" value=\"{}\" \/><input type=\"hidden\" name=\"_wpcf7cf_options\" value=\"{&quot;form_id&quot;:2196,&quot;conditions&quot;:[],&quot;settings&quot;:{&quot;animation&quot;:&quot;yes&quot;,&quot;animation_intime&quot;:200,&quot;animation_outtime&quot;:200,&quot;conditions_ui&quot;:&quot;normal&quot;,&quot;notice_dismissed&quot;:false}}\" \/>\n<\/fieldset>\n<div class=\"formRow\">\n\t<p><label><br \/>\n<span class=\"wpcf7-form-control-wrap\" data-name=\"your-name\"><input size=\"40\" maxlength=\"400\" class=\"wpcf7-form-control wpcf7-text wpcf7-validates-as-required\" aria-required=\"true\" aria-invalid=\"false\" placeholder=\"Ime i prezime\" value=\"\" type=\"text\" name=\"your-name\" \/><\/span> <\/label>\n\t<\/p>\n\t<p><label><br \/>\n<span class=\"wpcf7-form-control-wrap\" data-name=\"Broj-telefona\"><input size=\"40\" maxlength=\"400\" class=\"wpcf7-form-control wpcf7-tel wpcf7-validates-as-required wpcf7-text wpcf7-validates-as-tel\" aria-required=\"true\" aria-invalid=\"false\" placeholder=\"Broj telefona\" value=\"\" type=\"tel\" name=\"Broj-telefona\" \/><\/span> <\/label>\n\t<\/p>\n<\/div>\n<div class=\"formRow\">\n\t<p><label><br \/>\n<span class=\"wpcf7-form-control-wrap\" data-name=\"your-email\"><input size=\"40\" maxlength=\"400\" class=\"wpcf7-form-control wpcf7-email wpcf7-validates-as-required wpcf7-text wpcf7-validates-as-email\" autocomplete=\"email\" aria-required=\"true\" aria-invalid=\"false\" placeholder=\"E-mail address\" value=\"\" type=\"email\" name=\"your-email\" \/><\/span> <\/label>\n\t<\/p>\n\t<p><label><br \/>\n<span class=\"wpcf7-form-control-wrap\" data-name=\"Okvirni-termin\"><input class=\"wpcf7-form-control wpcf7-date wpcf7-validates-as-required wpcf7-validates-as-date\" aria-required=\"true\" aria-invalid=\"false\" placeholder=\"Okvirni termin\" value=\"\" type=\"date\" name=\"Okvirni-termin\" \/><\/span> <\/label>\n\t<\/p>\n<\/div>\n<div class=\"formRow\">\n\t<p><label><br \/>\n<span class=\"wpcf7-form-control-wrap\" data-name=\"Broj-sudionika\"><input size=\"40\" maxlength=\"400\" class=\"wpcf7-form-control wpcf7-text wpcf7-validates-as-required\" aria-required=\"true\" aria-invalid=\"false\" placeholder=\"Broj djece\" value=\"\" type=\"text\" name=\"Broj-sudionika\" \/><\/span> <\/label>\n\t<\/p>\n\t<p><label><br \/>\n<span class=\"wpcf7-form-control-wrap\" data-name=\"Tura\"><select class=\"wpcf7-form-control wpcf7-select wpcf7-validates-as-required\" aria-required=\"true\" aria-invalid=\"false\" name=\"Tura\"><option value=\"Odabir ture\">Odabir ture<\/option><option value=\"Potraga za blagom\">Potraga za blagom<\/option><option value=\"Pri\u010de iz ritske magle\">Pri\u010de iz ritske magle<\/option><option value=\"U svjetlu tame\">U svjetlu tame<\/option><\/select><\/span> <\/label>\n\t<\/p>\n<\/div>\n<div class=\"formRow\">\n\t<p><label><br \/>\n<span class=\"wpcf7-form-control-wrap\" data-name=\"Poruka\"><textarea cols=\"40\" rows=\"10\" maxlength=\"2000\" class=\"wpcf7-form-control wpcf7-textarea wpcf7-validates-as-required\" aria-required=\"true\" aria-invalid=\"false\" placeholder=\"Napi\u0161ite dodatne informacije\" name=\"Poruka\"><\/textarea><\/span> <\/label>\n\t<\/p>\n<\/div>\n<input class=\"wpcf7-form-control wpcf7-hidden\" value=\"Ponuda za turu Pri\u010de iz ritske magle\" type=\"hidden\" name=\"your-subject\" \/>\n<p><input class=\"wpcf7-form-control wpcf7-submit has-spinner\" type=\"submit\" value=\"Zatra\u017ei ponudu\" \/>\n<\/p><div class=\"wpcf7-response-output\" aria-hidden=\"true\"><\/div>\n<input type=\"hidden\" name=\"trp-form-language\" value=\"en\"\/><\/form>\n<\/div>\n<\/div>\n\t\t\t\t\t\t<\/div>\n\t\t\t\t<\/div>\n\t\t\t\t<\/div>\n\t\t\t\t\t<\/div>\n\t\t\t\t<\/div>\n\t\t\t\t<\/div>","protected":false},"excerpt":{"rendered":"<p>ZATRA\u017dI PONUDU ZA TURU Do\u017eivite Bilje na jedinstven na\u010din Zatra\u017eite ponudu za turisti\u010dke ture. Sve su ture izvo\u0111ene od strane licencirane turisti\u010dke vodi\u010dke i interpretatorice ba\u0161tine Nikoline Ba\u0161karad. Imate li neke napomene ili posebne \u017eelje slobodno ih navedite unutar obrasca.\u00a0 Nakon \u0161to po\u0161aljete upit za ponudu u \u0161to kra\u0107em mogu\u0107em roku na mail adresu koji [&hellip;]<\/p>","protected":false},"author":1,"featured_media":0,"parent":0,"menu_order":0,"comment_status":"closed","ping_status":"closed","template":"elementor_header_footer","meta":{"footnotes":""},"class_list":["post-2197","page","type-page","status-publish","hentry"],"yoast_head":"<!-- This site is optimized with the Yoast SEO plugin v26.5 - https:\/\/yoast.com\/wordpress\/plugins\/seo\/ -->\n<title>Zatra\u017ei ponudu za Pri\u010de iz ritske magle - REACTOR<\/title>\n<meta name=\"robots\" content=\"index, follow, max-snippet:-1, max-image-preview:large, max-video-preview:-1\" \/>\n<link rel=\"canonical\" href=\"https:\/\/reactor.hr\/en\/zatrazi-ponudu-za-price-iz-ritske-magle\/\" \/>\n<meta property=\"og:locale\" content=\"en_US\" \/>\n<meta property=\"og:type\" content=\"article\" \/>\n<meta property=\"og:title\" content=\"Zatra\u017ei ponudu za Pri\u010de iz ritske magle - REACTOR\" \/>\n<meta property=\"og:description\" content=\"ZATRA\u017dI PONUDU ZA TURU Do\u017eivite Bilje na jedinstven na\u010din Zatra\u017eite ponudu za turisti\u010dke ture. Sve su ture izvo\u0111ene od strane licencirane turisti\u010dke vodi\u010dke i interpretatorice ba\u0161tine Nikoline Ba\u0161karad. Imate li neke napomene ili posebne \u017eelje slobodno ih navedite unutar obrasca.\u00a0 Nakon \u0161to po\u0161aljete upit za ponudu u \u0161to kra\u0107em mogu\u0107em roku na mail adresu koji [&hellip;]\" \/>\n<meta property=\"og:url\" content=\"https:\/\/reactor.hr\/en\/zatrazi-ponudu-za-price-iz-ritske-magle\/\" \/>\n<meta property=\"og:site_name\" content=\"REACTOR\" \/>\n<meta property=\"article:publisher\" content=\"https:\/\/web.facebook.com\/artinaobrt\" \/>\n<meta property=\"article:modified_time\" content=\"2025-12-09T10:31:16+00:00\" \/>\n<meta property=\"og:image\" content=\"https:\/\/reactor.hr\/wp-content\/uploads\/2025\/06\/Reactor-Bilje-1024x768.jpg\" \/>\n<meta name=\"twitter:card\" content=\"summary_large_image\" \/>\n<meta name=\"twitter:label1\" content=\"Est. reading time\" \/>\n\t<meta name=\"twitter:data1\" content=\"1 minute\" \/>\n<script type=\"application\/ld+json\" class=\"yoast-schema-graph\">{\"@context\":\"https:\/\/schema.org\",\"@graph\":[{\"@type\":\"WebPage\",\"@id\":\"https:\/\/reactor.hr\/zatrazi-ponudu-za-price-iz-ritske-magle\/\",\"url\":\"https:\/\/reactor.hr\/zatrazi-ponudu-za-price-iz-ritske-magle\/\",\"name\":\"Zatra\u017ei ponudu za Pri\u010de iz ritske magle - REACTOR\",\"isPartOf\":{\"@id\":\"https:\/\/reactor.hr\/#website\"},\"primaryImageOfPage\":{\"@id\":\"https:\/\/reactor.hr\/zatrazi-ponudu-za-price-iz-ritske-magle\/#primaryimage\"},\"image\":{\"@id\":\"https:\/\/reactor.hr\/zatrazi-ponudu-za-price-iz-ritske-magle\/#primaryimage\"},\"thumbnailUrl\":\"https:\/\/reactor.hr\/wp-content\/uploads\/2025\/06\/Reactor-Bilje-1024x768.jpg\",\"datePublished\":\"2025-06-05T17:18:10+00:00\",\"dateModified\":\"2025-12-09T10:31:16+00:00\",\"breadcrumb\":{\"@id\":\"https:\/\/reactor.hr\/zatrazi-ponudu-za-price-iz-ritske-magle\/#breadcrumb\"},\"inLanguage\":\"en-US\",\"potentialAction\":[{\"@type\":\"ReadAction\",\"target\":[\"https:\/\/reactor.hr\/zatrazi-ponudu-za-price-iz-ritske-magle\/\"]}]},{\"@type\":\"ImageObject\",\"inLanguage\":\"en-US\",\"@id\":\"https:\/\/reactor.hr\/zatrazi-ponudu-za-price-iz-ritske-magle\/#primaryimage\",\"url\":\"https:\/\/reactor.hr\/wp-content\/uploads\/2025\/06\/Reactor-Bilje-1024x768.jpg\",\"contentUrl\":\"https:\/\/reactor.hr\/wp-content\/uploads\/2025\/06\/Reactor-Bilje-1024x768.jpg\"},{\"@type\":\"BreadcrumbList\",\"@id\":\"https:\/\/reactor.hr\/zatrazi-ponudu-za-price-iz-ritske-magle\/#breadcrumb\",\"itemListElement\":[{\"@type\":\"ListItem\",\"position\":1,\"name\":\"Home\",\"item\":\"https:\/\/reactor.hr\/\"},{\"@type\":\"ListItem\",\"position\":2,\"name\":\"Zatra\u017ei ponudu za Pri\u010de iz ritske magle\"}]},{\"@type\":\"WebSite\",\"@id\":\"https:\/\/reactor.hr\/#website\",\"url\":\"https:\/\/reactor.hr\/\",\"name\":\"REACTOR\",\"description\":\"Osna\u017eivanje i \u0161irenje kulture i turizma, osmi\u0161ljanje kulturno \u2013 turisti\u010dke ponude kroz storytelling\",\"publisher\":{\"@id\":\"https:\/\/reactor.hr\/#organization\"},\"potentialAction\":[{\"@type\":\"SearchAction\",\"target\":{\"@type\":\"EntryPoint\",\"urlTemplate\":\"https:\/\/reactor.hr\/?s={search_term_string}\"},\"query-input\":{\"@type\":\"PropertyValueSpecification\",\"valueRequired\":true,\"valueName\":\"search_term_string\"}}],\"inLanguage\":\"en-US\"},{\"@type\":\"Organization\",\"@id\":\"https:\/\/reactor.hr\/#organization\",\"name\":\"REACTOR\",\"url\":\"https:\/\/reactor.hr\/\",\"logo\":{\"@type\":\"ImageObject\",\"inLanguage\":\"en-US\",\"@id\":\"https:\/\/reactor.hr\/#\/schema\/logo\/image\/\",\"url\":\"https:\/\/reactor.hr\/wp-content\/uploads\/2024\/06\/Logo1.png\",\"contentUrl\":\"https:\/\/reactor.hr\/wp-content\/uploads\/2024\/06\/Logo1.png\",\"width\":2983,\"height\":1259,\"caption\":\"REACTOR\"},\"image\":{\"@id\":\"https:\/\/reactor.hr\/#\/schema\/logo\/image\/\"},\"sameAs\":[\"https:\/\/web.facebook.com\/artinaobrt\",\"https:\/\/www.instagram.com\/reactor_obrt\/\"]}]}<\/script>\n<!-- \/ Yoast SEO plugin. -->","yoast_head_json":{"title":"Zatra\u017ei ponudu za Pri\u010de iz ritske magle - REACTOR","robots":{"index":"index","follow":"follow","max-snippet":"max-snippet:-1","max-image-preview":"max-image-preview:large","max-video-preview":"max-video-preview:-1"},"canonical":"https:\/\/reactor.hr\/en\/zatrazi-ponudu-za-price-iz-ritske-magle\/","og_locale":"en_US","og_type":"article","og_title":"Zatra\u017ei ponudu za Pri\u010de iz ritske magle - REACTOR","og_description":"ZATRA\u017dI PONUDU ZA TURU Do\u017eivite Bilje na jedinstven na\u010din Zatra\u017eite ponudu za turisti\u010dke ture. Sve su ture izvo\u0111ene od strane licencirane turisti\u010dke vodi\u010dke i interpretatorice ba\u0161tine Nikoline Ba\u0161karad. Imate li neke napomene ili posebne \u017eelje slobodno ih navedite unutar obrasca.\u00a0 Nakon \u0161to po\u0161aljete upit za ponudu u \u0161to kra\u0107em mogu\u0107em roku na mail adresu koji [&hellip;]","og_url":"https:\/\/reactor.hr\/en\/zatrazi-ponudu-za-price-iz-ritske-magle\/","og_site_name":"REACTOR","article_publisher":"https:\/\/web.facebook.com\/artinaobrt","article_modified_time":"2025-12-09T10:31:16+00:00","og_image":[{"url":"https:\/\/reactor.hr\/wp-content\/uploads\/2025\/06\/Reactor-Bilje-1024x768.jpg","type":"","width":"","height":""}],"twitter_card":"summary_large_image","twitter_misc":{"Est. reading time":"1 minute"},"schema":{"@context":"https:\/\/schema.org","@graph":[{"@type":"WebPage","@id":"https:\/\/reactor.hr\/zatrazi-ponudu-za-price-iz-ritske-magle\/","url":"https:\/\/reactor.hr\/zatrazi-ponudu-za-price-iz-ritske-magle\/","name":"Zatra\u017ei ponudu za Pri\u010de iz ritske magle - REACTOR","isPartOf":{"@id":"https:\/\/reactor.hr\/#website"},"primaryImageOfPage":{"@id":"https:\/\/reactor.hr\/zatrazi-ponudu-za-price-iz-ritske-magle\/#primaryimage"},"image":{"@id":"https:\/\/reactor.hr\/zatrazi-ponudu-za-price-iz-ritske-magle\/#primaryimage"},"thumbnailUrl":"https:\/\/reactor.hr\/wp-content\/uploads\/2025\/06\/Reactor-Bilje-1024x768.jpg","datePublished":"2025-06-05T17:18:10+00:00","dateModified":"2025-12-09T10:31:16+00:00","breadcrumb":{"@id":"https:\/\/reactor.hr\/zatrazi-ponudu-za-price-iz-ritske-magle\/#breadcrumb"},"inLanguage":"en-US","potentialAction":[{"@type":"ReadAction","target":["https:\/\/reactor.hr\/zatrazi-ponudu-za-price-iz-ritske-magle\/"]}]},{"@type":"ImageObject","inLanguage":"en-US","@id":"https:\/\/reactor.hr\/zatrazi-ponudu-za-price-iz-ritske-magle\/#primaryimage","url":"https:\/\/reactor.hr\/wp-content\/uploads\/2025\/06\/Reactor-Bilje-1024x768.jpg","contentUrl":"https:\/\/reactor.hr\/wp-content\/uploads\/2025\/06\/Reactor-Bilje-1024x768.jpg"},{"@type":"BreadcrumbList","@id":"https:\/\/reactor.hr\/zatrazi-ponudu-za-price-iz-ritske-magle\/#breadcrumb","itemListElement":[{"@type":"ListItem","position":1,"name":"Home","item":"https:\/\/reactor.hr\/"},{"@type":"ListItem","position":2,"name":"Zatra\u017ei ponudu za Pri\u010de iz ritske magle"}]},{"@type":"WebSite","@id":"https:\/\/reactor.hr\/#website","url":"https:\/\/reactor.hr\/","name":"REACTOR","description":"Osna\u017eivanje i \u0161irenje kulture i turizma, osmi\u0161ljanje kulturno \u2013 turisti\u010dke ponude kroz storytelling","publisher":{"@id":"https:\/\/reactor.hr\/#organization"},"potentialAction":[{"@type":"SearchAction","target":{"@type":"EntryPoint","urlTemplate":"https:\/\/reactor.hr\/?s={search_term_string}"},"query-input":{"@type":"PropertyValueSpecification","valueRequired":true,"valueName":"search_term_string"}}],"inLanguage":"en-US"},{"@type":"Organization","@id":"https:\/\/reactor.hr\/#organization","name":"REACTOR","url":"https:\/\/reactor.hr\/","logo":{"@type":"ImageObject","inLanguage":"en-US","@id":"https:\/\/reactor.hr\/#\/schema\/logo\/image\/","url":"https:\/\/reactor.hr\/wp-content\/uploads\/2024\/06\/Logo1.png","contentUrl":"https:\/\/reactor.hr\/wp-content\/uploads\/2024\/06\/Logo1.png","width":2983,"height":1259,"caption":"REACTOR"},"image":{"@id":"https:\/\/reactor.hr\/#\/schema\/logo\/image\/"},"sameAs":["https:\/\/web.facebook.com\/artinaobrt","https:\/\/www.instagram.com\/reactor_obrt\/"]}]}},"_links":{"self":[{"href":"https:\/\/reactor.hr\/en\/wp-json\/wp\/v2\/pages\/2197","targetHints":{"allow":["GET"]}}],"collection":[{"href":"https:\/\/reactor.hr\/en\/wp-json\/wp\/v2\/pages"}],"about":[{"href":"https:\/\/reactor.hr\/en\/wp-json\/wp\/v2\/types\/page"}],"author":[{"embeddable":true,"href":"https:\/\/reactor.hr\/en\/wp-json\/wp\/v2\/users\/1"}],"replies":[{"embeddable":true,"href":"https:\/\/reactor.hr\/en\/wp-json\/wp\/v2\/comments?post=2197"}],"version-history":[{"count":4,"href":"https:\/\/reactor.hr\/en\/wp-json\/wp\/v2\/pages\/2197\/revisions"}],"predecessor-version":[{"id":2201,"href":"https:\/\/reactor.hr\/en\/wp-json\/wp\/v2\/pages\/2197\/revisions\/2201"}],"wp:attachment":[{"href":"https:\/\/reactor.hr\/en\/wp-json\/wp\/v2\/media?parent=2197"}],"curies":[{"name":"wp","href":"https:\/\/api.w.org\/{rel}","templated":true}]}}