{"id":20,"date":"2024-06-19T16:50:13","date_gmt":"2024-06-19T16:50:13","guid":{"rendered":"https:\/\/reactor.hr\/?page_id=20"},"modified":"2025-12-09T10:32:16","modified_gmt":"2025-12-09T10:32:16","slug":"sto-i-za-koga","status":"publish","type":"page","link":"https:\/\/reactor.hr\/en\/sto-i-za-koga\/","title":{"rendered":"Program"},"content":{"rendered":"<div data-elementor-type=\"wp-page\" data-elementor-id=\"20\" class=\"elementor elementor-20\" data-elementor-post-type=\"page\">\n\t\t\t\t<div class=\"elementor-element elementor-element-a63d7d4 e-flex e-con-boxed e-con e-parent\" data-id=\"a63d7d4\" data-element_type=\"container\" data-settings=\"{&quot;background_background&quot;:&quot;classic&quot;}\">\n\t\t\t\t\t<div class=\"e-con-inner\">\n\t\t\t\t<div class=\"elementor-element elementor-element-e16f1da elementor-widget elementor-widget-heading\" data-id=\"e16f1da\" data-element_type=\"widget\" data-widget_type=\"heading.default\">\n\t\t\t\t<div class=\"elementor-widget-container\">\n\t\t\t\t\t<h2 class=\"elementor-heading-title elementor-size-default\">PROGRAMI<\/h2>\t\t\t\t<\/div>\n\t\t\t\t<\/div>\n\t\t\t\t\t<\/div>\n\t\t\t\t<\/div>\n\t\t<div class=\"elementor-element elementor-element-816707a e-flex e-con-boxed e-con e-parent\" data-id=\"816707a\" data-element_type=\"container\" data-settings=\"{&quot;background_background&quot;:&quot;classic&quot;}\">\n\t\t\t\t\t<div class=\"e-con-inner\">\n\t\t<div class=\"elementor-element elementor-element-49b92f5 e-con-full e-flex e-con e-child\" data-id=\"49b92f5\" data-element_type=\"container\">\n\t\t\t\t<div class=\"elementor-element elementor-element-17db4c4 elementor-widget elementor-widget-heading\" data-id=\"17db4c4\" data-element_type=\"widget\" data-widget_type=\"heading.default\">\n\t\t\t\t<div class=\"elementor-widget-container\">\n\t\t\t\t\t<h2 class=\"elementor-heading-title elementor-size-default\">NA\u0160I PROGRAMI<\/h2>\t\t\t\t<\/div>\n\t\t\t\t<\/div>\n\t\t\t\t<div class=\"elementor-element elementor-element-8503a75 elementor-widget elementor-widget-text-editor\" data-id=\"8503a75\" data-element_type=\"widget\" data-widget_type=\"text-editor.default\">\n\t\t\t\t<div class=\"elementor-widget-container\">\n\t\t\t\t\t\t\t\t\t<p>Na\u0161e storytelling ture osmi\u0161ljene su kako bi vas povele na \u010darobna putovanja kroz pro\u0161lost, gdje svaka pri\u010da postaje avantura, a svaka interpretacija ba\u0161tine pretvara se u jedinstveni spektakl. Pod vodstvom iskusne glumice i interpretatorice ba\u0161tine, Nikoline Ba\u0161karad, svaka tura nudi bogatstvo znanja, zabave i neo\u010dekivanih iznena\u0111enja.<\/p><p>Bilo da ste mali\u0161an iz vrti\u0107a, u\u010denik u \u0161koli ili odrasli ljubitelj povijesti, na\u0161e ture prilago\u0111ene su svim uzrastima i interesima. Kroz dinami\u010dne i interaktivne pri\u010de, sudionici \u0107e istra\u017eiti skrivena mjesta Osijeka, \u010duti fascinantne legende i do\u017eivjeti grad na na\u010din na koji ga jo\u0161 nisu vidjeli.<\/p>\t\t\t\t\t\t\t\t<\/div>\n\t\t\t\t<\/div>\n\t\t\t\t<\/div>\n\t\t<div class=\"elementor-element elementor-element-df01760 e-con-full e-flex e-con e-child\" data-id=\"df01760\" data-element_type=\"container\">\n\t\t<div class=\"elementor-element elementor-element-eb4ea40 e-con-full e-flex e-con e-child\" data-id=\"eb4ea40\" data-element_type=\"container\" data-settings=\"{&quot;background_background&quot;:&quot;classic&quot;}\">\n\t\t\t\t<div class=\"elementor-element elementor-element-9371334 elementor-widget elementor-widget-image\" data-id=\"9371334\" data-element_type=\"widget\" data-widget_type=\"image.default\">\n\t\t\t\t<div class=\"elementor-widget-container\">\n\t\t\t\t\t\t\t\t\t\t\t\t\t\t\t<img fetchpriority=\"high\" decoding=\"async\" width=\"800\" height=\"600\" src=\"https:\/\/reactor.hr\/wp-content\/uploads\/2024\/08\/VrticiISkole-1024x768.jpg\" class=\"attachment-large size-large wp-image-563\" alt=\"\" srcset=\"https:\/\/reactor.hr\/wp-content\/uploads\/2024\/08\/VrticiISkole-1024x768.jpg 1024w, https:\/\/reactor.hr\/wp-content\/uploads\/2024\/08\/VrticiISkole-300x225.jpg 300w, https:\/\/reactor.hr\/wp-content\/uploads\/2024\/08\/VrticiISkole-768x576.jpg 768w, https:\/\/reactor.hr\/wp-content\/uploads\/2024\/08\/VrticiISkole-16x12.jpg 16w, https:\/\/reactor.hr\/wp-content\/uploads\/2024\/08\/VrticiISkole.jpg 1137w\" sizes=\"(max-width: 800px) 100vw, 800px\" \/>\t\t\t\t\t\t\t\t\t\t\t\t\t\t\t<\/div>\n\t\t\t\t<\/div>\n\t\t\t\t<div class=\"elementor-element elementor-element-063662f elementor-widget elementor-widget-heading\" data-id=\"063662f\" data-element_type=\"widget\" data-widget_type=\"heading.default\">\n\t\t\t\t<div class=\"elementor-widget-container\">\n\t\t\t\t\t<h2 class=\"elementor-heading-title elementor-size-default\"><a href=\"https:\/\/reactor.hr\/en\/za-vrtice\/\">Vrti\u0107i i \u0161kole<\/a><\/h2>\t\t\t\t<\/div>\n\t\t\t\t<\/div>\n\t\t\t\t<div class=\"elementor-element elementor-element-50e2218 elementor-widget elementor-widget-text-editor\" data-id=\"50e2218\" data-element_type=\"widget\" data-widget_type=\"text-editor.default\">\n\t\t\t\t<div class=\"elementor-widget-container\">\n\t\t\t\t\t\t\t\t\t<p>Edukativne ture za najmla\u0111e osmi\u0161ljene su kao bi djeca na zabavan i interaktivan na\u010din upoznali povijest i ba\u0161tinu na\u0161eg kraja. Kroz igru, pri\u010de i improvizaciju, mali sudionici \u0107e uroniti u \u010darobne svjetove pro\u0161losti, uz vodstvo iskusne glumice Nikoline.\u00a0<\/p>\t\t\t\t\t\t\t\t<\/div>\n\t\t\t\t<\/div>\n\t\t\t\t<div class=\"elementor-element elementor-element-0739971 elementor-widget elementor-widget-button\" data-id=\"0739971\" data-element_type=\"widget\" data-widget_type=\"button.default\">\n\t\t\t\t<div class=\"elementor-widget-container\">\n\t\t\t\t\t\t\t\t\t<div class=\"elementor-button-wrapper\">\n\t\t\t\t\t<a class=\"elementor-button elementor-button-link elementor-size-sm\" href=\"https:\/\/reactor.hr\/en\/za-vrtice-i-skole\/\">\n\t\t\t\t\t\t<span class=\"elementor-button-content-wrapper\">\n\t\t\t\t\t\t<span class=\"elementor-button-icon\">\n\t\t\t\t<svg aria-hidden=\"true\" class=\"e-font-icon-svg e-fas-arrow-right\" viewbox=\"0 0 448 512\" xmlns=\"http:\/\/www.w3.org\/2000\/svg\"><path d=\"M190.5 66.9l22.2-22.2c9.4-9.4 24.6-9.4 33.9 0L441 239c9.4 9.4 9.4 24.6 0 33.9L246.6 467.3c-9.4 9.4-24.6 9.4-33.9 0l-22.2-22.2c-9.5-9.5-9.3-25 .4-34.3L311.4 296H24c-13.3 0-24-10.7-24-24v-32c0-13.3 10.7-24 24-24h287.4L190.9 101.2c-9.8-9.3-10-24.8-.4-34.3z\"><\/path><\/svg>\t\t\t<\/span>\n\t\t\t\t\t\t\t\t\t<span class=\"elementor-button-text\">Saznajte vi\u0161e o programu<\/span>\n\t\t\t\t\t<\/span>\n\t\t\t\t\t<\/a>\n\t\t\t\t<\/div>\n\t\t\t\t\t\t\t\t<\/div>\n\t\t\t\t<\/div>\n\t\t\t\t<\/div>\n\t\t<div class=\"elementor-element elementor-element-e8d49d7 e-con-full e-flex e-con e-child\" data-id=\"e8d49d7\" data-element_type=\"container\" data-settings=\"{&quot;background_background&quot;:&quot;classic&quot;}\">\n\t\t\t\t<div class=\"elementor-element elementor-element-3213891 elementor-widget elementor-widget-image\" data-id=\"3213891\" data-element_type=\"widget\" data-widget_type=\"image.default\">\n\t\t\t\t<div class=\"elementor-widget-container\">\n\t\t\t\t\t\t\t\t\t\t\t\t\t\t\t<img decoding=\"async\" width=\"800\" height=\"600\" src=\"https:\/\/reactor.hr\/wp-content\/uploads\/2024\/08\/CipelcugomPoOsijeku-1024x768.jpg\" class=\"attachment-large size-large wp-image-564\" alt=\"\" srcset=\"https:\/\/reactor.hr\/wp-content\/uploads\/2024\/08\/CipelcugomPoOsijeku-1024x768.jpg 1024w, https:\/\/reactor.hr\/wp-content\/uploads\/2024\/08\/CipelcugomPoOsijeku-300x225.jpg 300w, https:\/\/reactor.hr\/wp-content\/uploads\/2024\/08\/CipelcugomPoOsijeku-768x576.jpg 768w, https:\/\/reactor.hr\/wp-content\/uploads\/2024\/08\/CipelcugomPoOsijeku-1536x1152.jpg 1536w, https:\/\/reactor.hr\/wp-content\/uploads\/2024\/08\/CipelcugomPoOsijeku-16x12.jpg 16w, https:\/\/reactor.hr\/wp-content\/uploads\/2024\/08\/CipelcugomPoOsijeku.jpg 1600w\" sizes=\"(max-width: 800px) 100vw, 800px\" \/>\t\t\t\t\t\t\t\t\t\t\t\t\t\t\t<\/div>\n\t\t\t\t<\/div>\n\t\t\t\t<div class=\"elementor-element elementor-element-7dd9154 elementor-widget elementor-widget-heading\" data-id=\"7dd9154\" data-element_type=\"widget\" data-widget_type=\"heading.default\">\n\t\t\t\t<div class=\"elementor-widget-container\">\n\t\t\t\t\t<h2 class=\"elementor-heading-title elementor-size-default\"><a href=\"https:\/\/reactor.hr\/en\/za-skole\/\">Cipelcugom po Osijeku<\/a><\/h2>\t\t\t\t<\/div>\n\t\t\t\t<\/div>\n\t\t\t\t<div class=\"elementor-element elementor-element-0531b49 elementor-widget elementor-widget-text-editor\" data-id=\"0531b49\" data-element_type=\"widget\" data-widget_type=\"text-editor.default\">\n\t\t\t\t<div class=\"elementor-widget-container\">\n\t\t\t\t\t\t\t\t\t<p>Cipelcugom po Osijeku nudi nezaboravno iskustvo uz stru\u010dno vodstvo interpretatorice ba\u0161tine i glumice Nikoline Ba\u0161karad. Ovaj program vas vodi kroz fascinantne pri\u010de o Osijeku, otkrivaju\u0107i vam skrivena mjesta i pru\u017eaju\u0107i vam uzbudljiva iznena\u0111enja. Ture su prilago\u0111ene svim uzrastima.\u00a0<\/p>\t\t\t\t\t\t\t\t<\/div>\n\t\t\t\t<\/div>\n\t\t\t\t<div class=\"elementor-element elementor-element-a20a042 elementor-widget elementor-widget-button\" data-id=\"a20a042\" data-element_type=\"widget\" data-widget_type=\"button.default\">\n\t\t\t\t<div class=\"elementor-widget-container\">\n\t\t\t\t\t\t\t\t\t<div class=\"elementor-button-wrapper\">\n\t\t\t\t\t<a class=\"elementor-button elementor-button-link elementor-size-sm\" href=\"https:\/\/reactor.hr\/en\/cipelcugom-po-osijeku\/\">\n\t\t\t\t\t\t<span class=\"elementor-button-content-wrapper\">\n\t\t\t\t\t\t<span class=\"elementor-button-icon\">\n\t\t\t\t<svg aria-hidden=\"true\" class=\"e-font-icon-svg e-fas-arrow-right\" viewbox=\"0 0 448 512\" xmlns=\"http:\/\/www.w3.org\/2000\/svg\"><path d=\"M190.5 66.9l22.2-22.2c9.4-9.4 24.6-9.4 33.9 0L441 239c9.4 9.4 9.4 24.6 0 33.9L246.6 467.3c-9.4 9.4-24.6 9.4-33.9 0l-22.2-22.2c-9.5-9.5-9.3-25 .4-34.3L311.4 296H24c-13.3 0-24-10.7-24-24v-32c0-13.3 10.7-24 24-24h287.4L190.9 101.2c-9.8-9.3-10-24.8-.4-34.3z\"><\/path><\/svg>\t\t\t<\/span>\n\t\t\t\t\t\t\t\t\t<span class=\"elementor-button-text\">Saznajte vi\u0161e o programu<\/span>\n\t\t\t\t\t<\/span>\n\t\t\t\t\t<\/a>\n\t\t\t\t<\/div>\n\t\t\t\t\t\t\t\t<\/div>\n\t\t\t\t<\/div>\n\t\t\t\t<\/div>\n\t\t<div class=\"elementor-element elementor-element-81ae63f e-con-full e-flex e-con e-child\" data-id=\"81ae63f\" data-element_type=\"container\" data-settings=\"{&quot;background_background&quot;:&quot;classic&quot;}\">\n\t\t\t\t<div class=\"elementor-element elementor-element-9072ea2 elementor-widget elementor-widget-image\" data-id=\"9072ea2\" data-element_type=\"widget\" data-widget_type=\"image.default\">\n\t\t\t\t<div class=\"elementor-widget-container\">\n\t\t\t\t\t\t\t\t\t\t\t\t\t\t\t<img decoding=\"async\" width=\"800\" height=\"600\" src=\"https:\/\/reactor.hr\/wp-content\/uploads\/2024\/08\/BosankomPoBaranji-1024x768.jpg\" class=\"attachment-large size-large wp-image-565\" alt=\"\" srcset=\"https:\/\/reactor.hr\/wp-content\/uploads\/2024\/08\/BosankomPoBaranji-1024x768.jpg 1024w, https:\/\/reactor.hr\/wp-content\/uploads\/2024\/08\/BosankomPoBaranji-300x225.jpg 300w, https:\/\/reactor.hr\/wp-content\/uploads\/2024\/08\/BosankomPoBaranji-768x576.jpg 768w, https:\/\/reactor.hr\/wp-content\/uploads\/2024\/08\/BosankomPoBaranji-1536x1152.jpg 1536w, https:\/\/reactor.hr\/wp-content\/uploads\/2024\/08\/BosankomPoBaranji-2048x1536.jpg 2048w, https:\/\/reactor.hr\/wp-content\/uploads\/2024\/08\/BosankomPoBaranji-16x12.jpg 16w\" sizes=\"(max-width: 800px) 100vw, 800px\" \/>\t\t\t\t\t\t\t\t\t\t\t\t\t\t\t<\/div>\n\t\t\t\t<\/div>\n\t\t\t\t<div class=\"elementor-element elementor-element-f460930 elementor-widget elementor-widget-heading\" data-id=\"f460930\" data-element_type=\"widget\" data-widget_type=\"heading.default\">\n\t\t\t\t<div class=\"elementor-widget-container\">\n\t\t\t\t\t<h2 class=\"elementor-heading-title elementor-size-default\">S Bosankom po Baranji <\/h2>\t\t\t\t<\/div>\n\t\t\t\t<\/div>\n\t\t\t\t<div class=\"elementor-element elementor-element-ebbed8d elementor-widget elementor-widget-text-editor\" data-id=\"ebbed8d\" data-element_type=\"widget\" data-widget_type=\"text-editor.default\">\n\t\t\t\t<div class=\"elementor-widget-container\">\n\t\t\t\t\t\t\t\t\t<p>Pridru\u017eite nam se na nezaboravnim avanturama kroz Baranju na na\u0161im posebnim turama! Svaka tura uklju\u010duje jedinstvene pri\u010de, poklone i iznena\u0111enja te je pogodna za sve uzraste. Povedite svoje prijatelje, obitelj ili \u010dak ku\u0107nog ljubimca i pridru\u017eite nam se na putovanju kroz vrijeme.<\/p>\t\t\t\t\t\t\t\t<\/div>\n\t\t\t\t<\/div>\n\t\t\t\t<div class=\"elementor-element elementor-element-2eaa5e8 elementor-widget elementor-widget-button\" data-id=\"2eaa5e8\" data-element_type=\"widget\" data-widget_type=\"button.default\">\n\t\t\t\t<div class=\"elementor-widget-container\">\n\t\t\t\t\t\t\t\t\t<div class=\"elementor-button-wrapper\">\n\t\t\t\t\t<a class=\"elementor-button elementor-button-link elementor-size-sm\" href=\"https:\/\/reactor.hr\/en\/s-bosankom-po-baranji\/\">\n\t\t\t\t\t\t<span class=\"elementor-button-content-wrapper\">\n\t\t\t\t\t\t<span class=\"elementor-button-icon\">\n\t\t\t\t<svg aria-hidden=\"true\" class=\"e-font-icon-svg e-fas-arrow-right\" viewbox=\"0 0 448 512\" xmlns=\"http:\/\/www.w3.org\/2000\/svg\"><path d=\"M190.5 66.9l22.2-22.2c9.4-9.4 24.6-9.4 33.9 0L441 239c9.4 9.4 9.4 24.6 0 33.9L246.6 467.3c-9.4 9.4-24.6 9.4-33.9 0l-22.2-22.2c-9.5-9.5-9.3-25 .4-34.3L311.4 296H24c-13.3 0-24-10.7-24-24v-32c0-13.3 10.7-24 24-24h287.4L190.9 101.2c-9.8-9.3-10-24.8-.4-34.3z\"><\/path><\/svg>\t\t\t<\/span>\n\t\t\t\t\t\t\t\t\t<span class=\"elementor-button-text\">Saznajte vi\u0161e o programu<\/span>\n\t\t\t\t\t<\/span>\n\t\t\t\t\t<\/a>\n\t\t\t\t<\/div>\n\t\t\t\t\t\t\t\t<\/div>\n\t\t\t\t<\/div>\n\t\t\t\t<\/div>\n\t\t<div class=\"elementor-element elementor-element-fdd94a7 e-con-full e-flex e-con e-child\" data-id=\"fdd94a7\" data-element_type=\"container\" data-settings=\"{&quot;background_background&quot;:&quot;classic&quot;}\">\n\t\t\t\t<div class=\"elementor-element elementor-element-2e03815 elementor-widget elementor-widget-image\" data-id=\"2e03815\" data-element_type=\"widget\" data-widget_type=\"image.default\">\n\t\t\t\t<div class=\"elementor-widget-container\">\n\t\t\t\t\t\t\t\t\t\t\t\t\t\t\t<img loading=\"lazy\" decoding=\"async\" width=\"800\" height=\"600\" src=\"https:\/\/reactor.hr\/wp-content\/uploads\/2025\/06\/Reactor-Bilje-1024x768.jpg\" class=\"attachment-large size-large wp-image-2189\" alt=\"\" srcset=\"https:\/\/reactor.hr\/wp-content\/uploads\/2025\/06\/Reactor-Bilje-1024x768.jpg 1024w, https:\/\/reactor.hr\/wp-content\/uploads\/2025\/06\/Reactor-Bilje-300x225.jpg 300w, https:\/\/reactor.hr\/wp-content\/uploads\/2025\/06\/Reactor-Bilje-768x576.jpg 768w, https:\/\/reactor.hr\/wp-content\/uploads\/2025\/06\/Reactor-Bilje-16x12.jpg 16w, https:\/\/reactor.hr\/wp-content\/uploads\/2025\/06\/Reactor-Bilje.jpg 1137w\" sizes=\"(max-width: 800px) 100vw, 800px\" \/>\t\t\t\t\t\t\t\t\t\t\t\t\t\t\t<\/div>\n\t\t\t\t<\/div>\n\t\t\t\t<div class=\"elementor-element elementor-element-3c9dcfd elementor-widget elementor-widget-heading\" data-id=\"3c9dcfd\" data-element_type=\"widget\" data-widget_type=\"heading.default\">\n\t\t\t\t<div class=\"elementor-widget-container\">\n\t\t\t\t\t<h2 class=\"elementor-heading-title elementor-size-default\">Pri\u010de iz ritske magle<\/h2>\t\t\t\t<\/div>\n\t\t\t\t<\/div>\n\t\t\t\t<div class=\"elementor-element elementor-element-4187d8a elementor-widget elementor-widget-text-editor\" data-id=\"4187d8a\" data-element_type=\"widget\" data-widget_type=\"text-editor.default\">\n\t\t\t\t<div class=\"elementor-widget-container\">\n\t\t\t\t\t\t\t\t\t<p>Pridru\u017eite nam se na nezaboravnim avanturama i do\u017eivite Bilje na jedinstven na\u010din. Nau\u010dite ne\u0161to novo kroz \u0161etnju koja spaja pro\u0161lost, prirodu i svjetlost u poeti\u010dnu i interaktivnu cjelinu. Otkrijte svijet \u010darolije, prirode i pri\u010da uz obale Stare Drave. Sudjelujte u potrazi za blagom pod vodstvom dvorske pripovjeda\u010dice Nikoline Ba\u0161karad.\u00a0<\/p>\t\t\t\t\t\t\t\t<\/div>\n\t\t\t\t<\/div>\n\t\t\t\t<div class=\"elementor-element elementor-element-877119f elementor-widget elementor-widget-button\" data-id=\"877119f\" data-element_type=\"widget\" data-widget_type=\"button.default\">\n\t\t\t\t<div class=\"elementor-widget-container\">\n\t\t\t\t\t\t\t\t\t<div class=\"elementor-button-wrapper\">\n\t\t\t\t\t<a class=\"elementor-button elementor-button-link elementor-size-sm\" href=\"https:\/\/reactor.hr\/en\/price-iz-ritske-magle\/\">\n\t\t\t\t\t\t<span class=\"elementor-button-content-wrapper\">\n\t\t\t\t\t\t<span class=\"elementor-button-icon\">\n\t\t\t\t<svg aria-hidden=\"true\" class=\"e-font-icon-svg e-fas-arrow-right\" viewbox=\"0 0 448 512\" xmlns=\"http:\/\/www.w3.org\/2000\/svg\"><path d=\"M190.5 66.9l22.2-22.2c9.4-9.4 24.6-9.4 33.9 0L441 239c9.4 9.4 9.4 24.6 0 33.9L246.6 467.3c-9.4 9.4-24.6 9.4-33.9 0l-22.2-22.2c-9.5-9.5-9.3-25 .4-34.3L311.4 296H24c-13.3 0-24-10.7-24-24v-32c0-13.3 10.7-24 24-24h287.4L190.9 101.2c-9.8-9.3-10-24.8-.4-34.3z\"><\/path><\/svg>\t\t\t<\/span>\n\t\t\t\t\t\t\t\t\t<span class=\"elementor-button-text\">Saznajte vi\u0161e o programu<\/span>\n\t\t\t\t\t<\/span>\n\t\t\t\t\t<\/a>\n\t\t\t\t<\/div>\n\t\t\t\t\t\t\t\t<\/div>\n\t\t\t\t<\/div>\n\t\t\t\t<\/div>\n\t\t\t\t<\/div>\n\t\t\t\t\t<\/div>\n\t\t\t\t<\/div>\n\t\t\t\t<\/div>","protected":false},"excerpt":{"rendered":"<p>PROGRAMI NA\u0160I PROGRAMI Na\u0161e storytelling ture osmi\u0161ljene su kako bi vas povele na \u010darobna putovanja kroz pro\u0161lost, gdje svaka pri\u010da postaje avantura, a svaka interpretacija ba\u0161tine pretvara se u jedinstveni spektakl. Pod vodstvom iskusne glumice i interpretatorice ba\u0161tine, Nikoline Ba\u0161karad, svaka tura nudi bogatstvo znanja, zabave i neo\u010dekivanih iznena\u0111enja. Bilo da ste mali\u0161an iz vrti\u0107a, [&hellip;]<\/p>","protected":false},"author":1,"featured_media":0,"parent":0,"menu_order":0,"comment_status":"closed","ping_status":"closed","template":"elementor_header_footer","meta":{"footnotes":""},"class_list":["post-20","page","type-page","status-publish","hentry"],"yoast_head":"<!-- This site is optimized with the Yoast SEO plugin v26.5 - https:\/\/yoast.com\/wordpress\/plugins\/seo\/ -->\n<title>Program - REACTOR<\/title>\n<meta name=\"robots\" content=\"index, follow, max-snippet:-1, max-image-preview:large, max-video-preview:-1\" \/>\n<link rel=\"canonical\" href=\"https:\/\/reactor.hr\/en\/sto-i-za-koga\/\" \/>\n<meta property=\"og:locale\" content=\"en_US\" \/>\n<meta property=\"og:type\" content=\"article\" \/>\n<meta property=\"og:title\" content=\"Program - REACTOR\" \/>\n<meta property=\"og:description\" content=\"PROGRAMI NA\u0160I PROGRAMI Na\u0161e storytelling ture osmi\u0161ljene su kako bi vas povele na \u010darobna putovanja kroz pro\u0161lost, gdje svaka pri\u010da postaje avantura, a svaka interpretacija ba\u0161tine pretvara se u jedinstveni spektakl. Pod vodstvom iskusne glumice i interpretatorice ba\u0161tine, Nikoline Ba\u0161karad, svaka tura nudi bogatstvo znanja, zabave i neo\u010dekivanih iznena\u0111enja. Bilo da ste mali\u0161an iz vrti\u0107a, [&hellip;]\" \/>\n<meta property=\"og:url\" content=\"https:\/\/reactor.hr\/en\/sto-i-za-koga\/\" \/>\n<meta property=\"og:site_name\" content=\"REACTOR\" \/>\n<meta property=\"article:publisher\" content=\"https:\/\/web.facebook.com\/artinaobrt\" \/>\n<meta property=\"article:modified_time\" content=\"2025-12-09T10:32:16+00:00\" \/>\n<meta property=\"og:image\" content=\"https:\/\/reactor.hr\/wp-content\/uploads\/2024\/08\/VrticiISkole-1024x768.jpg\" \/>\n<meta name=\"twitter:card\" content=\"summary_large_image\" \/>\n<meta name=\"twitter:label1\" content=\"Est. reading time\" \/>\n\t<meta name=\"twitter:data1\" content=\"3 minutes\" \/>\n<script type=\"application\/ld+json\" class=\"yoast-schema-graph\">{\"@context\":\"https:\/\/schema.org\",\"@graph\":[{\"@type\":\"WebPage\",\"@id\":\"https:\/\/reactor.hr\/sto-i-za-koga\/\",\"url\":\"https:\/\/reactor.hr\/sto-i-za-koga\/\",\"name\":\"Program - REACTOR\",\"isPartOf\":{\"@id\":\"https:\/\/reactor.hr\/#website\"},\"primaryImageOfPage\":{\"@id\":\"https:\/\/reactor.hr\/sto-i-za-koga\/#primaryimage\"},\"image\":{\"@id\":\"https:\/\/reactor.hr\/sto-i-za-koga\/#primaryimage\"},\"thumbnailUrl\":\"https:\/\/reactor.hr\/wp-content\/uploads\/2024\/08\/VrticiISkole-1024x768.jpg\",\"datePublished\":\"2024-06-19T16:50:13+00:00\",\"dateModified\":\"2025-12-09T10:32:16+00:00\",\"breadcrumb\":{\"@id\":\"https:\/\/reactor.hr\/sto-i-za-koga\/#breadcrumb\"},\"inLanguage\":\"en-US\",\"potentialAction\":[{\"@type\":\"ReadAction\",\"target\":[\"https:\/\/reactor.hr\/sto-i-za-koga\/\"]}]},{\"@type\":\"ImageObject\",\"inLanguage\":\"en-US\",\"@id\":\"https:\/\/reactor.hr\/sto-i-za-koga\/#primaryimage\",\"url\":\"https:\/\/reactor.hr\/wp-content\/uploads\/2024\/08\/VrticiISkole-1024x768.jpg\",\"contentUrl\":\"https:\/\/reactor.hr\/wp-content\/uploads\/2024\/08\/VrticiISkole-1024x768.jpg\"},{\"@type\":\"BreadcrumbList\",\"@id\":\"https:\/\/reactor.hr\/sto-i-za-koga\/#breadcrumb\",\"itemListElement\":[{\"@type\":\"ListItem\",\"position\":1,\"name\":\"Home\",\"item\":\"https:\/\/reactor.hr\/\"},{\"@type\":\"ListItem\",\"position\":2,\"name\":\"Program\"}]},{\"@type\":\"WebSite\",\"@id\":\"https:\/\/reactor.hr\/#website\",\"url\":\"https:\/\/reactor.hr\/\",\"name\":\"REACTOR\",\"description\":\"Osna\u017eivanje i \u0161irenje kulture i turizma, osmi\u0161ljanje kulturno \u2013 turisti\u010dke ponude kroz storytelling\",\"publisher\":{\"@id\":\"https:\/\/reactor.hr\/#organization\"},\"potentialAction\":[{\"@type\":\"SearchAction\",\"target\":{\"@type\":\"EntryPoint\",\"urlTemplate\":\"https:\/\/reactor.hr\/?s={search_term_string}\"},\"query-input\":{\"@type\":\"PropertyValueSpecification\",\"valueRequired\":true,\"valueName\":\"search_term_string\"}}],\"inLanguage\":\"en-US\"},{\"@type\":\"Organization\",\"@id\":\"https:\/\/reactor.hr\/#organization\",\"name\":\"REACTOR\",\"url\":\"https:\/\/reactor.hr\/\",\"logo\":{\"@type\":\"ImageObject\",\"inLanguage\":\"en-US\",\"@id\":\"https:\/\/reactor.hr\/#\/schema\/logo\/image\/\",\"url\":\"https:\/\/reactor.hr\/wp-content\/uploads\/2024\/06\/Logo1.png\",\"contentUrl\":\"https:\/\/reactor.hr\/wp-content\/uploads\/2024\/06\/Logo1.png\",\"width\":2983,\"height\":1259,\"caption\":\"REACTOR\"},\"image\":{\"@id\":\"https:\/\/reactor.hr\/#\/schema\/logo\/image\/\"},\"sameAs\":[\"https:\/\/web.facebook.com\/artinaobrt\",\"https:\/\/www.instagram.com\/reactor_obrt\/\"]}]}<\/script>\n<!-- \/ Yoast SEO plugin. -->","yoast_head_json":{"title":"Program - REACTOR","robots":{"index":"index","follow":"follow","max-snippet":"max-snippet:-1","max-image-preview":"max-image-preview:large","max-video-preview":"max-video-preview:-1"},"canonical":"https:\/\/reactor.hr\/en\/sto-i-za-koga\/","og_locale":"en_US","og_type":"article","og_title":"Program - REACTOR","og_description":"PROGRAMI NA\u0160I PROGRAMI Na\u0161e storytelling ture osmi\u0161ljene su kako bi vas povele na \u010darobna putovanja kroz pro\u0161lost, gdje svaka pri\u010da postaje avantura, a svaka interpretacija ba\u0161tine pretvara se u jedinstveni spektakl. Pod vodstvom iskusne glumice i interpretatorice ba\u0161tine, Nikoline Ba\u0161karad, svaka tura nudi bogatstvo znanja, zabave i neo\u010dekivanih iznena\u0111enja. Bilo da ste mali\u0161an iz vrti\u0107a, [&hellip;]","og_url":"https:\/\/reactor.hr\/en\/sto-i-za-koga\/","og_site_name":"REACTOR","article_publisher":"https:\/\/web.facebook.com\/artinaobrt","article_modified_time":"2025-12-09T10:32:16+00:00","og_image":[{"url":"https:\/\/reactor.hr\/wp-content\/uploads\/2024\/08\/VrticiISkole-1024x768.jpg","type":"","width":"","height":""}],"twitter_card":"summary_large_image","twitter_misc":{"Est. reading time":"3 minutes"},"schema":{"@context":"https:\/\/schema.org","@graph":[{"@type":"WebPage","@id":"https:\/\/reactor.hr\/sto-i-za-koga\/","url":"https:\/\/reactor.hr\/sto-i-za-koga\/","name":"Program - REACTOR","isPartOf":{"@id":"https:\/\/reactor.hr\/#website"},"primaryImageOfPage":{"@id":"https:\/\/reactor.hr\/sto-i-za-koga\/#primaryimage"},"image":{"@id":"https:\/\/reactor.hr\/sto-i-za-koga\/#primaryimage"},"thumbnailUrl":"https:\/\/reactor.hr\/wp-content\/uploads\/2024\/08\/VrticiISkole-1024x768.jpg","datePublished":"2024-06-19T16:50:13+00:00","dateModified":"2025-12-09T10:32:16+00:00","breadcrumb":{"@id":"https:\/\/reactor.hr\/sto-i-za-koga\/#breadcrumb"},"inLanguage":"en-US","potentialAction":[{"@type":"ReadAction","target":["https:\/\/reactor.hr\/sto-i-za-koga\/"]}]},{"@type":"ImageObject","inLanguage":"en-US","@id":"https:\/\/reactor.hr\/sto-i-za-koga\/#primaryimage","url":"https:\/\/reactor.hr\/wp-content\/uploads\/2024\/08\/VrticiISkole-1024x768.jpg","contentUrl":"https:\/\/reactor.hr\/wp-content\/uploads\/2024\/08\/VrticiISkole-1024x768.jpg"},{"@type":"BreadcrumbList","@id":"https:\/\/reactor.hr\/sto-i-za-koga\/#breadcrumb","itemListElement":[{"@type":"ListItem","position":1,"name":"Home","item":"https:\/\/reactor.hr\/"},{"@type":"ListItem","position":2,"name":"Program"}]},{"@type":"WebSite","@id":"https:\/\/reactor.hr\/#website","url":"https:\/\/reactor.hr\/","name":"REACTOR","description":"Osna\u017eivanje i \u0161irenje kulture i turizma, osmi\u0161ljanje kulturno \u2013 turisti\u010dke ponude kroz storytelling","publisher":{"@id":"https:\/\/reactor.hr\/#organization"},"potentialAction":[{"@type":"SearchAction","target":{"@type":"EntryPoint","urlTemplate":"https:\/\/reactor.hr\/?s={search_term_string}"},"query-input":{"@type":"PropertyValueSpecification","valueRequired":true,"valueName":"search_term_string"}}],"inLanguage":"en-US"},{"@type":"Organization","@id":"https:\/\/reactor.hr\/#organization","name":"REACTOR","url":"https:\/\/reactor.hr\/","logo":{"@type":"ImageObject","inLanguage":"en-US","@id":"https:\/\/reactor.hr\/#\/schema\/logo\/image\/","url":"https:\/\/reactor.hr\/wp-content\/uploads\/2024\/06\/Logo1.png","contentUrl":"https:\/\/reactor.hr\/wp-content\/uploads\/2024\/06\/Logo1.png","width":2983,"height":1259,"caption":"REACTOR"},"image":{"@id":"https:\/\/reactor.hr\/#\/schema\/logo\/image\/"},"sameAs":["https:\/\/web.facebook.com\/artinaobrt","https:\/\/www.instagram.com\/reactor_obrt\/"]}]}},"_links":{"self":[{"href":"https:\/\/reactor.hr\/en\/wp-json\/wp\/v2\/pages\/20","targetHints":{"allow":["GET"]}}],"collection":[{"href":"https:\/\/reactor.hr\/en\/wp-json\/wp\/v2\/pages"}],"about":[{"href":"https:\/\/reactor.hr\/en\/wp-json\/wp\/v2\/types\/page"}],"author":[{"embeddable":true,"href":"https:\/\/reactor.hr\/en\/wp-json\/wp\/v2\/users\/1"}],"replies":[{"embeddable":true,"href":"https:\/\/reactor.hr\/en\/wp-json\/wp\/v2\/comments?post=20"}],"version-history":[{"count":78,"href":"https:\/\/reactor.hr\/en\/wp-json\/wp\/v2\/pages\/20\/revisions"}],"predecessor-version":[{"id":2195,"href":"https:\/\/reactor.hr\/en\/wp-json\/wp\/v2\/pages\/20\/revisions\/2195"}],"wp:attachment":[{"href":"https:\/\/reactor.hr\/en\/wp-json\/wp\/v2\/media?parent=20"}],"curies":[{"name":"wp","href":"https:\/\/api.w.org\/{rel}","templated":true}]}}