{"id":169,"date":"2024-06-20T18:45:43","date_gmt":"2024-06-20T18:45:43","guid":{"rendered":"https:\/\/reactor.hr\/?page_id=169"},"modified":"2025-12-09T10:31:30","modified_gmt":"2025-12-09T10:31:30","slug":"zastita-privatnosti","status":"publish","type":"page","link":"https:\/\/reactor.hr\/en\/zastita-privatnosti\/","title":{"rendered":"Privacy policy"},"content":{"rendered":"<div data-elementor-type=\"wp-page\" data-elementor-id=\"169\" class=\"elementor elementor-169\" data-elementor-post-type=\"page\">\n\t\t\t\t<div class=\"elementor-element elementor-element-6682bfc e-flex e-con-boxed e-con e-parent\" data-id=\"6682bfc\" data-element_type=\"container\" data-settings=\"{&quot;background_background&quot;:&quot;classic&quot;}\">\n\t\t\t\t\t<div class=\"e-con-inner\">\n\t\t\t\t<div class=\"elementor-element elementor-element-b405a40 elementor-widget elementor-widget-heading\" data-id=\"b405a40\" data-element_type=\"widget\" data-widget_type=\"heading.default\">\n\t\t\t\t<div class=\"elementor-widget-container\">\n\t\t\t\t\t<h2 class=\"elementor-heading-title elementor-size-default\">Privacy policy<\/h2>\t\t\t\t<\/div>\n\t\t\t\t<\/div>\n\t\t\t\t\t<\/div>\n\t\t\t\t<\/div>\n\t\t<div class=\"elementor-element elementor-element-d9ba037 e-flex e-con-boxed e-con e-parent\" data-id=\"d9ba037\" data-element_type=\"container\">\n\t\t\t\t\t<div class=\"e-con-inner\">\n\t\t<div class=\"elementor-element elementor-element-55ee8bb e-con-full e-flex e-con e-child\" data-id=\"55ee8bb\" data-element_type=\"container\">\n\t\t\t\t<div class=\"elementor-element elementor-element-233dd15 elementor-widget elementor-widget-text-editor\" data-id=\"233dd15\" data-element_type=\"widget\" data-widget_type=\"text-editor.default\">\n\t\t\t\t<div class=\"elementor-widget-container\">\n\t\t\t\t\t\t\t\t\t<p>This Privacy policy describes how we collect, use and process your information, including personal information, in connection with your access to and use of our website.<\/p><p>We are strongly committed to protecting your private information.<\/p>\t\t\t\t\t\t\t\t<\/div>\n\t\t\t\t<\/div>\n\t\t\t\t<div class=\"elementor-element elementor-element-dd445ca elementor-widget elementor-widget-heading\" data-id=\"dd445ca\" data-element_type=\"widget\" data-widget_type=\"heading.default\">\n\t\t\t\t<div class=\"elementor-widget-container\">\n\t\t\t\t\t<h2 class=\"elementor-heading-title elementor-size-default\">General information<\/h2>\t\t\t\t<\/div>\n\t\t\t\t<\/div>\n\t\t\t\t<div class=\"elementor-element elementor-element-65572c9 elementor-widget elementor-widget-text-editor\" data-id=\"65572c9\" data-element_type=\"widget\" data-widget_type=\"text-editor.default\">\n\t\t\t\t<div class=\"elementor-widget-container\">\n\t\t\t\t\t\t\t\t\t<p>This Privacy policy describes which of your personal data we collect, how we process it and for what purposes we use it, as well as your rights related to your data. Reactor craft for culture, promotion and tourism at Sv. Ivana Krstitelja 82 Darda, as a data controller, processes the personal data of users of its services and site visitors in accordance with the current regulations governing the protection of personal data (General Data Protection Regulation 2016\/679). We respect your privacy and process personal data fairly and legally, exclusively on the basis of valid legal grounds, i.e. in accordance with your consent for processing.<\/p>\t\t\t\t\t\t\t\t<\/div>\n\t\t\t\t<\/div>\n\t\t\t\t<div class=\"elementor-element elementor-element-df8c8e8 elementor-widget elementor-widget-heading\" data-id=\"df8c8e8\" data-element_type=\"widget\" data-widget_type=\"heading.default\">\n\t\t\t\t<div class=\"elementor-widget-container\">\n\t\t\t\t\t<h2 class=\"elementor-heading-title elementor-size-default\">Contact<\/h2>\t\t\t\t<\/div>\n\t\t\t\t<\/div>\n\t\t\t\t<div class=\"elementor-element elementor-element-074670c elementor-widget elementor-widget-text-editor\" data-id=\"074670c\" data-element_type=\"widget\" data-widget_type=\"text-editor.default\">\n\t\t\t\t<div class=\"elementor-widget-container\">\n\t\t\t\t\t\t\t\t\t<p>If you contact us via the forms on the website with your inquiries, we process the data you provide us exclusively for providing the requested information and communicating with you.<\/p><p>When you send your inquiry via the form, we save the following information: your first and last name, email address, and other information related to your inquiry that you provide yourself, such as address, phone number, etc.<\/p>\t\t\t\t\t\t\t\t<\/div>\n\t\t\t\t<\/div>\n\t\t\t\t<div class=\"elementor-element elementor-element-fe1683f elementor-widget elementor-widget-heading\" data-id=\"fe1683f\" data-element_type=\"widget\" data-widget_type=\"heading.default\">\n\t\t\t\t<div class=\"elementor-widget-container\">\n\t\t\t\t\t<h2 class=\"elementor-heading-title elementor-size-default\">Recipients of personal data<\/h2>\t\t\t\t<\/div>\n\t\t\t\t<\/div>\n\t\t\t\t<div class=\"elementor-element elementor-element-e663a21 elementor-widget elementor-widget-text-editor\" data-id=\"e663a21\" data-element_type=\"widget\" data-widget_type=\"text-editor.default\">\n\t\t\t\t<div class=\"elementor-widget-container\">\n\t\t\t\t\t\t\t\t\t<p>Reactor will forward your personal data to other recipients solely on the basis of a legal obligation, i.e. a justified request by an authorized public body (e.g. courts). If necessary, personal data will also be forwarded to trusted partners (processors) for the purpose of enabling user support, information system maintenance, market research or similar needs with mandatory confidentiality and data protection measures.<\/p>\t\t\t\t\t\t\t\t<\/div>\n\t\t\t\t<\/div>\n\t\t\t\t<div class=\"elementor-element elementor-element-2d77035 elementor-widget elementor-widget-heading\" data-id=\"2d77035\" data-element_type=\"widget\" data-widget_type=\"heading.default\">\n\t\t\t\t<div class=\"elementor-widget-container\">\n\t\t\t\t\t<h2 class=\"elementor-heading-title elementor-size-default\">Protection of personal data<\/h2>\t\t\t\t<\/div>\n\t\t\t\t<\/div>\n\t\t\t\t<div class=\"elementor-element elementor-element-c686fab elementor-widget elementor-widget-text-editor\" data-id=\"c686fab\" data-element_type=\"widget\" data-widget_type=\"text-editor.default\">\n\t\t\t\t<div class=\"elementor-widget-container\">\n\t\t\t\t\t\t\t\t\t<p>We process collected personal data with the mandatory application of appropriate legal, technical and organizational security measures to prevent any unauthorized data processing. Access to your personal data is limited only to those employees who need this information to provide our services. We collect only those data that are necessary for the processing in question and we do not keep them for longer than is necessary or determined by law.<\/p>\t\t\t\t\t\t\t\t<\/div>\n\t\t\t\t<\/div>\n\t\t\t\t<div class=\"elementor-element elementor-element-2d46017 elementor-widget elementor-widget-heading\" data-id=\"2d46017\" data-element_type=\"widget\" data-widget_type=\"heading.default\">\n\t\t\t\t<div class=\"elementor-widget-container\">\n\t\t\t\t\t<h2 class=\"elementor-heading-title elementor-size-default\">Your rights<\/h2>\t\t\t\t<\/div>\n\t\t\t\t<\/div>\n\t\t\t\t<div class=\"elementor-element elementor-element-6ee22c5 elementor-widget elementor-widget-text-editor\" data-id=\"6ee22c5\" data-element_type=\"widget\" data-widget_type=\"text-editor.default\">\n\t\t\t\t<div class=\"elementor-widget-container\">\n\t\t\t\t\t\t\t\t\t<p>At any time, you can ask us for information about the processing of your personal data and request the exercise of the following rights:<\/p><ul><li>access to data relating to you<\/li><li>correcting or supplementing your personal data so that they are always accurate<\/li><li>deletion of personal data (if there are no justified reasons for data retention)<\/li><li>restriction of processing of personal data, for example, when you object to the accuracy of personal data, and for the time until we verify their accuracy.<\/li><li>withdrawal of consent for data processing<\/li><\/ul>\t\t\t\t\t\t\t\t<\/div>\n\t\t\t\t<\/div>\n\t\t\t\t<div class=\"elementor-element elementor-element-32ac833 elementor-widget elementor-widget-heading\" data-id=\"32ac833\" data-element_type=\"widget\" data-widget_type=\"heading.default\">\n\t\t\t\t<div class=\"elementor-widget-container\">\n\t\t\t\t\t<h2 class=\"elementor-heading-title elementor-size-default\">Contact for personal data protection<\/h2>\t\t\t\t<\/div>\n\t\t\t\t<\/div>\n\t\t\t\t<div class=\"elementor-element elementor-element-440b94e elementor-widget elementor-widget-text-editor\" data-id=\"440b94e\" data-element_type=\"widget\" data-widget_type=\"text-editor.default\">\n\t\t\t\t<div class=\"elementor-widget-container\">\n\t\t\t\t\t\t\t\t\t<p>Requests, complaints or inquiries related to the processing and protection of personal data can be sent to the e-mail address <a href=\"mailto:hello@reactor.hr\">hello@reactor.hr<\/a>.<\/p><p>In accordance with the applicable legal regulations governing the protection of personal data, any request\/inquiry will be resolved as soon as possible, and no later than within 30 days of receipt.<\/p>\t\t\t\t\t\t\t\t<\/div>\n\t\t\t\t<\/div>\n\t\t\t\t<\/div>\n\t\t\t\t\t<\/div>\n\t\t\t\t<\/div>\n\t\t\t\t<\/div>","protected":false},"excerpt":{"rendered":"<p>PRAVILA PRIVATNOSTI Ova Pravila o za\u0161titi privatnosti opisuju kako prikupljamo, upotrebljavamo i obra\u0111ujemo va\u0161e podatke, uklju\u010duju\u0107i i osobne podatke, u vezi s va\u0161im pristupom i kori\u0161tenjem na\u0161e web stranice. \u010cvrsto smo predani \u010duvanju va\u0161ih privatnih informacija. Op\u0107e informacije Ova Pravila za\u0161tite privatnosti\u00a0 opisuju koje va\u0161e osobne podatke prikupljamo, na koji na\u010din obra\u0111ujemo te u koje [&hellip;]<\/p>","protected":false},"author":1,"featured_media":0,"parent":0,"menu_order":0,"comment_status":"closed","ping_status":"closed","template":"elementor_header_footer","meta":{"footnotes":""},"class_list":["post-169","page","type-page","status-publish","hentry"],"yoast_head":"<!-- This site is optimized with the Yoast SEO plugin v26.5 - https:\/\/yoast.com\/wordpress\/plugins\/seo\/ -->\n<title>Za\u0161tita privatnosti - REACTOR<\/title>\n<meta name=\"robots\" content=\"index, follow, max-snippet:-1, max-image-preview:large, max-video-preview:-1\" \/>\n<link rel=\"canonical\" href=\"https:\/\/reactor.hr\/en\/zastita-privatnosti\/\" \/>\n<meta property=\"og:locale\" content=\"en_US\" \/>\n<meta property=\"og:type\" content=\"article\" \/>\n<meta property=\"og:title\" content=\"Za\u0161tita privatnosti - REACTOR\" \/>\n<meta property=\"og:description\" content=\"PRAVILA PRIVATNOSTI Ova Pravila o za\u0161titi privatnosti opisuju kako prikupljamo, upotrebljavamo i obra\u0111ujemo va\u0161e podatke, uklju\u010duju\u0107i i osobne podatke, u vezi s va\u0161im pristupom i kori\u0161tenjem na\u0161e web stranice. \u010cvrsto smo predani \u010duvanju va\u0161ih privatnih informacija. Op\u0107e informacije Ova Pravila za\u0161tite privatnosti\u00a0 opisuju koje va\u0161e osobne podatke prikupljamo, na koji na\u010din obra\u0111ujemo te u koje [&hellip;]\" \/>\n<meta property=\"og:url\" content=\"https:\/\/reactor.hr\/en\/zastita-privatnosti\/\" \/>\n<meta property=\"og:site_name\" content=\"REACTOR\" \/>\n<meta property=\"article:publisher\" content=\"https:\/\/web.facebook.com\/artinaobrt\" \/>\n<meta property=\"article:modified_time\" content=\"2025-12-09T10:31:30+00:00\" \/>\n<meta name=\"twitter:card\" content=\"summary_large_image\" \/>\n<meta name=\"twitter:label1\" content=\"Est. reading time\" \/>\n\t<meta name=\"twitter:data1\" content=\"2 minutes\" \/>\n<script type=\"application\/ld+json\" class=\"yoast-schema-graph\">{\"@context\":\"https:\/\/schema.org\",\"@graph\":[{\"@type\":\"WebPage\",\"@id\":\"https:\/\/reactor.hr\/zastita-privatnosti\/\",\"url\":\"https:\/\/reactor.hr\/zastita-privatnosti\/\",\"name\":\"Za\u0161tita privatnosti - REACTOR\",\"isPartOf\":{\"@id\":\"https:\/\/reactor.hr\/#website\"},\"datePublished\":\"2024-06-20T18:45:43+00:00\",\"dateModified\":\"2025-12-09T10:31:30+00:00\",\"breadcrumb\":{\"@id\":\"https:\/\/reactor.hr\/zastita-privatnosti\/#breadcrumb\"},\"inLanguage\":\"en-US\",\"potentialAction\":[{\"@type\":\"ReadAction\",\"target\":[\"https:\/\/reactor.hr\/zastita-privatnosti\/\"]}]},{\"@type\":\"BreadcrumbList\",\"@id\":\"https:\/\/reactor.hr\/zastita-privatnosti\/#breadcrumb\",\"itemListElement\":[{\"@type\":\"ListItem\",\"position\":1,\"name\":\"Home\",\"item\":\"https:\/\/reactor.hr\/\"},{\"@type\":\"ListItem\",\"position\":2,\"name\":\"Za\u0161tita privatnosti\"}]},{\"@type\":\"WebSite\",\"@id\":\"https:\/\/reactor.hr\/#website\",\"url\":\"https:\/\/reactor.hr\/\",\"name\":\"REACTOR\",\"description\":\"Osna\u017eivanje i \u0161irenje kulture i turizma, osmi\u0161ljanje kulturno \u2013 turisti\u010dke ponude kroz storytelling\",\"publisher\":{\"@id\":\"https:\/\/reactor.hr\/#organization\"},\"potentialAction\":[{\"@type\":\"SearchAction\",\"target\":{\"@type\":\"EntryPoint\",\"urlTemplate\":\"https:\/\/reactor.hr\/?s={search_term_string}\"},\"query-input\":{\"@type\":\"PropertyValueSpecification\",\"valueRequired\":true,\"valueName\":\"search_term_string\"}}],\"inLanguage\":\"en-US\"},{\"@type\":\"Organization\",\"@id\":\"https:\/\/reactor.hr\/#organization\",\"name\":\"REACTOR\",\"url\":\"https:\/\/reactor.hr\/\",\"logo\":{\"@type\":\"ImageObject\",\"inLanguage\":\"en-US\",\"@id\":\"https:\/\/reactor.hr\/#\/schema\/logo\/image\/\",\"url\":\"https:\/\/reactor.hr\/wp-content\/uploads\/2024\/06\/Logo1.png\",\"contentUrl\":\"https:\/\/reactor.hr\/wp-content\/uploads\/2024\/06\/Logo1.png\",\"width\":2983,\"height\":1259,\"caption\":\"REACTOR\"},\"image\":{\"@id\":\"https:\/\/reactor.hr\/#\/schema\/logo\/image\/\"},\"sameAs\":[\"https:\/\/web.facebook.com\/artinaobrt\",\"https:\/\/www.instagram.com\/reactor_obrt\/\"]}]}<\/script>\n<!-- \/ Yoast SEO plugin. -->","yoast_head_json":{"title":"Za\u0161tita privatnosti - REACTOR","robots":{"index":"index","follow":"follow","max-snippet":"max-snippet:-1","max-image-preview":"max-image-preview:large","max-video-preview":"max-video-preview:-1"},"canonical":"https:\/\/reactor.hr\/en\/zastita-privatnosti\/","og_locale":"en_US","og_type":"article","og_title":"Za\u0161tita privatnosti - REACTOR","og_description":"PRAVILA PRIVATNOSTI Ova Pravila o za\u0161titi privatnosti opisuju kako prikupljamo, upotrebljavamo i obra\u0111ujemo va\u0161e podatke, uklju\u010duju\u0107i i osobne podatke, u vezi s va\u0161im pristupom i kori\u0161tenjem na\u0161e web stranice. \u010cvrsto smo predani \u010duvanju va\u0161ih privatnih informacija. Op\u0107e informacije Ova Pravila za\u0161tite privatnosti\u00a0 opisuju koje va\u0161e osobne podatke prikupljamo, na koji na\u010din obra\u0111ujemo te u koje [&hellip;]","og_url":"https:\/\/reactor.hr\/en\/zastita-privatnosti\/","og_site_name":"REACTOR","article_publisher":"https:\/\/web.facebook.com\/artinaobrt","article_modified_time":"2025-12-09T10:31:30+00:00","twitter_card":"summary_large_image","twitter_misc":{"Est. reading time":"2 minutes"},"schema":{"@context":"https:\/\/schema.org","@graph":[{"@type":"WebPage","@id":"https:\/\/reactor.hr\/zastita-privatnosti\/","url":"https:\/\/reactor.hr\/zastita-privatnosti\/","name":"Za\u0161tita privatnosti - REACTOR","isPartOf":{"@id":"https:\/\/reactor.hr\/#website"},"datePublished":"2024-06-20T18:45:43+00:00","dateModified":"2025-12-09T10:31:30+00:00","breadcrumb":{"@id":"https:\/\/reactor.hr\/zastita-privatnosti\/#breadcrumb"},"inLanguage":"en-US","potentialAction":[{"@type":"ReadAction","target":["https:\/\/reactor.hr\/zastita-privatnosti\/"]}]},{"@type":"BreadcrumbList","@id":"https:\/\/reactor.hr\/zastita-privatnosti\/#breadcrumb","itemListElement":[{"@type":"ListItem","position":1,"name":"Home","item":"https:\/\/reactor.hr\/"},{"@type":"ListItem","position":2,"name":"Za\u0161tita privatnosti"}]},{"@type":"WebSite","@id":"https:\/\/reactor.hr\/#website","url":"https:\/\/reactor.hr\/","name":"REACTOR","description":"Osna\u017eivanje i \u0161irenje kulture i turizma, osmi\u0161ljanje kulturno \u2013 turisti\u010dke ponude kroz storytelling","publisher":{"@id":"https:\/\/reactor.hr\/#organization"},"potentialAction":[{"@type":"SearchAction","target":{"@type":"EntryPoint","urlTemplate":"https:\/\/reactor.hr\/?s={search_term_string}"},"query-input":{"@type":"PropertyValueSpecification","valueRequired":true,"valueName":"search_term_string"}}],"inLanguage":"en-US"},{"@type":"Organization","@id":"https:\/\/reactor.hr\/#organization","name":"REACTOR","url":"https:\/\/reactor.hr\/","logo":{"@type":"ImageObject","inLanguage":"en-US","@id":"https:\/\/reactor.hr\/#\/schema\/logo\/image\/","url":"https:\/\/reactor.hr\/wp-content\/uploads\/2024\/06\/Logo1.png","contentUrl":"https:\/\/reactor.hr\/wp-content\/uploads\/2024\/06\/Logo1.png","width":2983,"height":1259,"caption":"REACTOR"},"image":{"@id":"https:\/\/reactor.hr\/#\/schema\/logo\/image\/"},"sameAs":["https:\/\/web.facebook.com\/artinaobrt","https:\/\/www.instagram.com\/reactor_obrt\/"]}]}},"_links":{"self":[{"href":"https:\/\/reactor.hr\/en\/wp-json\/wp\/v2\/pages\/169","targetHints":{"allow":["GET"]}}],"collection":[{"href":"https:\/\/reactor.hr\/en\/wp-json\/wp\/v2\/pages"}],"about":[{"href":"https:\/\/reactor.hr\/en\/wp-json\/wp\/v2\/types\/page"}],"author":[{"embeddable":true,"href":"https:\/\/reactor.hr\/en\/wp-json\/wp\/v2\/users\/1"}],"replies":[{"embeddable":true,"href":"https:\/\/reactor.hr\/en\/wp-json\/wp\/v2\/comments?post=169"}],"version-history":[{"count":17,"href":"https:\/\/reactor.hr\/en\/wp-json\/wp\/v2\/pages\/169\/revisions"}],"predecessor-version":[{"id":1546,"href":"https:\/\/reactor.hr\/en\/wp-json\/wp\/v2\/pages\/169\/revisions\/1546"}],"wp:attachment":[{"href":"https:\/\/reactor.hr\/en\/wp-json\/wp\/v2\/media?parent=169"}],"curies":[{"name":"wp","href":"https:\/\/api.w.org\/{rel}","templated":true}]}}