{"id":1003,"date":"2024-09-10T21:25:16","date_gmt":"2024-09-10T21:25:16","guid":{"rendered":"https:\/\/reactor.hr\/?page_id=1003"},"modified":"2025-12-09T10:32:37","modified_gmt":"2025-12-09T10:32:37","slug":"paketi","status":"publish","type":"page","link":"https:\/\/reactor.hr\/en\/paketi\/","title":{"rendered":"Paketi"},"content":{"rendered":"<div data-elementor-type=\"wp-page\" data-elementor-id=\"1003\" class=\"elementor elementor-1003\" data-elementor-post-type=\"page\">\n\t\t\t\t<div class=\"elementor-element elementor-element-745d157 e-flex e-con-boxed e-con e-parent\" data-id=\"745d157\" data-element_type=\"container\" data-settings=\"{&quot;background_background&quot;:&quot;classic&quot;}\">\n\t\t\t\t\t<div class=\"e-con-inner\">\n\t\t\t\t<div class=\"elementor-element elementor-element-8372ed2 elementor-widget elementor-widget-heading\" data-id=\"8372ed2\" data-element_type=\"widget\" data-widget_type=\"heading.default\">\n\t\t\t\t<div class=\"elementor-widget-container\">\n\t\t\t\t\t<h2 class=\"elementor-heading-title elementor-size-default\">DO\u017dIVITE POSEBNO ISKUSTVO<\/h2>\t\t\t\t<\/div>\n\t\t\t\t<\/div>\n\t\t\t\t\t<\/div>\n\t\t\t\t<\/div>\n\t\t<div class=\"elementor-element elementor-element-ce887b1 e-flex e-con-boxed e-con e-parent\" data-id=\"ce887b1\" data-element_type=\"container\">\n\t\t\t\t\t<div class=\"e-con-inner\">\n\t\t<div class=\"elementor-element elementor-element-2347912 e-con-full e-flex e-con e-child\" data-id=\"2347912\" data-element_type=\"container\">\n\t\t\t\t<div class=\"elementor-element elementor-element-5fb3a16 elementor-widget elementor-widget-heading\" data-id=\"5fb3a16\" data-element_type=\"widget\" data-widget_type=\"heading.default\">\n\t\t\t\t<div class=\"elementor-widget-container\">\n\t\t\t\t\t<h2 class=\"elementor-heading-title elementor-size-default\">PAKETI PONUDA<\/h2>\t\t\t\t<\/div>\n\t\t\t\t<\/div>\n\t\t\t\t<div class=\"elementor-element elementor-element-f2defb1 elementor-widget elementor-widget-text-editor\" data-id=\"f2defb1\" data-element_type=\"widget\" data-widget_type=\"text-editor.default\">\n\t\t\t\t<div class=\"elementor-widget-container\">\n\t\t\t\t\t\t\t\t\t<p>Kako bismo vam omogu\u0107ili jo\u0161 povoljnije iskustvo, pripremili smo posebne pakete ponude s popustima.<\/p><p>Pakete je mogu\u0107e kupiti samo preko web stranice. Ispunite obrazac i podaci za pla\u0107anje \u0107e vam sti\u0107i na mail adresu.<\/p><p>Iskoristite ove pogodnosti i istra\u017eite Osijek s nama!<\/p>\t\t\t\t\t\t\t\t<\/div>\n\t\t\t\t<\/div>\n\t\t<div class=\"elementor-element elementor-element-759b67b e-grid e-con-full e-con e-child\" data-id=\"759b67b\" data-element_type=\"container\">\n\t\t<div class=\"elementor-element elementor-element-0834a91 e-con-full e-flex e-con e-child\" data-id=\"0834a91\" data-element_type=\"container\">\n\t\t\t\t<div class=\"elementor-element elementor-element-2988e6a elementor-widget elementor-widget-heading\" data-id=\"2988e6a\" data-element_type=\"widget\" data-widget_type=\"heading.default\">\n\t\t\t\t<div class=\"elementor-widget-container\">\n\t\t\t\t\t<h4 class=\"elementor-heading-title elementor-size-default\">PAKET 1<\/h4>\t\t\t\t<\/div>\n\t\t\t\t<\/div>\n\t\t\t\t<div class=\"elementor-element elementor-element-c6f3073 elementor-widget elementor-widget-heading\" data-id=\"c6f3073\" data-element_type=\"widget\" data-widget_type=\"heading.default\">\n\t\t\t\t<div class=\"elementor-widget-container\">\n\t\t\t\t\t<h4 class=\"elementor-heading-title elementor-size-default\">3 ture po cijeni od 18 \u20ac<\/h4>\t\t\t\t<\/div>\n\t\t\t\t<\/div>\n\t\t\t\t<div class=\"elementor-element elementor-element-c952fbd elementor-widget elementor-widget-heading\" data-id=\"c952fbd\" data-element_type=\"widget\" data-widget_type=\"heading.default\">\n\t\t\t\t<div class=\"elementor-widget-container\">\n\t\t\t\t\t<h4 class=\"elementor-heading-title elementor-size-default\">U\u0161tedite 3\u20ac<\/h4>\t\t\t\t<\/div>\n\t\t\t\t<\/div>\n\t\t\t\t<\/div>\n\t\t<div class=\"elementor-element elementor-element-2052898 e-con-full e-flex e-con e-child\" data-id=\"2052898\" data-element_type=\"container\">\n\t\t\t\t<div class=\"elementor-element elementor-element-0c7b21c elementor-widget elementor-widget-heading\" data-id=\"0c7b21c\" data-element_type=\"widget\" data-widget_type=\"heading.default\">\n\t\t\t\t<div class=\"elementor-widget-container\">\n\t\t\t\t\t<h4 class=\"elementor-heading-title elementor-size-default\">PAKET 2<\/h4>\t\t\t\t<\/div>\n\t\t\t\t<\/div>\n\t\t\t\t<div class=\"elementor-element elementor-element-9d1625e elementor-widget elementor-widget-heading\" data-id=\"9d1625e\" data-element_type=\"widget\" data-widget_type=\"heading.default\">\n\t\t\t\t<div class=\"elementor-widget-container\">\n\t\t\t\t\t<h4 class=\"elementor-heading-title elementor-size-default\">4 ture po cijeni od 24 \u20ac<\/h4>\t\t\t\t<\/div>\n\t\t\t\t<\/div>\n\t\t\t\t<div class=\"elementor-element elementor-element-215176b elementor-widget elementor-widget-heading\" data-id=\"215176b\" data-element_type=\"widget\" data-widget_type=\"heading.default\">\n\t\t\t\t<div class=\"elementor-widget-container\">\n\t\t\t\t\t<h4 class=\"elementor-heading-title elementor-size-default\">U\u0161tedite 4\u20ac<\/h4>\t\t\t\t<\/div>\n\t\t\t\t<\/div>\n\t\t\t\t<\/div>\n\t\t<div class=\"elementor-element elementor-element-e436675 e-con-full e-flex e-con e-child\" data-id=\"e436675\" data-element_type=\"container\">\n\t\t\t\t<div class=\"elementor-element elementor-element-da8f94f elementor-widget elementor-widget-heading\" data-id=\"da8f94f\" data-element_type=\"widget\" data-widget_type=\"heading.default\">\n\t\t\t\t<div class=\"elementor-widget-container\">\n\t\t\t\t\t<h4 class=\"elementor-heading-title elementor-size-default\">PAKET 3<\/h4>\t\t\t\t<\/div>\n\t\t\t\t<\/div>\n\t\t\t\t<div class=\"elementor-element elementor-element-b34ac9e elementor-widget elementor-widget-heading\" data-id=\"b34ac9e\" data-element_type=\"widget\" data-widget_type=\"heading.default\">\n\t\t\t\t<div class=\"elementor-widget-container\">\n\t\t\t\t\t<h4 class=\"elementor-heading-title elementor-size-default\">6 ture po cijeni od 36 \u20ac<\/h4>\t\t\t\t<\/div>\n\t\t\t\t<\/div>\n\t\t\t\t<div class=\"elementor-element elementor-element-527fb25 elementor-widget elementor-widget-heading\" data-id=\"527fb25\" data-element_type=\"widget\" data-widget_type=\"heading.default\">\n\t\t\t\t<div class=\"elementor-widget-container\">\n\t\t\t\t\t<h4 class=\"elementor-heading-title elementor-size-default\">U\u0161tedite 6\u20ac<\/h4>\t\t\t\t<\/div>\n\t\t\t\t<\/div>\n\t\t\t\t<\/div>\n\t\t\t\t<\/div>\n\t\t\t\t<\/div>\n\t\t<div class=\"elementor-element elementor-element-349b189 e-con-full e-flex e-con e-child\" data-id=\"349b189\" data-element_type=\"container\" data-settings=\"{&quot;background_background&quot;:&quot;classic&quot;}\">\n\t\t\t\t<div class=\"elementor-element elementor-element-8a0fd32 elementor-widget elementor-widget-shortcode\" data-id=\"8a0fd32\" data-element_type=\"widget\" data-widget_type=\"shortcode.default\">\n\t\t\t\t<div class=\"elementor-widget-container\">\n\t\t\t\t\t\t\t<div class=\"elementor-shortcode\">\n<div class=\"wpcf7 no-js\" id=\"wpcf7-f2053-o1\" lang=\"en-US\" dir=\"ltr\" data-wpcf7-id=\"2053\">\n<div class=\"screen-reader-response\"><p role=\"status\" aria-live=\"polite\" aria-atomic=\"true\"><\/p> <ul><\/ul><\/div>\n<form action=\"\/en\/wp-json\/wp\/v2\/pages\/1003#wpcf7-f2053-o1\" method=\"post\" class=\"wpcf7-form init\" aria-label=\"Contact form\" novalidate=\"novalidate\" data-status=\"init\" data-trp-original-action=\"\/en\/wp-json\/wp\/v2\/pages\/1003#wpcf7-f2053-o1\">\n<fieldset class=\"hidden-fields-container\"><input type=\"hidden\" name=\"_wpcf7\" value=\"2053\" \/><input type=\"hidden\" name=\"_wpcf7_version\" value=\"6.1.4\" \/><input type=\"hidden\" name=\"_wpcf7_locale\" value=\"en_US\" \/><input type=\"hidden\" name=\"_wpcf7_unit_tag\" value=\"wpcf7-f2053-o1\" \/><input type=\"hidden\" name=\"_wpcf7_container_post\" value=\"0\" \/><input type=\"hidden\" name=\"_wpcf7_posted_data_hash\" value=\"\" \/><input type=\"hidden\" name=\"_wpcf7cf_hidden_group_fields\" value=\"[]\" \/><input type=\"hidden\" name=\"_wpcf7cf_hidden_groups\" value=\"[]\" \/><input type=\"hidden\" name=\"_wpcf7cf_visible_groups\" value=\"[]\" \/><input type=\"hidden\" name=\"_wpcf7cf_repeaters\" value=\"[]\" \/><input type=\"hidden\" name=\"_wpcf7cf_steps\" value=\"{}\" \/><input type=\"hidden\" name=\"_wpcf7cf_options\" value=\"{&quot;form_id&quot;:2053,&quot;conditions&quot;:[{&quot;then_field&quot;:&quot;Paket1&quot;,&quot;and_rules&quot;:[{&quot;if_field&quot;:&quot;Paket&quot;,&quot;operator&quot;:&quot;equals&quot;,&quot;if_value&quot;:&quot;Paket 1&quot;}]},{&quot;then_field&quot;:&quot;Paket2&quot;,&quot;and_rules&quot;:[{&quot;if_field&quot;:&quot;Paket&quot;,&quot;operator&quot;:&quot;equals&quot;,&quot;if_value&quot;:&quot;Paket 2&quot;}]},{&quot;then_field&quot;:&quot;Paket3&quot;,&quot;and_rules&quot;:[{&quot;if_field&quot;:&quot;Paket&quot;,&quot;operator&quot;:&quot;equals&quot;,&quot;if_value&quot;:&quot;Paket 3&quot;}]}],&quot;settings&quot;:{&quot;animation&quot;:&quot;yes&quot;,&quot;animation_intime&quot;:200,&quot;animation_outtime&quot;:200,&quot;conditions_ui&quot;:&quot;normal&quot;,&quot;notice_dismissed&quot;:false}}\" \/>\n<\/fieldset>\n<div class=\"formRow\">\n\t<p><label><br \/>\n<span class=\"wpcf7-form-control-wrap\" data-name=\"your-name\"><input size=\"40\" maxlength=\"400\" class=\"wpcf7-form-control wpcf7-text wpcf7-validates-as-required\" autocomplete=\"name\" aria-required=\"true\" aria-invalid=\"false\" placeholder=\"Ime i prezime\" value=\"\" type=\"text\" name=\"your-name\" \/><\/span> <\/label>\n\t<\/p>\n<\/div>\n<div class=\"formRow\">\n\t<p><label><br \/>\n<span class=\"wpcf7-form-control-wrap\" data-name=\"OIB\"><input size=\"40\" maxlength=\"400\" class=\"wpcf7-form-control wpcf7-text wpcf7-validates-as-required\" aria-required=\"true\" aria-invalid=\"false\" placeholder=\"OIB\" value=\"\" type=\"text\" name=\"OIB\" \/><\/span> <\/label>\n\t<\/p>\n\t<p><label><br \/>\n<span class=\"wpcf7-form-control-wrap\" data-name=\"Adresa\"><input size=\"40\" maxlength=\"400\" class=\"wpcf7-form-control wpcf7-text wpcf7-validates-as-required\" aria-required=\"true\" aria-invalid=\"false\" placeholder=\"Va\u0161a adresa\" value=\"\" type=\"text\" name=\"Adresa\" \/><\/span> <\/label>\n\t<\/p>\n<\/div>\n<div class=\"formRow\">\n\t<p><label><br \/>\n<span class=\"wpcf7-form-control-wrap\" data-name=\"Broj-telefona\"><input size=\"40\" maxlength=\"400\" class=\"wpcf7-form-control wpcf7-tel wpcf7-validates-as-required wpcf7-text wpcf7-validates-as-tel\" aria-required=\"true\" aria-invalid=\"false\" placeholder=\"Broj telefona\" value=\"\" type=\"tel\" name=\"Broj-telefona\" \/><\/span> <\/label>\n\t<\/p>\n\t<p><label><br \/>\n<span class=\"wpcf7-form-control-wrap\" data-name=\"your-email\"><input size=\"40\" maxlength=\"400\" class=\"wpcf7-form-control wpcf7-email wpcf7-validates-as-required wpcf7-text wpcf7-validates-as-email\" autocomplete=\"email\" aria-required=\"true\" aria-invalid=\"false\" placeholder=\"E-mail address\" value=\"\" type=\"email\" name=\"your-email\" \/><\/span> <\/label>\n\t<\/p>\n<\/div>\n<div class=\"formRow\">\n\t<p><label><br \/>\n<span class=\"wpcf7-form-control-wrap\" data-name=\"Paket\"><select class=\"wpcf7-form-control wpcf7-select wpcf7-validates-as-required\" aria-required=\"true\" aria-invalid=\"false\" name=\"Paket\"><option value=\"Odaberite paket\">Odaberite paket<\/option><option value=\"Paket 1\">Paket 1<\/option><option value=\"Paket 2\">Paket 2<\/option><option value=\"Paket 3\">Paket 3<\/option><\/select><\/span> <\/label>\n\t<\/p>\n<\/div>\n<div data-id=\"Paket1\" data-orig_data_id=\"Paket1\"  class=\"\" data-class=\"wpcf7cf_group\">\n<\/div>\n<div data-id=\"Paket2\" data-orig_data_id=\"Paket2\"  class=\"\" data-class=\"wpcf7cf_group\">\n<\/div>\n<div data-id=\"Paket3\" data-orig_data_id=\"Paket3\"  class=\"\" data-class=\"wpcf7cf_group\">\n<\/div>\n<input class=\"wpcf7-form-control wpcf7-hidden\" value=\"Kupnja paketa\" type=\"hidden\" name=\"your-subject\" \/>\n<p><input class=\"wpcf7-form-control wpcf7-submit has-spinner\" type=\"submit\" value=\"Kupi paket\" \/>\n<\/p><div class=\"wpcf7-response-output\" aria-hidden=\"true\"><\/div>\n<input type=\"hidden\" name=\"trp-form-language\" value=\"en\"\/><\/form>\n<\/div>\n<\/div>\n\t\t\t\t\t\t<\/div>\n\t\t\t\t<\/div>\n\t\t\t\t<\/div>\n\t\t\t\t\t<\/div>\n\t\t\t\t<\/div>\n\t\t\t\t<\/div>","protected":false},"excerpt":{"rendered":"<p>DO\u017dIVITE POSEBNO ISKUSTVO PAKETI PONUDA Kako bismo vam omogu\u0107ili jo\u0161 povoljnije iskustvo, pripremili smo posebne pakete ponude s popustima. Pakete je mogu\u0107e kupiti samo preko web stranice. Ispunite obrazac i podaci za pla\u0107anje \u0107e vam sti\u0107i na mail adresu. Iskoristite ove pogodnosti i istra\u017eite Osijek s nama! PAKET 1 3 ture po cijeni od 18 [&hellip;]<\/p>","protected":false},"author":1,"featured_media":0,"parent":0,"menu_order":0,"comment_status":"closed","ping_status":"closed","template":"elementor_header_footer","meta":{"footnotes":""},"class_list":["post-1003","page","type-page","status-publish","hentry"],"yoast_head":"<!-- This site is optimized with the Yoast SEO plugin v26.5 - https:\/\/yoast.com\/wordpress\/plugins\/seo\/ -->\n<title>Paketi - REACTOR<\/title>\n<meta name=\"robots\" content=\"index, follow, max-snippet:-1, max-image-preview:large, max-video-preview:-1\" \/>\n<link rel=\"canonical\" href=\"https:\/\/reactor.hr\/en\/paketi\/\" \/>\n<meta property=\"og:locale\" content=\"en_US\" \/>\n<meta property=\"og:type\" content=\"article\" \/>\n<meta property=\"og:title\" content=\"Paketi - REACTOR\" \/>\n<meta property=\"og:description\" content=\"DO\u017dIVITE POSEBNO ISKUSTVO PAKETI PONUDA Kako bismo vam omogu\u0107ili jo\u0161 povoljnije iskustvo, pripremili smo posebne pakete ponude s popustima. Pakete je mogu\u0107e kupiti samo preko web stranice. Ispunite obrazac i podaci za pla\u0107anje \u0107e vam sti\u0107i na mail adresu. Iskoristite ove pogodnosti i istra\u017eite Osijek s nama! PAKET 1 3 ture po cijeni od 18 [&hellip;]\" \/>\n<meta property=\"og:url\" content=\"https:\/\/reactor.hr\/en\/paketi\/\" \/>\n<meta property=\"og:site_name\" content=\"REACTOR\" \/>\n<meta property=\"article:publisher\" content=\"https:\/\/web.facebook.com\/artinaobrt\" \/>\n<meta property=\"article:modified_time\" content=\"2025-12-09T10:32:37+00:00\" \/>\n<meta name=\"twitter:card\" content=\"summary_large_image\" \/>\n<meta name=\"twitter:label1\" content=\"Est. reading time\" \/>\n\t<meta name=\"twitter:data1\" content=\"1 minute\" \/>\n<script type=\"application\/ld+json\" class=\"yoast-schema-graph\">{\"@context\":\"https:\/\/schema.org\",\"@graph\":[{\"@type\":\"WebPage\",\"@id\":\"https:\/\/reactor.hr\/paketi\/\",\"url\":\"https:\/\/reactor.hr\/paketi\/\",\"name\":\"Paketi - REACTOR\",\"isPartOf\":{\"@id\":\"https:\/\/reactor.hr\/#website\"},\"datePublished\":\"2024-09-10T21:25:16+00:00\",\"dateModified\":\"2025-12-09T10:32:37+00:00\",\"breadcrumb\":{\"@id\":\"https:\/\/reactor.hr\/paketi\/#breadcrumb\"},\"inLanguage\":\"en-US\",\"potentialAction\":[{\"@type\":\"ReadAction\",\"target\":[\"https:\/\/reactor.hr\/paketi\/\"]}]},{\"@type\":\"BreadcrumbList\",\"@id\":\"https:\/\/reactor.hr\/paketi\/#breadcrumb\",\"itemListElement\":[{\"@type\":\"ListItem\",\"position\":1,\"name\":\"Home\",\"item\":\"https:\/\/reactor.hr\/\"},{\"@type\":\"ListItem\",\"position\":2,\"name\":\"Paketi\"}]},{\"@type\":\"WebSite\",\"@id\":\"https:\/\/reactor.hr\/#website\",\"url\":\"https:\/\/reactor.hr\/\",\"name\":\"REACTOR\",\"description\":\"Osna\u017eivanje i \u0161irenje kulture i turizma, osmi\u0161ljanje kulturno \u2013 turisti\u010dke ponude kroz storytelling\",\"publisher\":{\"@id\":\"https:\/\/reactor.hr\/#organization\"},\"potentialAction\":[{\"@type\":\"SearchAction\",\"target\":{\"@type\":\"EntryPoint\",\"urlTemplate\":\"https:\/\/reactor.hr\/?s={search_term_string}\"},\"query-input\":{\"@type\":\"PropertyValueSpecification\",\"valueRequired\":true,\"valueName\":\"search_term_string\"}}],\"inLanguage\":\"en-US\"},{\"@type\":\"Organization\",\"@id\":\"https:\/\/reactor.hr\/#organization\",\"name\":\"REACTOR\",\"url\":\"https:\/\/reactor.hr\/\",\"logo\":{\"@type\":\"ImageObject\",\"inLanguage\":\"en-US\",\"@id\":\"https:\/\/reactor.hr\/#\/schema\/logo\/image\/\",\"url\":\"https:\/\/reactor.hr\/wp-content\/uploads\/2024\/06\/Logo1.png\",\"contentUrl\":\"https:\/\/reactor.hr\/wp-content\/uploads\/2024\/06\/Logo1.png\",\"width\":2983,\"height\":1259,\"caption\":\"REACTOR\"},\"image\":{\"@id\":\"https:\/\/reactor.hr\/#\/schema\/logo\/image\/\"},\"sameAs\":[\"https:\/\/web.facebook.com\/artinaobrt\",\"https:\/\/www.instagram.com\/reactor_obrt\/\"]}]}<\/script>\n<!-- \/ Yoast SEO plugin. -->","yoast_head_json":{"title":"Paketi - REACTOR","robots":{"index":"index","follow":"follow","max-snippet":"max-snippet:-1","max-image-preview":"max-image-preview:large","max-video-preview":"max-video-preview:-1"},"canonical":"https:\/\/reactor.hr\/en\/paketi\/","og_locale":"en_US","og_type":"article","og_title":"Paketi - REACTOR","og_description":"DO\u017dIVITE POSEBNO ISKUSTVO PAKETI PONUDA Kako bismo vam omogu\u0107ili jo\u0161 povoljnije iskustvo, pripremili smo posebne pakete ponude s popustima. Pakete je mogu\u0107e kupiti samo preko web stranice. Ispunite obrazac i podaci za pla\u0107anje \u0107e vam sti\u0107i na mail adresu. Iskoristite ove pogodnosti i istra\u017eite Osijek s nama! PAKET 1 3 ture po cijeni od 18 [&hellip;]","og_url":"https:\/\/reactor.hr\/en\/paketi\/","og_site_name":"REACTOR","article_publisher":"https:\/\/web.facebook.com\/artinaobrt","article_modified_time":"2025-12-09T10:32:37+00:00","twitter_card":"summary_large_image","twitter_misc":{"Est. reading time":"1 minute"},"schema":{"@context":"https:\/\/schema.org","@graph":[{"@type":"WebPage","@id":"https:\/\/reactor.hr\/paketi\/","url":"https:\/\/reactor.hr\/paketi\/","name":"Paketi - REACTOR","isPartOf":{"@id":"https:\/\/reactor.hr\/#website"},"datePublished":"2024-09-10T21:25:16+00:00","dateModified":"2025-12-09T10:32:37+00:00","breadcrumb":{"@id":"https:\/\/reactor.hr\/paketi\/#breadcrumb"},"inLanguage":"en-US","potentialAction":[{"@type":"ReadAction","target":["https:\/\/reactor.hr\/paketi\/"]}]},{"@type":"BreadcrumbList","@id":"https:\/\/reactor.hr\/paketi\/#breadcrumb","itemListElement":[{"@type":"ListItem","position":1,"name":"Home","item":"https:\/\/reactor.hr\/"},{"@type":"ListItem","position":2,"name":"Paketi"}]},{"@type":"WebSite","@id":"https:\/\/reactor.hr\/#website","url":"https:\/\/reactor.hr\/","name":"REACTOR","description":"Osna\u017eivanje i \u0161irenje kulture i turizma, osmi\u0161ljanje kulturno \u2013 turisti\u010dke ponude kroz storytelling","publisher":{"@id":"https:\/\/reactor.hr\/#organization"},"potentialAction":[{"@type":"SearchAction","target":{"@type":"EntryPoint","urlTemplate":"https:\/\/reactor.hr\/?s={search_term_string}"},"query-input":{"@type":"PropertyValueSpecification","valueRequired":true,"valueName":"search_term_string"}}],"inLanguage":"en-US"},{"@type":"Organization","@id":"https:\/\/reactor.hr\/#organization","name":"REACTOR","url":"https:\/\/reactor.hr\/","logo":{"@type":"ImageObject","inLanguage":"en-US","@id":"https:\/\/reactor.hr\/#\/schema\/logo\/image\/","url":"https:\/\/reactor.hr\/wp-content\/uploads\/2024\/06\/Logo1.png","contentUrl":"https:\/\/reactor.hr\/wp-content\/uploads\/2024\/06\/Logo1.png","width":2983,"height":1259,"caption":"REACTOR"},"image":{"@id":"https:\/\/reactor.hr\/#\/schema\/logo\/image\/"},"sameAs":["https:\/\/web.facebook.com\/artinaobrt","https:\/\/www.instagram.com\/reactor_obrt\/"]}]}},"_links":{"self":[{"href":"https:\/\/reactor.hr\/en\/wp-json\/wp\/v2\/pages\/1003","targetHints":{"allow":["GET"]}}],"collection":[{"href":"https:\/\/reactor.hr\/en\/wp-json\/wp\/v2\/pages"}],"about":[{"href":"https:\/\/reactor.hr\/en\/wp-json\/wp\/v2\/types\/page"}],"author":[{"embeddable":true,"href":"https:\/\/reactor.hr\/en\/wp-json\/wp\/v2\/users\/1"}],"replies":[{"embeddable":true,"href":"https:\/\/reactor.hr\/en\/wp-json\/wp\/v2\/comments?post=1003"}],"version-history":[{"count":11,"href":"https:\/\/reactor.hr\/en\/wp-json\/wp\/v2\/pages\/1003\/revisions"}],"predecessor-version":[{"id":2056,"href":"https:\/\/reactor.hr\/en\/wp-json\/wp\/v2\/pages\/1003\/revisions\/2056"}],"wp:attachment":[{"href":"https:\/\/reactor.hr\/en\/wp-json\/wp\/v2\/media?parent=1003"}],"curies":[{"name":"wp","href":"https:\/\/api.w.org\/{rel}","templated":true}]}}